{"id":7081,"date":"2018-04-26T16:14:42","date_gmt":"2018-04-26T15:14:42","guid":{"rendered":"http:\/\/new.cooltra.com\/condiciones-de-alquiler\/"},"modified":"2023-05-31T15:19:54","modified_gmt":"2023-05-31T14:19:54","slug":"condiciones-de-alquiler","status":"publish","type":"page","link":"https:\/\/test2023.cooltra.com\/pt\/condicoes-aluguer-scooter\/","title":{"rendered":"Condi\u00e7\u00f5es de Aluguer"},"content":{"rendered":"<div>\n<p>Para alugar uma mota com a Cooltra deve ter uma <strong>carta de condu\u00e7\u00e3o v\u00e1lida<\/strong> para o ve\u00edculo que quer alugar e que esteja de acordo com as normas do pa\u00eds. Os requisitos m\u00ednimos para os nossos pontos de aluguer em Espanha, It\u00e1lia, Fran\u00e7a e Portugal est\u00e3o identificados na tabela abaixo:<\/p>\n<p>&nbsp;<\/p>\n<table border=\"1\" cellspacing=\"0\" cellpadding=\"0\">\n<tbody>\n<tr>\n<td><\/td>\n<td><strong>Mota 50cc<\/strong><\/td>\n<td><strong>Mota 125cc<\/strong><\/td>\n<td><strong>Mota 3-ruedas<\/strong><\/td>\n<td><strong>Mota 400cc<\/strong><\/td>\n<td><strong>Mota +400cc<\/strong><\/td>\n<td><strong>QUAD<\/strong><\/td>\n<\/tr>\n<tr>\n<td>Espanha*<\/td>\n<td>Min. 18 anos, carta B\/AM, B (mais de um 1 ano)<\/td>\n<td>Min. 18 anos, A1\/A ou Min. 21 anos e + de 3 anos de experi\u00eancia com carta B<\/td>\n<td>Min. 18 anos, A1\/A ou + de 3 anos de experi\u00eancia com B<\/td>\n<td>Min. 18 anos ou carta de condu\u00e7\u00e3o A ou A2<\/td>\n<td>Min. 21 anos ou carta de condu\u00e7\u00e3o A<\/td>\n<td>Min. 21 anos ou carta de condu\u00e7\u00e3o B com +de 3 anos de experi\u00eancia<\/td>\n<\/tr>\n<tr>\n<td>It\u00e1lia<\/td>\n<td>Min. 18 anos carta de B\/AM<\/td>\n<td>Min. 18 anos, carta de condu\u00e7\u00e3o A1 (max 11KW) ou A2 (max 35KW) ou A ou B (max 11KW)<\/td>\n<td>Min. 18 anos, A1\/A ou + de 3 anos de experi\u00eancia com B<\/td>\n<td>Min. 21 anos ou carta de condu\u00e7\u00e3o A ou A2<\/td>\n<td>Min. 21 anos ou carta de condu\u00e7\u00e3o A<\/td>\n<td>&#8211;<\/td>\n<\/tr>\n<tr>\n<td>Francia<\/td>\n<td>Min. 18 anos, carta de B\/AM<\/td>\n<td>Min 20 anos\u00a0ou carta de condu\u00e7\u00e3o A<\/td>\n<td>Min 20 anos ou carta de condu\u00e7\u00e3o A<\/td>\n<td>Min. 20 anos ou carta de condu\u00e7\u00e3o A<\/td>\n<td>Min. 21 anos ou carta de condu\u00e7\u00e3o A<\/td>\n<td>&#8211;<\/td>\n<\/tr>\n<tr>\n<td>Portugal<\/td>\n<td>Min. 18 anos, carta de condu\u00e7\u00e3o B\/AM<\/td>\n<td>Carta de condu\u00e7\u00e3o A1\/A ou + de 25 anos + B<\/td>\n<td>Carta de condu\u00e7\u00e3o A1\/A ou 25+ anos + B<\/td>\n<td>Carta de condu\u00e7\u00e3o A ou A2<\/td>\n<td>Min. 21 anos ou carta de condu\u00e7\u00e3o A<\/td>\n<td>&#8211;<\/td>\n<\/tr>\n<\/tbody>\n<\/table>\n<p><strong>\u00a0<\/strong><\/p>\n<p><em>* Nota: Se a sua carta de condu\u00e7\u00e3o n\u00e3o for de um pa\u00eds da Uni\u00e3o Econ\u00f3mica Europ\u00e9ia ou de um pa\u00eds sem acordo de conveni\u00eancia com a Espanha (ou outros pa\u00edses nos quais a Cooltra esteja presente), ter\u00e1 de ter uma carta de condu\u00e7\u00e3o internacional. Da mesma forma, os documentos v\u00e1lidos s\u00e3o regulados pela lei do pa\u00eds onde est\u00e1 a conduzir, e n\u00e3o pelo pa\u00eds de origem do documento.<\/em><\/p>\n<p>&nbsp;<\/p>\n<p>Al\u00e9m disso, \u00e9 necess\u00e1rio <strong>deixar um dep\u00f3sito<\/strong> de 150\u20ac para alugueres de modelo standard, 300\u20ac para alugueres modelo Plus, 750\u20ac para modelos Premium\u00a0e 1500\u20ac para modelos Super Premium em cart\u00e3o de cr\u00e9dito, que devolvemos no final do aluguer. O recebimento real do dep\u00f3sito pode levar alguns dias, dependendo do banco ou do pa\u00eds do cliente<strong>.<\/strong><\/p>\n<p>&nbsp;<\/p>\n<p><strong>Todas as nossas motas incluem um capacete, seguro contra todos os riscos com franquia de 600\u20ac a 4000\u20ac (dependendo do tipo scooter\/mota) e assist\u00eancia em viagem<\/strong>. Tamb\u00e9m poder\u00e1 adicionar um capacete extra, redu\u00e7\u00e3o da franquia ou servi\u00e7o de entrega da sua mota no hotel. Durante a reserva pode consultar todos os extras que cada loja disp\u00f5e.<\/p>\n<p>&nbsp;<\/p>\n<p>A nossa <strong>pol\u00edtica de cancelamento<\/strong> de reservas \u00e9 a seguinte:<\/p>\n<\/div>\n<div>\n<ul style=\"list-style-type: disc;\">\n<li>Se o cancelamento for feito com um aviso de mais de 48 horas do d\u00eda da entrega, 100% do valor pago na reserva a ser cancelada ser\u00e1 reembolsado.<\/li>\n<li>N\u00e3o s\u00e3o permitidos reembolsos para pr\u00e9-avisos menores que 48 horas, neste caso n\u00e3o haver\u00e1 qualquer reembolso.<\/li>\n<li>A Cooltra n\u00e3o \u00e9 respons\u00e1vel pelas condi\u00e7\u00f5es meteorol\u00f3gicas.<\/li>\n<li>A Cooltra n\u00e3o garante a entrega de scooters premium com reservas feitas com 1 hora de anteced\u00eancia.<\/li>\n<\/ul>\n<\/div>\n<p>&nbsp;<\/p>\n<p>&nbsp;<\/p>\n<h2>CONDI\u00c7\u00d5ES GERAIS DE ALUGUER &#8211; CONTRATO DE ARRENDAMENTO<\/h2>\n<p>A seguir poder\u00e1s fazer o download das condi\u00e7\u00f5es gerais de aluguer em PDF:<\/p>\n<div>\n<p>&nbsp;<\/p>\n<p><strong>ESPA\u00d1A<\/strong><\/p>\n<\/div>\n<div>\n<ul style=\"list-style-type: disc;\">\n<li>CONDICIONES GENERALES DE ALQUILER &#8211; ESPA\u00d1A (<a href=\"https:\/\/cdn.cooltra.com\/uploads\/2019\/04\/cooltra_condiciones_generales_alquiler_es.pdf\" target=\"_blank\" rel=\"noopener\">pdf<\/a>)<\/li>\n<li>GENERAL RENTAL CONDITIONS &#8211; SPAIN (<a href=\"https:\/\/cdn.cooltra.com\/uploads\/2019\/04\/cooltra_general_rental_conditions_en-es.pdf\" target=\"_blank\" rel=\"noopener\">pdf<\/a>)<\/li>\n<\/ul>\n<p><strong>ITALIA<\/strong><\/p>\n<ul style=\"list-style-type: disc;\">\n<li>CONDIZIONI GENERALI DI NOLEGGIO &#8211; ITALIA (<a href=\"https:\/\/cdn.cooltra.com\/uploads\/2019\/04\/cooltra_condizioni-generali-noleggio-it.pdf\" target=\"_blank\" rel=\"noopener\">pdf<\/a>)<\/li>\n<li>CONDIZIONI GENERALI DI NOLEGGIO &#8211; Cooltra Partner Napoli (<a href=\"https:\/\/cdn.cooltra.com\/uploads\/2023\/05\/TC-GIORNALIERO_MENSILE-1.pdf\">pdf<\/a>)<\/li>\n<li>CONDIZIONI GENERALI DI NOLEGGIO &#8211; Cooltra Partner Vieste (<a href=\"https:\/\/cdn.cooltra.com\/uploads\/2023\/05\/TC-GIORNALIERO-Vieste-1.pdf\">pdf<\/a>)<\/li>\n<li>CONDIZIONI GENERALI DI NOLEGGIO &#8211; Cooltra Partner Salerno (<a href=\"https:\/\/cdn.cooltra.com\/uploads\/2023\/05\/termini-e-condizioni-COOLTRA.pdf\">pdf<\/a>)<\/li>\n<li>GENERAL RENTAL CONDITIONS &#8211; ITALY (<a href=\"https:\/\/cdn.cooltra.com\/uploads\/2019\/04\/cooltra_general_rental_conditions_en-it.pdf\" target=\"_blank\" rel=\"noopener\">pdf<\/a>)<\/li>\n<\/ul>\n<p><strong>FRANCIA<\/strong><\/p>\n<ul style=\"list-style-type: disc;\">\n<li>CONDITIONS G\u00c9N\u00c9RALES DE LOCATION &#8211; FRANCE (<a href=\"https:\/\/cdn.cooltra.com\/uploads\/2019\/04\/cooltra_conditions-generales-location-fr.pdf\" target=\"_blank\" rel=\"noopener\">pdf<\/a>)<\/li>\n<li>GENERAL RENTAL CONDITIONS &#8211; FRANCE (<a href=\"https:\/\/cdn.cooltra.com\/uploads\/2019\/04\/cooltra_general_rental_conditions_en-fr.pdf\" target=\"_blank\" rel=\"noopener\">pdf<\/a>)<\/li>\n<\/ul>\n<p><strong>PORTUGAL<\/strong><\/p>\n<ul style=\"list-style-type: disc;\">\n<li>CONDI\u00c7\u00d5ES GERAIS DE ALUGUER &#8211; PORTUGAL (<a href=\"https:\/\/cdn.cooltra.com\/uploads\/2019\/04\/cooltra_condicoes_gerais_aluguer-pt.pdf\" target=\"_blank\" rel=\"noopener\">pdf<\/a>)<\/li>\n<li>GENERAL RENTAL CONDITIONS &#8211; PORTUGAL (<a href=\"https:\/\/cdn.cooltra.com\/uploads\/2019\/04\/cooltra_general_rental_conditions_en-pt.pdf\" target=\"_blank\" rel=\"noopener\">pdf<\/a>)<\/li>\n<\/ul>\n<\/div>\n<div><\/div>\n<div>\n<p><strong>Tabela de penalidades<\/strong><\/p>\n<p>Consulte <a href=\"https:\/\/cdn.cooltra.com\/uploads\/2023\/04\/Listado-de-Penalizaciones-2023_PORTUGAL.pdf\">aqui<\/a> os pre\u00e7os relativos a poss\u00edveis penaliza\u00e7\u00f5es.<\/p>\n<\/div>\n","protected":false},"excerpt":{"rendered":"<p>Para alugar uma mota com a Cooltra deve ter uma carta de condu\u00e7\u00e3o v\u00e1lida para o ve\u00edculo que quer alugar e que esteja de acordo com as normas do pa\u00eds. Os requisitos m\u00ednimos para os nossos pontos de aluguer em Espanha, It\u00e1lia, Fran\u00e7a e Portugal est\u00e3o identificados na tabela abaixo: &nbsp; Mota 50cc Mota 125cc [&hellip;]<\/p>\n","protected":false},"author":2,"featured_media":0,"parent":0,"menu_order":0,"comment_status":"closed","ping_status":"closed","template":"","meta":{"inline_featured_image":false},"yoast_head":"<!-- This site is optimized with the Yoast SEO plugin v20.9 - https:\/\/yoast.com\/wordpress\/plugins\/seo\/ -->\n<title>Condiciones de Alquiler | Cooltra.com<\/title>\n<meta name=\"description\" content=\"Condiciones de alquiler para la empresa de alquiler de motos Cooltra\" \/>\n<meta name=\"robots\" content=\"noindex, follow\" \/>\n<meta property=\"og:locale\" content=\"pt_PT\" \/>\n<meta property=\"og:type\" content=\"article\" \/>\n<meta property=\"og:title\" content=\"Condiciones de Alquiler | Cooltra.com\" \/>\n<meta property=\"og:description\" content=\"Condiciones de alquiler para la empresa de alquiler de motos Cooltra\" \/>\n<meta property=\"og:url\" content=\"https:\/\/test2023.cooltra.com\/pt\/condicoes-aluguer-scooter\/\" \/>\n<meta property=\"og:site_name\" content=\"Cooltra\" \/>\n<meta property=\"article:publisher\" content=\"https:\/\/www.facebook.com\/CooltraMotos\/\" \/>\n<meta property=\"article:modified_time\" content=\"2023-05-31T14:19:54+00:00\" \/>\n<meta property=\"og:image\" content=\"https:\/\/cdn.cooltra.com\/uploads\/2018\/04\/cooltra-alquiler-de-motos-y-scooter-de-gasolina-y-electricas.png\" \/>\n\t<meta property=\"og:image:width\" content=\"2000\" \/>\n\t<meta property=\"og:image:height\" content=\"510\" \/>\n\t<meta property=\"og:image:type\" content=\"image\/png\" \/>\n<meta name=\"twitter:card\" content=\"summary_large_image\" \/>\n<meta name=\"twitter:site\" content=\"@cooltra\" \/>\n<meta name=\"twitter:label1\" content=\"Est. reading time\" \/>\n\t<meta name=\"twitter:data1\" content=\"3 minutes\" \/>\n<script type=\"application\/ld+json\" class=\"yoast-schema-graph\">{\"@context\":\"https:\/\/schema.org\",\"@graph\":[{\"@type\":\"WebPage\",\"@id\":\"https:\/\/test2023.cooltra.com\/pt\/condicoes-aluguer-scooter\/\",\"url\":\"https:\/\/test2023.cooltra.com\/pt\/condicoes-aluguer-scooter\/\",\"name\":\"Condiciones de Alquiler | Cooltra.com\",\"isPartOf\":{\"@id\":\"https:\/\/test2023.cooltra.com\/es\/#website\"},\"datePublished\":\"2018-04-26T15:14:42+00:00\",\"dateModified\":\"2023-05-31T14:19:54+00:00\",\"description\":\"Condiciones de alquiler para la empresa de alquiler de motos Cooltra\",\"inLanguage\":\"pt\",\"potentialAction\":[{\"@type\":\"ReadAction\",\"target\":[\"https:\/\/test2023.cooltra.com\/pt\/condicoes-aluguer-scooter\/\"]}]},{\"@type\":\"WebSite\",\"@id\":\"https:\/\/test2023.cooltra.com\/es\/#website\",\"url\":\"https:\/\/test2023.cooltra.com\/es\/\",\"name\":\"Cooltra\",\"description\":\"Alquiler de motos y scooters de gasolina y el\u00e9ctricas\",\"potentialAction\":[{\"@type\":\"SearchAction\",\"target\":{\"@type\":\"EntryPoint\",\"urlTemplate\":\"https:\/\/test2023.cooltra.com\/es\/?s={search_term_string}\"},\"query-input\":\"required name=search_term_string\"}],\"inLanguage\":\"pt\"}]}<\/script>\n<!-- \/ Yoast SEO plugin. -->","yoast_head_json":{"title":"Condiciones de Alquiler | Cooltra.com","description":"Condiciones de alquiler para la empresa de alquiler de motos Cooltra","robots":{"index":"noindex","follow":"follow"},"og_locale":"pt_PT","og_type":"article","og_title":"Condiciones de Alquiler | Cooltra.com","og_description":"Condiciones de alquiler para la empresa de alquiler de motos Cooltra","og_url":"https:\/\/test2023.cooltra.com\/pt\/condicoes-aluguer-scooter\/","og_site_name":"Cooltra","article_publisher":"https:\/\/www.facebook.com\/CooltraMotos\/","article_modified_time":"2023-05-31T14:19:54+00:00","og_image":[{"width":2000,"height":510,"url":"https:\/\/cdn.cooltra.com\/uploads\/2018\/04\/cooltra-alquiler-de-motos-y-scooter-de-gasolina-y-electricas.png","type":"image\/png"}],"twitter_card":"summary_large_image","twitter_site":"@cooltra","twitter_misc":{"Est. reading time":"3 minutes"},"schema":{"@context":"https:\/\/schema.org","@graph":[{"@type":"WebPage","@id":"https:\/\/test2023.cooltra.com\/pt\/condicoes-aluguer-scooter\/","url":"https:\/\/test2023.cooltra.com\/pt\/condicoes-aluguer-scooter\/","name":"Condiciones de Alquiler | Cooltra.com","isPartOf":{"@id":"https:\/\/test2023.cooltra.com\/es\/#website"},"datePublished":"2018-04-26T15:14:42+00:00","dateModified":"2023-05-31T14:19:54+00:00","description":"Condiciones de alquiler para la empresa de alquiler de motos Cooltra","inLanguage":"pt","potentialAction":[{"@type":"ReadAction","target":["https:\/\/test2023.cooltra.com\/pt\/condicoes-aluguer-scooter\/"]}]},{"@type":"WebSite","@id":"https:\/\/test2023.cooltra.com\/es\/#website","url":"https:\/\/test2023.cooltra.com\/es\/","name":"Cooltra","description":"Alquiler de motos y scooters de gasolina y el\u00e9ctricas","potentialAction":[{"@type":"SearchAction","target":{"@type":"EntryPoint","urlTemplate":"https:\/\/test2023.cooltra.com\/es\/?s={search_term_string}"},"query-input":"required name=search_term_string"}],"inLanguage":"pt"}]}},"_links":{"self":[{"href":"https:\/\/test2023.cooltra.com\/pt\/wp-json\/wp\/v2\/pages\/7081"}],"collection":[{"href":"https:\/\/test2023.cooltra.com\/pt\/wp-json\/wp\/v2\/pages"}],"about":[{"href":"https:\/\/test2023.cooltra.com\/pt\/wp-json\/wp\/v2\/types\/page"}],"author":[{"embeddable":true,"href":"https:\/\/test2023.cooltra.com\/pt\/wp-json\/wp\/v2\/users\/2"}],"replies":[{"embeddable":true,"href":"https:\/\/test2023.cooltra.com\/pt\/wp-json\/wp\/v2\/comments?post=7081"}],"version-history":[{"count":0,"href":"https:\/\/test2023.cooltra.com\/pt\/wp-json\/wp\/v2\/pages\/7081\/revisions"}],"wp:attachment":[{"href":"https:\/\/test2023.cooltra.com\/pt\/wp-json\/wp\/v2\/media?parent=7081"}],"curies":[{"name":"wp","href":"https:\/\/api.w.org\/{rel}","templated":true}]}}