{"id":31114,"date":"2021-01-28T15:31:01","date_gmt":"2021-01-28T14:31:01","guid":{"rendered":"https:\/\/bruce.cooltra.com\/contacto\/"},"modified":"2025-02-19T15:27:25","modified_gmt":"2025-02-19T14:27:25","slug":"contacto","status":"publish","type":"page","link":"https:\/\/test2023.cooltra.com\/pt\/contato\/","title":{"rendered":"Contato"},"content":{"rendered":"<p><span style=\"font-weight: 400;\">A maioria das perguntas s\u00e3o respondidas na p\u00e1gina das perguntas mais frequentes. Para ganhar tempo, d\u00ea uma vista de olhos \u00e0 sec\u00e7\u00e3o antes de preencher o formul\u00e1rio.<\/span><\/p>\n<p style=\"text-align: center;\"><span style=\"font-weight: 400;\"><a href=\"https:\/\/cooltra.com\/pt\/aluguel-por-minuto-horas\/ajuda\/\">Perguntas para o Aluguer Minuto<\/a> | <a href=\"https:\/\/cooltra.com\/pt\/faq\/\">Perguntas para o Aluguer Di\u00e1rio<\/a> | <a href=\"https:\/\/renting.cooltra.com\/pt\/pt\/faqs\">Perguntas para o Aluguer Mensal <\/a><\/span><\/p>\n","protected":false},"excerpt":{"rendered":"<p>A maioria das perguntas s\u00e3o respondidas na p\u00e1gina das perguntas mais frequentes. Para ganhar tempo, d\u00ea uma vista de olhos \u00e0 sec\u00e7\u00e3o antes de preencher o formul\u00e1rio. Perguntas para o Aluguer Minuto | Perguntas para o Aluguer Di\u00e1rio | Perguntas para o Aluguer Mensal<\/p>\n","protected":false},"author":20,"featured_media":0,"parent":0,"menu_order":0,"comment_status":"closed","ping_status":"closed","template":"page-contact.blade.php","meta":{"inline_featured_image":false},"yoast_head":"<!-- This site is optimized with the Yoast SEO plugin v20.9 - https:\/\/yoast.com\/wordpress\/plugins\/seo\/ -->\n<title>Contato - Cooltra<\/title>\n<meta name=\"robots\" content=\"noindex, follow\" \/>\n<meta property=\"og:locale\" content=\"pt_PT\" \/>\n<meta property=\"og:type\" content=\"article\" \/>\n<meta property=\"og:title\" content=\"Contato - Cooltra\" \/>\n<meta property=\"og:description\" content=\"A maioria das perguntas s\u00e3o respondidas na p\u00e1gina das perguntas mais frequentes. Para ganhar tempo, d\u00ea uma vista de olhos \u00e0 sec\u00e7\u00e3o antes de preencher o formul\u00e1rio. Perguntas para o Aluguer Minuto | Perguntas para o Aluguer Di\u00e1rio | Perguntas para o Aluguer Mensal\" \/>\n<meta property=\"og:url\" content=\"https:\/\/test2023.cooltra.com\/pt\/contato\/\" \/>\n<meta property=\"og:site_name\" content=\"Cooltra\" \/>\n<meta property=\"article:publisher\" content=\"https:\/\/www.facebook.com\/CooltraMotos\/\" \/>\n<meta property=\"article:modified_time\" content=\"2025-02-19T14:27:25+00:00\" \/>\n<meta property=\"og:image\" content=\"https:\/\/cdn.cooltra.com\/uploads\/2018\/04\/cooltra-alquiler-de-motos-y-scooter-de-gasolina-y-electricas.png\" \/>\n\t<meta property=\"og:image:width\" content=\"2000\" \/>\n\t<meta property=\"og:image:height\" content=\"510\" \/>\n\t<meta property=\"og:image:type\" content=\"image\/png\" \/>\n<meta name=\"twitter:card\" content=\"summary_large_image\" \/>\n<meta name=\"twitter:site\" content=\"@cooltra\" \/>\n<meta name=\"twitter:label1\" content=\"Est. reading time\" \/>\n\t<meta name=\"twitter:data1\" content=\"1 minute\" \/>\n<script type=\"application\/ld+json\" class=\"yoast-schema-graph\">{\"@context\":\"https:\/\/schema.org\",\"@graph\":[{\"@type\":\"WebPage\",\"@id\":\"https:\/\/test2023.cooltra.com\/pt\/contato\/\",\"url\":\"https:\/\/test2023.cooltra.com\/pt\/contato\/\",\"name\":\"Contato - Cooltra\",\"isPartOf\":{\"@id\":\"https:\/\/test2023.cooltra.com\/es\/#website\"},\"datePublished\":\"2021-01-28T14:31:01+00:00\",\"dateModified\":\"2025-02-19T14:27:25+00:00\",\"inLanguage\":\"pt\",\"potentialAction\":[{\"@type\":\"ReadAction\",\"target\":[\"https:\/\/test2023.cooltra.com\/pt\/contato\/\"]}]},{\"@type\":\"WebSite\",\"@id\":\"https:\/\/test2023.cooltra.com\/es\/#website\",\"url\":\"https:\/\/test2023.cooltra.com\/es\/\",\"name\":\"Cooltra\",\"description\":\"Alquiler de motos y scooters de gasolina y el\u00e9ctricas\",\"potentialAction\":[{\"@type\":\"SearchAction\",\"target\":{\"@type\":\"EntryPoint\",\"urlTemplate\":\"https:\/\/test2023.cooltra.com\/es\/?s={search_term_string}\"},\"query-input\":\"required name=search_term_string\"}],\"inLanguage\":\"pt\"}]}<\/script>\n<!-- \/ Yoast SEO plugin. -->","yoast_head_json":{"title":"Contato - Cooltra","robots":{"index":"noindex","follow":"follow"},"og_locale":"pt_PT","og_type":"article","og_title":"Contato - Cooltra","og_description":"A maioria das perguntas s\u00e3o respondidas na p\u00e1gina das perguntas mais frequentes. Para ganhar tempo, d\u00ea uma vista de olhos \u00e0 sec\u00e7\u00e3o antes de preencher o formul\u00e1rio. Perguntas para o Aluguer Minuto | Perguntas para o Aluguer Di\u00e1rio | Perguntas para o Aluguer Mensal","og_url":"https:\/\/test2023.cooltra.com\/pt\/contato\/","og_site_name":"Cooltra","article_publisher":"https:\/\/www.facebook.com\/CooltraMotos\/","article_modified_time":"2025-02-19T14:27:25+00:00","og_image":[{"width":2000,"height":510,"url":"https:\/\/cdn.cooltra.com\/uploads\/2018\/04\/cooltra-alquiler-de-motos-y-scooter-de-gasolina-y-electricas.png","type":"image\/png"}],"twitter_card":"summary_large_image","twitter_site":"@cooltra","twitter_misc":{"Est. reading time":"1 minute"},"schema":{"@context":"https:\/\/schema.org","@graph":[{"@type":"WebPage","@id":"https:\/\/test2023.cooltra.com\/pt\/contato\/","url":"https:\/\/test2023.cooltra.com\/pt\/contato\/","name":"Contato - Cooltra","isPartOf":{"@id":"https:\/\/test2023.cooltra.com\/es\/#website"},"datePublished":"2021-01-28T14:31:01+00:00","dateModified":"2025-02-19T14:27:25+00:00","inLanguage":"pt","potentialAction":[{"@type":"ReadAction","target":["https:\/\/test2023.cooltra.com\/pt\/contato\/"]}]},{"@type":"WebSite","@id":"https:\/\/test2023.cooltra.com\/es\/#website","url":"https:\/\/test2023.cooltra.com\/es\/","name":"Cooltra","description":"Alquiler de motos y scooters de gasolina y el\u00e9ctricas","potentialAction":[{"@type":"SearchAction","target":{"@type":"EntryPoint","urlTemplate":"https:\/\/test2023.cooltra.com\/es\/?s={search_term_string}"},"query-input":"required name=search_term_string"}],"inLanguage":"pt"}]}},"_links":{"self":[{"href":"https:\/\/test2023.cooltra.com\/pt\/wp-json\/wp\/v2\/pages\/31114"}],"collection":[{"href":"https:\/\/test2023.cooltra.com\/pt\/wp-json\/wp\/v2\/pages"}],"about":[{"href":"https:\/\/test2023.cooltra.com\/pt\/wp-json\/wp\/v2\/types\/page"}],"author":[{"embeddable":true,"href":"https:\/\/test2023.cooltra.com\/pt\/wp-json\/wp\/v2\/users\/20"}],"replies":[{"embeddable":true,"href":"https:\/\/test2023.cooltra.com\/pt\/wp-json\/wp\/v2\/comments?post=31114"}],"version-history":[{"count":2,"href":"https:\/\/test2023.cooltra.com\/pt\/wp-json\/wp\/v2\/pages\/31114\/revisions"}],"predecessor-version":[{"id":79326,"href":"https:\/\/test2023.cooltra.com\/pt\/wp-json\/wp\/v2\/pages\/31114\/revisions\/79326"}],"wp:attachment":[{"href":"https:\/\/test2023.cooltra.com\/pt\/wp-json\/wp\/v2\/media?parent=31114"}],"curies":[{"name":"wp","href":"https:\/\/api.w.org\/{rel}","templated":true}]}}