{"id":31046,"date":"2021-03-08T09:28:05","date_gmt":"2021-03-08T08:28:05","guid":{"rendered":"https:\/\/bruce.cooltra.com\/nuestra-historia\/"},"modified":"2023-05-03T11:33:41","modified_gmt":"2023-05-03T10:33:41","slug":"nuestra-historia","status":"publish","type":"page","link":"https:\/\/test2023.cooltra.com\/pt\/a-nossa-historia\/","title":{"rendered":"A nossa hist\u00f3ria"},"content":{"rendered":"<p><span style=\"font-weight: 400;\">Cooltra nasceu em 2006 em Barcelona como resposta a uma necessidade. Timo Buetefisch, CEO da empresa, percebeu quando um dia deixou sua scooter numa oficina que n\u00e3o existia um servi\u00e7o de aluguer por dias. Foi com uma loja com 50 scooters que a Cooltra come\u00e7ou e, com o passar do tempo e perseveran\u00e7a, tornou-se uma empresa da confian\u00e7a de particulares, empresas e da administra\u00e7\u00e3o p\u00fablica.<\/span><\/p>\n<p>&nbsp;<\/p>\n<p><span style=\"font-weight: 400;\">Ao longo destes anos, a Cooltra tem promovido diferentes linhas de neg\u00f3cios. Cooltra sharing, o maior scootersharing da Europa, com presen\u00e7a em 9 cidades (Barcelona, \u200b\u200bMadrid, Val\u00eancia, Sevilha, Roma, Mil\u00e3o, Turim, Lisboa e Paris), e que em 2020 incorporou o servi\u00e7o de bicicletas partilhadas em Barcelona.<\/span><\/p>\n<p>&nbsp;<\/p>\n<p><span style=\"font-weight: 400;\">O Grupo Cooltra, em suas dois linhas de neg\u00f3cios, possui uma frota de 20.000 scooters \u2013 75% das quais s\u00e3o el\u00e9tricas &#8211; mais de 600 bicicletas el\u00e9tricas e 400 colaboradores espalhados por 7 pa\u00edses que trabalham diariamente para oferecer o melhor servi\u00e7o, sejam quais forem as necessidades dos clientes.<\/span><\/p>\n","protected":false},"excerpt":{"rendered":"<p>Cooltra nasceu em 2006 em Barcelona como resposta a uma necessidade. Timo Buetefisch, CEO da empresa, percebeu quando um dia deixou sua scooter numa oficina que n\u00e3o existia um servi\u00e7o de aluguer por dias. Foi com uma loja com 50 scooters que a Cooltra come\u00e7ou e, com o passar do tempo e perseveran\u00e7a, tornou-se uma [&hellip;]<\/p>\n","protected":false},"author":20,"featured_media":0,"parent":0,"menu_order":0,"comment_status":"closed","ping_status":"closed","template":"page-img.php","meta":{"inline_featured_image":false},"yoast_head":"<!-- This site is optimized with the Yoast SEO plugin v20.9 - https:\/\/yoast.com\/wordpress\/plugins\/seo\/ -->\n<title>A nossa hist\u00f3ria - Cooltra<\/title>\n<meta name=\"robots\" content=\"noindex, follow\" \/>\n<meta property=\"og:locale\" content=\"pt_PT\" \/>\n<meta property=\"og:type\" content=\"article\" \/>\n<meta property=\"og:title\" content=\"A nossa hist\u00f3ria - Cooltra\" \/>\n<meta property=\"og:description\" content=\"Cooltra nasceu em 2006 em Barcelona como resposta a uma necessidade. Timo Buetefisch, CEO da empresa, percebeu quando um dia deixou sua scooter numa oficina que n\u00e3o existia um servi\u00e7o de aluguer por dias. Foi com uma loja com 50 scooters que a Cooltra come\u00e7ou e, com o passar do tempo e perseveran\u00e7a, tornou-se uma [&hellip;]\" \/>\n<meta property=\"og:url\" content=\"https:\/\/test2023.cooltra.com\/pt\/a-nossa-historia\/\" \/>\n<meta property=\"og:site_name\" content=\"Cooltra\" \/>\n<meta property=\"article:publisher\" content=\"https:\/\/www.facebook.com\/CooltraMotos\/\" \/>\n<meta property=\"article:modified_time\" content=\"2023-05-03T10:33:41+00:00\" \/>\n<meta property=\"og:image\" content=\"https:\/\/cdn.cooltra.com\/uploads\/2018\/04\/cooltra-alquiler-de-motos-y-scooter-de-gasolina-y-electricas.png\" \/>\n\t<meta property=\"og:image:width\" content=\"2000\" \/>\n\t<meta property=\"og:image:height\" content=\"510\" \/>\n\t<meta property=\"og:image:type\" content=\"image\/png\" \/>\n<meta name=\"twitter:card\" content=\"summary_large_image\" \/>\n<meta name=\"twitter:site\" content=\"@cooltra\" \/>\n<meta name=\"twitter:label1\" content=\"Est. reading time\" \/>\n\t<meta name=\"twitter:data1\" content=\"1 minute\" \/>\n<script type=\"application\/ld+json\" class=\"yoast-schema-graph\">{\"@context\":\"https:\/\/schema.org\",\"@graph\":[{\"@type\":\"WebPage\",\"@id\":\"https:\/\/test2023.cooltra.com\/pt\/a-nossa-historia\/\",\"url\":\"https:\/\/test2023.cooltra.com\/pt\/a-nossa-historia\/\",\"name\":\"A nossa hist\u00f3ria - Cooltra\",\"isPartOf\":{\"@id\":\"https:\/\/test2023.cooltra.com\/es\/#website\"},\"datePublished\":\"2021-03-08T08:28:05+00:00\",\"dateModified\":\"2023-05-03T10:33:41+00:00\",\"inLanguage\":\"pt\",\"potentialAction\":[{\"@type\":\"ReadAction\",\"target\":[\"https:\/\/test2023.cooltra.com\/pt\/a-nossa-historia\/\"]}]},{\"@type\":\"WebSite\",\"@id\":\"https:\/\/test2023.cooltra.com\/es\/#website\",\"url\":\"https:\/\/test2023.cooltra.com\/es\/\",\"name\":\"Cooltra\",\"description\":\"Alquiler de motos y scooters de gasolina y el\u00e9ctricas\",\"potentialAction\":[{\"@type\":\"SearchAction\",\"target\":{\"@type\":\"EntryPoint\",\"urlTemplate\":\"https:\/\/test2023.cooltra.com\/es\/?s={search_term_string}\"},\"query-input\":\"required name=search_term_string\"}],\"inLanguage\":\"pt\"}]}<\/script>\n<!-- \/ Yoast SEO plugin. -->","yoast_head_json":{"title":"A nossa hist\u00f3ria - Cooltra","robots":{"index":"noindex","follow":"follow"},"og_locale":"pt_PT","og_type":"article","og_title":"A nossa hist\u00f3ria - Cooltra","og_description":"Cooltra nasceu em 2006 em Barcelona como resposta a uma necessidade. Timo Buetefisch, CEO da empresa, percebeu quando um dia deixou sua scooter numa oficina que n\u00e3o existia um servi\u00e7o de aluguer por dias. Foi com uma loja com 50 scooters que a Cooltra come\u00e7ou e, com o passar do tempo e perseveran\u00e7a, tornou-se uma [&hellip;]","og_url":"https:\/\/test2023.cooltra.com\/pt\/a-nossa-historia\/","og_site_name":"Cooltra","article_publisher":"https:\/\/www.facebook.com\/CooltraMotos\/","article_modified_time":"2023-05-03T10:33:41+00:00","og_image":[{"width":2000,"height":510,"url":"https:\/\/cdn.cooltra.com\/uploads\/2018\/04\/cooltra-alquiler-de-motos-y-scooter-de-gasolina-y-electricas.png","type":"image\/png"}],"twitter_card":"summary_large_image","twitter_site":"@cooltra","twitter_misc":{"Est. reading time":"1 minute"},"schema":{"@context":"https:\/\/schema.org","@graph":[{"@type":"WebPage","@id":"https:\/\/test2023.cooltra.com\/pt\/a-nossa-historia\/","url":"https:\/\/test2023.cooltra.com\/pt\/a-nossa-historia\/","name":"A nossa hist\u00f3ria - Cooltra","isPartOf":{"@id":"https:\/\/test2023.cooltra.com\/es\/#website"},"datePublished":"2021-03-08T08:28:05+00:00","dateModified":"2023-05-03T10:33:41+00:00","inLanguage":"pt","potentialAction":[{"@type":"ReadAction","target":["https:\/\/test2023.cooltra.com\/pt\/a-nossa-historia\/"]}]},{"@type":"WebSite","@id":"https:\/\/test2023.cooltra.com\/es\/#website","url":"https:\/\/test2023.cooltra.com\/es\/","name":"Cooltra","description":"Alquiler de motos y scooters de gasolina y el\u00e9ctricas","potentialAction":[{"@type":"SearchAction","target":{"@type":"EntryPoint","urlTemplate":"https:\/\/test2023.cooltra.com\/es\/?s={search_term_string}"},"query-input":"required name=search_term_string"}],"inLanguage":"pt"}]}},"_links":{"self":[{"href":"https:\/\/test2023.cooltra.com\/pt\/wp-json\/wp\/v2\/pages\/31046"}],"collection":[{"href":"https:\/\/test2023.cooltra.com\/pt\/wp-json\/wp\/v2\/pages"}],"about":[{"href":"https:\/\/test2023.cooltra.com\/pt\/wp-json\/wp\/v2\/types\/page"}],"author":[{"embeddable":true,"href":"https:\/\/test2023.cooltra.com\/pt\/wp-json\/wp\/v2\/users\/20"}],"replies":[{"embeddable":true,"href":"https:\/\/test2023.cooltra.com\/pt\/wp-json\/wp\/v2\/comments?post=31046"}],"version-history":[{"count":0,"href":"https:\/\/test2023.cooltra.com\/pt\/wp-json\/wp\/v2\/pages\/31046\/revisions"}],"wp:attachment":[{"href":"https:\/\/test2023.cooltra.com\/pt\/wp-json\/wp\/v2\/media?parent=31046"}],"curies":[{"name":"wp","href":"https:\/\/api.w.org\/{rel}","templated":true}]}}