{"id":8366,"date":"2018-06-13T08:27:45","date_gmt":"2018-06-13T07:27:45","guid":{"rendered":"https:\/\/frankie.cooltra.com\/preguntas-frecuentes-2\/"},"modified":"2023-05-29T11:31:27","modified_gmt":"2023-05-29T10:31:27","slug":"faq","status":"publish","type":"page","link":"https:\/\/test2023.cooltra.com\/it\/faq\/","title":{"rendered":"Domande frequenti"},"content":{"rendered":"<h1>Domande frequenti<\/h1>\n<p>1. COSA INCLUDE IL NOLEGGIO SCOOTER COOLTRA?<\/p>\n<p>Il nostro servizio di noleggio scooter include un casco per il conducente, assicurazione RCA con franchigia, cancellazione gratuita con un preavviso di 24 ore, assistenza stradale, chilometri illimitati e sconto per prenotazioni online.<\/p>\n<p>2. QUALI DOCUMENTI SONO RICHIESTI PER NOLEGGIARE UNO SCOOTER? HO BISOGNO DI UNA PATENTE \u201cSPECIALE\u201d?<\/p>\n<p>Devi portare con te il tuo passaporto o la tua carta d\u2019identit\u00e0, una carta di credito per pagare il deposito cauzionale e la tua patente. Per noleggiare uno scooter con Cooltra devi essere in possesso di una patente di guida valida secondo le norme del Paese visitato.<\/p>\n<p>3. DI QUALE PATENTE DI GUIDA HO BISOGNO PER GUIDARE I VOSTRI SCOOTER?<\/p>\n<p>I requisiti minimi richiesti dai nostri punti noleggio in Spagna, Italia, Francia e Portogallo sono indicati nella seguente tabella. Le categorie menzionate corrispondono alle categorie di patente di guida europee ufficiali.<\/p>\n<table border=\"1\" cellspacing=\"0\" cellpadding=\"0\">\n<tbody>\n<tr>\n<td><\/td>\n<td><strong>Scooter 50cc<\/strong><\/td>\n<td><strong>Scooter 125cc<\/strong><\/td>\n<td><strong>Scooter 3-ruote<\/strong><\/td>\n<td><strong>Scooter 400cc<\/strong><\/td>\n<td><strong>Scooter +400cc<\/strong><\/td>\n<td><strong>QUAD<\/strong><\/td>\n<\/tr>\n<tr>\n<td>Spagna<\/td>\n<td>Min. 18 anni, patente B\/AM, B (oltre 1 anno)<\/td>\n<td>Min. 18 anni, A1\/A o Min 21 anni e 3+ anni\u00a0 di esperienza\u00a0 con patente B<\/td>\n<td>Min. 18 anni, A1\/A o 3+ anni di esperienza con patente B<\/td>\n<td>Min. 18 anni e patente A o A2<\/td>\n<td>Min. 21 anni e patente A<\/td>\n<td>Min. 21 anni, patente B con 3+ anni di esperienza<\/td>\n<\/tr>\n<tr>\n<td>Italia<\/td>\n<td>Min. 18 anni, patente B\/AM<\/td>\n<td>Min. 18 anni, patente A1 (max 11KW) o\u00a0A2 (max 35KW) o\u00a0A o B (max 11KW)<\/td>\n<td>Min. 18 anni, A1\/A or 3+ anni di esperienza con patente B<\/td>\n<td>Min. 21 anni e patente A o A2<\/td>\n<td>Min. 21 anni e patente A<\/td>\n<td>\u2013<\/td>\n<\/tr>\n<tr>\n<td>Francia<\/td>\n<td>Min. 18 anni, patente B\/AM<\/td>\n<td>Min 20 anni e patente A<\/td>\n<td>Min 20 anni e patente A<\/td>\n<td>Min. 20 anni e patente A<\/td>\n<td>Min. 21 anni e patente A<\/td>\n<td>\u2013<\/td>\n<\/tr>\n<tr>\n<td>Portogallo<\/td>\n<td>Min. 18 anni, patente B\/AM<\/td>\n<td>Patente A1\/A o 25+ anni + B<\/td>\n<td>Patente A1\/A o 25+ anni + B<\/td>\n<td>Patente A o A2<\/td>\n<td>Min. 21 anni e patente A<\/td>\n<td>\u2013<\/td>\n<\/tr>\n<\/tbody>\n<\/table>\n<p>*Nota: se la patente di guida non proviene da un paese dell\u2019Unione Economica Europea o da un paese senza accordo di convenienza con la Spagna (o altri paesi in cui \u00e8 presente Cooltra), sar\u00e0 necessario disporre di un permesso di guida internazionale (IDP). Allo stesso modo, i documenti validi sono regolati dalla legge del paese in cui si guida, non dal paese d\u2019origine in cui \u00e8 stato emesso il documento.<\/p>\n<p>4. \u00c8 RICHIESTO UN DEPOSITO CAUZIONALE?<\/p>\n<p>S\u00ec Bisogna pagare un deposito per lo scooter. Il deposito deve essere pagato con carta di credito. Tuttavia, non ti verr\u00e0 addebitato sulla carta a meno che le circostanze non lo richiedano.<\/p>\n<p>5. LO SCOOTER PU\u00d2 ESSERE UTILIZZATO DA DUE PERSONE?<\/p>\n<p>S\u00ec. Puoi guidare tutti i nostri scooter anche con un passeggero. Se siete in due, avrai bisogno di un secondo casco, il quale richiede un costo addizionale.<\/p>\n<p>6. POSSO GUIDARE SENZA IL CASCO?<\/p>\n<p>No. \u00c8\u00a0vietato guidare senza indossare un casco. Sia il guidatore che il passeggero devono indossare il proprio casco, anche se si tratta di un 50cc.<\/p>\n<p>7. CHE COSA SUCCEDE SE HO UN INCIDENTE O LO SCOOTER VIENE RUBATO?<\/p>\n<p>Sei totalmente coperto dall\u2019assicurazione in caso di danni causati da una terza parte. Per danni causati allo scooter, o furto dello scooter, l\u2019assicurazione riduce l\u2019ammontare da pagare ad una franchigia, in caso di conformit\u00e0 con gli accordi contrattuali di noleggio. Offriamo la possibilit\u00e0 di acquistare una riduzione di franchigia per l\u2019assicurazione del tuo scooter.<\/p>\n<p>8. CHE COSA VIENE COPERTO DALL\u2019ASSICURAZIONE?<\/p>\n<p>L\u2019assicurazione, gi\u00e0 inclusa nel prezzo di noleggio, copre i danni causati da terze parti. In aggiunta, \u00e8 anche inclusa l\u2019assistenza stradale all\u2019interno di una specifica area. I danni allo scooter o il furto dello stesso sono coperti da una franchigia da 500\u20ac a 2000\u20ac, a seconda della tipologia dello scooter. Tutti gli accessori (caschi, bauletto, GPS, guanti, lucchetto, ecc.) non sono coperti dall\u2019assicurazione e sono pagati separatamente in caso di perdita o di danno.<\/p>\n<p>9. POSSO ANDARE FUORI CITT\u00c0 CON LO SCOOTER?<\/p>\n<p>S\u00ec. Ma tieni presente i limiti: al noleggiatore non \u00e8 permesso guidare fuori citt\u00e0 o in un\u2019autostrada con uno scooter 50cc. Con gli scooter 125cc+ il noleggiatore \u00e8 autorizzato a guidare fuori citt\u00e0. Ma tieni presente che il servizio di assistenza stradale copre solo l\u2019area entro 100 km dal negozio in cui \u00e8 avvenuto il noleggio.<\/p>\n<p>10. \u00c8 POSSIBILE ACQUISTARE UN\u2019ASSICURAZIONE TOTALE O EXTRA?<\/p>\n<p>S\u00ec. \u00c8 possibile acquistare un\u2019assicurazione supplementare con diverse riduzioni dei limiti di responsabilit\u00e0 in caso di danni o furto dello scooter.<\/p>\n<table border=\"1\" cellspacing=\"0\" cellpadding=\"0\">\n<tbody>\n<tr>\n<td><strong>Tipo di scooter<\/strong><\/td>\n<td><strong>Franchigia assicurazione base<\/strong><\/td>\n<td><strong>Pacchetto assicurativo TOP\/SUPERIOR<\/strong><\/td>\n<td><strong>Pacchetto assicurativo EXCELLENCE<\/strong><\/td>\n<\/tr>\n<tr>\n<td>Standard 50\/125cc<\/td>\n<td>600\u20ac<\/td>\n<td>300\u20ac<\/td>\n<td>0\u20ac<\/td>\n<\/tr>\n<tr>\n<td>Plus 125cc \/ Electric<\/td>\n<td>900\u20ac<\/td>\n<td>450\u20ac<\/td>\n<td>0\u20ac<\/td>\n<\/tr>\n<tr>\n<td>Premium 400cc<\/td>\n<td>1500\u20ac<\/td>\n<td>750\u20ac<\/td>\n<td>N\/A<\/td>\n<\/tr>\n<tr>\n<td>Super Premium +400cc<\/td>\n<td>2000\u20ac<\/td>\n<td>N\/A<\/td>\n<td>N\/A<\/td>\n<\/tr>\n<\/tbody>\n<\/table>\n<p>Oltre alla riduzione dei limiti di responsabilit\u00e0, l\u2019assicurazione supplementare offre altri vantaggi come la copertura in caso di eventuali forature, la sostituzione del veicolo in caso di incidente e altri ancora. Controlla i dettagli nella descrizione degli Extra al punto 2 della prenotazione online.<\/p>\n<p>11. DISPONETE DI UN SERVIZIO DI CONSEGNA?<\/p>\n<p>S\u00ec. Nella maggior parte delle destinazioni \u00e8 possibile aggiungere un servizio di consegna\/ritiro extra e porteremo il tuo scooter nella posizione per te pi\u00f9 comoda.<\/p>\n<p>12. POSSO MODIFICARE LA PRENOTAZIONE?<\/p>\n<ul>\n<li>S\u00ec, \u00e8 possibile modificarla fino a 48 ore prima della data e dell\u2019ora della stessa facendone richiesta all\u2019indirizzo info@cooltra.com.<\/li>\n<li>Non \u00e8 possibile apportare modifiche quando mancano meno di 48 ore alla data della prenotazione.<\/li>\n<\/ul>\n<p>13. CHE COSA SUCCEDE SE CANCELLO LA MIA PRENOTAZIONE?<\/p>\n<p>Di seguito la nostra politica riguardo la cancellazione delle prenotazioni:<\/p>\n<ul>\n<li>Se vuoi cancellare la prenotazione, invia un\u2019email a info@cooltra.com con 48 ore di anticipo.<\/li>\n<li>Se il noleggiante cancella la prenotazione entro le 48 ore antecedenti la data di ritiro dello scooter, sar\u00e0 possibile il pieno rimborso dell\u2019ammontare pagato (100%)<\/li>\n<li>Non si accettano cancellazioni con un preavviso minore delle 48 ore dalla data di ritiro dello scooter. Se il noleggiante cancella la prenotazione senza preavviso, non sar\u00e0 in alcun modo possibile effettuare il rimborso.<\/li>\n<\/ul>\n<p>14. COSA SUCCEDE SE ARRIVO IN RITARDO RISPETTO ALL\u2019ORARIO PREVISTO PER LA CONSEGNA DELLO SCOOTER?<\/p>\n<p>Il noleggiante deve informare il negozio in anticipo riguardo ogni variazione sulla durata del noleggio. In accordo con le condizioni contrattuali, Cooltra addebiter\u00e0 una penale di 50\u20ac in aggiunta al costo di noleggio extra. Inoltre, \u00e8 illegale guidare con un contratto di noleggio scaduto. Nel caso in cui il noleggiante voglia prolungare il contratto, \u00e8 necessario informare il negozio ed avere un contratto aggiornato, che pu\u00f2 essere ritirato al negozio o mandato tramite e-mail.<\/p>\n<p>15. IL COSTO DI NOLEGGIO MI SAR\u00c0 RIMBORSATO SE CONSEGNO LO SCOOTER IN ANTICIPO?<\/p>\n<p>Purtroppo no. Una volta che inizi il tuo noleggio, l\u2019ammontare che \u00e8 stato pagato non pu\u00f2 essere rimborsato. Non effettuiamo rimborsi se il noleggiante consegna lo scooter (e\/o extra) prima della data e del tempo menzionati nel contratto.<\/p>\n<p>16. DEVO RIEMPIRE IL SERBATOIO CON LA BENZINA?<\/p>\n<p>S\u00ec, \u00e8 necessario riempire il serbatoio allo stesso livello a cui si trovava al momento della consegna. Qualsiasi differenza del livello di benzina verr\u00e0 addebitata nei termini e nei modi stabiliti. Nel caso lo scooter venga restituito con una quantit\u00e0 extra di benzina, non verr\u00e0 effettuato alcun rimborso.<\/p>\n<p>17. QUAL \u00c8 LA DIFFERENZA TRA UN NEGOZIO COOLTRA, UN DELIVERY POINT E UN NEGOZIO PARTNER?<\/p>\n<p>Per fornire il nostro servizio in tutte le localit\u00e0 possibili abbiamo 3 tipi di punti di noleggio:<\/p>\n<ul>\n<li><strong>Cooltra shop<\/strong> \u2013 \u00e8 il nostro negozio, riconoscibile dal logo Cooltra e dallo staff in magliette azzurre, nel quale forniamo il nostro servizio e un\u2019ampia variet\u00e0 di modelli di scooter ed extra per il tuo comfort.<\/li>\n<li><strong>Delivery point<\/strong> \u2013 \u00e8 un punto di incontro, non un negozio.\u00a0Un impiegato Cooltra consegner\u00e0 e ritirer\u00e0 qui lo scooter nel giorno e ora esatti indicati nella tua prenotazione.<\/li>\n<li><strong>Partner shop<\/strong> \u2013 \u00e8 un negozio di un altro brand nel quale possiamo offrirti ugualmente i nostri scooter e il miglior servizio possible, in\u00a0destinazioni dove ancora non abbiamo negozi Cooltra.<\/li>\n<\/ul>\n<p>18. POSSO NOLEGGIARE UNO SCOOTER PER PI\u00d9 DI 30 GIORNI?<\/p>\n<p>S\u00ec Cooltra offre la possibilit\u00e0 di noleggiare uno scooter a lungo termine, in altre parole, per mesi. Questo servizio \u00e8 disponibile in tutte le citt\u00e0 della Spagna, Italia, Francia e Portogallo in cui si trovano i negozi Cooltra.<\/p>\n<p>Il periodo minimo di noleggio \u00e8 di un mese e il massimo \u00e8 di 60 mesi. <a href=\"https:\/\/cooltra.com\/it\/noleggio-scooter-mensile\/\">Qui<\/a> troverai maggiori informazioni.<\/p>\n<p>19. COSA DEVO FARE SE HO UN PROBLEMA COL MIO SCOOTER O CON LA PRENOTAZIONE?<\/p>\n<p>Cooltra dispone di un team di assistenza clienti disponibile 24 ore su 24, 7 giorni su 7 a cui puoi rivolgerti:<\/p>\n<ul>\n<li>chiamando il numero +34 937 066 912 (per problemi urgenti sul posto)<\/li>\n<li>inviando un\u2019email all\u2019indirizzo info@cooltra.com<\/li>\n<li>contattandoci sul nostro web (nell\u2019angolo in basso a destra)<\/li>\n<\/ul>\n<p style=\"text-align: center;\"><img decoding=\"async\" loading=\"lazy\" src=\"https:\/\/cdn.cooltra.com\/uploads\/2018\/04\/Casco.png\" alt=\"KM ilimitados\" width=\"50\" height=\"50\" \/><a style=\"color: #00a3e0;\" href=\"https:\/\/cooltra.com\/it\/\">Noleggia il tuo scooter<\/a> con Cooltra al miglior prezzo<\/p>\n<p style=\"text-align: center;\"><img decoding=\"async\" loading=\"lazy\" src=\"https:\/\/cdn.cooltra.com\/uploads\/2018\/04\/Km-ilimitados.png\" alt=\"KM ilimitados\" width=\"50\" height=\"50\" \/>Scopri tutte le <a href=\"https:\/\/cooltra.com\/it\/noleggio-scooter\/\">nostre destinazioni<\/a> in Europa<\/p>\n<p style=\"text-align: center;\"><img decoding=\"async\" loading=\"lazy\" src=\"https:\/\/cdn.cooltra.com\/uploads\/2018\/04\/Asistencia-en-carretera.png\" alt=\"\" width=\"50\" height=\"50\" \/>\u00a0Hai bisogno di aiuto?<\/p>\n<p style=\"text-align: center;\"><a style=\"color: #00a3e0;\" href=\"https:\/\/cooltra.com\/it\/contacta-con-nosotros\/\">Contattaci<\/a><\/p>\n","protected":false},"excerpt":{"rendered":"<p>Domande frequenti 1. COSA INCLUDE IL NOLEGGIO SCOOTER COOLTRA? Il nostro servizio di noleggio scooter include un casco per il conducente, assicurazione RCA con franchigia, cancellazione gratuita con un preavviso di 24 ore, assistenza stradale, chilometri illimitati e sconto per prenotazioni online. 2. QUALI DOCUMENTI SONO RICHIESTI PER NOLEGGIARE UNO SCOOTER? HO BISOGNO DI UNA [&hellip;]<\/p>\n","protected":false},"author":1,"featured_media":0,"parent":0,"menu_order":0,"comment_status":"closed","ping_status":"closed","template":"","meta":{"inline_featured_image":false},"yoast_head":"<!-- This site is optimized with the Yoast SEO plugin v20.9 - https:\/\/yoast.com\/wordpress\/plugins\/seo\/ -->\n<title>Domande frequenti (FAQ) | Cooltra.com<\/title>\n<meta name=\"description\" content=\"Hai dubbi sul nostro noleggio scooter? Vuoi maggiori informazioni prima di noleggiare? Consulta la nostra apgina di FAQ, le domande pi\u00f9 frequenti.\" \/>\n<meta name=\"robots\" content=\"noindex, follow\" \/>\n<meta property=\"og:locale\" content=\"it_IT\" \/>\n<meta property=\"og:type\" content=\"article\" \/>\n<meta property=\"og:title\" content=\"Domande frequenti (FAQ) | Cooltra.com\" \/>\n<meta property=\"og:description\" content=\"Hai dubbi sul nostro noleggio scooter? Vuoi maggiori informazioni prima di noleggiare? Consulta la nostra apgina di FAQ, le domande pi\u00f9 frequenti.\" \/>\n<meta property=\"og:url\" content=\"https:\/\/test2023.cooltra.com\/it\/faq\/\" \/>\n<meta property=\"og:site_name\" content=\"Cooltra\" \/>\n<meta property=\"article:publisher\" content=\"https:\/\/www.facebook.com\/CooltraMotos\/\" \/>\n<meta property=\"article:modified_time\" content=\"2023-05-29T10:31:27+00:00\" \/>\n<meta property=\"og:image\" content=\"https:\/\/cdn.cooltra.com\/uploads\/2018\/04\/Casco.png\" \/>\n<meta name=\"twitter:card\" content=\"summary_large_image\" \/>\n<meta name=\"twitter:site\" content=\"@cooltra\" \/>\n<meta name=\"twitter:label1\" content=\"Tempo di lettura stimato\" \/>\n\t<meta name=\"twitter:data1\" content=\"7 minuti\" \/>\n<script type=\"application\/ld+json\" class=\"yoast-schema-graph\">{\"@context\":\"https:\/\/schema.org\",\"@graph\":[{\"@type\":\"WebPage\",\"@id\":\"https:\/\/test2023.cooltra.com\/it\/faq\/\",\"url\":\"https:\/\/test2023.cooltra.com\/it\/faq\/\",\"name\":\"Domande frequenti (FAQ) | Cooltra.com\",\"isPartOf\":{\"@id\":\"https:\/\/test2023.cooltra.com\/es\/#website\"},\"datePublished\":\"2018-06-13T07:27:45+00:00\",\"dateModified\":\"2023-05-29T10:31:27+00:00\",\"description\":\"Hai dubbi sul nostro noleggio scooter? Vuoi maggiori informazioni prima di noleggiare? Consulta la nostra apgina di FAQ, le domande pi\u00f9 frequenti.\",\"inLanguage\":\"it-IT\",\"potentialAction\":[{\"@type\":\"ReadAction\",\"target\":[\"https:\/\/test2023.cooltra.com\/it\/faq\/\"]}]},{\"@type\":\"WebSite\",\"@id\":\"https:\/\/test2023.cooltra.com\/es\/#website\",\"url\":\"https:\/\/test2023.cooltra.com\/es\/\",\"name\":\"Cooltra\",\"description\":\"Alquiler de motos y scooters de gasolina y el\u00e9ctricas\",\"potentialAction\":[{\"@type\":\"SearchAction\",\"target\":{\"@type\":\"EntryPoint\",\"urlTemplate\":\"https:\/\/test2023.cooltra.com\/es\/?s={search_term_string}\"},\"query-input\":\"required name=search_term_string\"}],\"inLanguage\":\"it-IT\"}]}<\/script>\n<!-- \/ Yoast SEO plugin. -->","yoast_head_json":{"title":"Domande frequenti (FAQ) | Cooltra.com","description":"Hai dubbi sul nostro noleggio scooter? Vuoi maggiori informazioni prima di noleggiare? Consulta la nostra apgina di FAQ, le domande pi\u00f9 frequenti.","robots":{"index":"noindex","follow":"follow"},"og_locale":"it_IT","og_type":"article","og_title":"Domande frequenti (FAQ) | Cooltra.com","og_description":"Hai dubbi sul nostro noleggio scooter? Vuoi maggiori informazioni prima di noleggiare? Consulta la nostra apgina di FAQ, le domande pi\u00f9 frequenti.","og_url":"https:\/\/test2023.cooltra.com\/it\/faq\/","og_site_name":"Cooltra","article_publisher":"https:\/\/www.facebook.com\/CooltraMotos\/","article_modified_time":"2023-05-29T10:31:27+00:00","og_image":[{"url":"https:\/\/cdn.cooltra.com\/uploads\/2018\/04\/Casco.png"}],"twitter_card":"summary_large_image","twitter_site":"@cooltra","twitter_misc":{"Tempo di lettura stimato":"7 minuti"},"schema":{"@context":"https:\/\/schema.org","@graph":[{"@type":"WebPage","@id":"https:\/\/test2023.cooltra.com\/it\/faq\/","url":"https:\/\/test2023.cooltra.com\/it\/faq\/","name":"Domande frequenti (FAQ) | Cooltra.com","isPartOf":{"@id":"https:\/\/test2023.cooltra.com\/es\/#website"},"datePublished":"2018-06-13T07:27:45+00:00","dateModified":"2023-05-29T10:31:27+00:00","description":"Hai dubbi sul nostro noleggio scooter? Vuoi maggiori informazioni prima di noleggiare? Consulta la nostra apgina di FAQ, le domande pi\u00f9 frequenti.","inLanguage":"it-IT","potentialAction":[{"@type":"ReadAction","target":["https:\/\/test2023.cooltra.com\/it\/faq\/"]}]},{"@type":"WebSite","@id":"https:\/\/test2023.cooltra.com\/es\/#website","url":"https:\/\/test2023.cooltra.com\/es\/","name":"Cooltra","description":"Alquiler de motos y scooters de gasolina y el\u00e9ctricas","potentialAction":[{"@type":"SearchAction","target":{"@type":"EntryPoint","urlTemplate":"https:\/\/test2023.cooltra.com\/es\/?s={search_term_string}"},"query-input":"required name=search_term_string"}],"inLanguage":"it-IT"}]}},"_links":{"self":[{"href":"https:\/\/test2023.cooltra.com\/it\/wp-json\/wp\/v2\/pages\/8366"}],"collection":[{"href":"https:\/\/test2023.cooltra.com\/it\/wp-json\/wp\/v2\/pages"}],"about":[{"href":"https:\/\/test2023.cooltra.com\/it\/wp-json\/wp\/v2\/types\/page"}],"author":[{"embeddable":true,"href":"https:\/\/test2023.cooltra.com\/it\/wp-json\/wp\/v2\/users\/1"}],"replies":[{"embeddable":true,"href":"https:\/\/test2023.cooltra.com\/it\/wp-json\/wp\/v2\/comments?post=8366"}],"version-history":[{"count":0,"href":"https:\/\/test2023.cooltra.com\/it\/wp-json\/wp\/v2\/pages\/8366\/revisions"}],"wp:attachment":[{"href":"https:\/\/test2023.cooltra.com\/it\/wp-json\/wp\/v2\/media?parent=8366"}],"curies":[{"name":"wp","href":"https:\/\/api.w.org\/{rel}","templated":true}]}}