{"id":6138,"date":"2018-04-27T09:14:57","date_gmt":"2018-04-27T08:14:57","guid":{"rendered":"http:\/\/new.cooltra.com\/?page_id=6138"},"modified":"2021-12-17T13:15:10","modified_gmt":"2021-12-17T12:15:10","slug":"noleggio-scooter","status":"publish","type":"page","link":"https:\/\/test2023.cooltra.com\/it\/noleggio-scooter\/","title":{"rendered":"Destinazioni"},"content":{"rendered":"","protected":false},"excerpt":{"rendered":"","protected":false},"author":2,"featured_media":0,"parent":0,"menu_order":0,"comment_status":"closed","ping_status":"closed","template":"template-locations.php","meta":{"inline_featured_image":false},"yoast_head":"<!-- This site is optimized with the Yoast SEO plugin v20.9 - https:\/\/yoast.com\/wordpress\/plugins\/seo\/ -->\n<title>Destinazioni | Negozi per il noleggio scooter | Cooltra.com<\/title>\n<meta name=\"description\" content=\"Cooltra ti offre pi\u00f9 di 100 punti noleggio nelle citt\u00e0 pi\u00f9 turistiche. Noleggia uno scooter e scopri una prospettiva diversa nel vedere le citt\u00e0.\" \/>\n<meta name=\"robots\" content=\"noindex, follow\" \/>\n<meta property=\"og:locale\" content=\"it_IT\" \/>\n<meta property=\"og:type\" content=\"article\" \/>\n<meta property=\"og:title\" content=\"Destinazioni | Negozi per il noleggio scooter | Cooltra.com\" \/>\n<meta property=\"og:description\" content=\"Cooltra ti offre pi\u00f9 di 100 punti noleggio nelle citt\u00e0 pi\u00f9 turistiche. Noleggia uno scooter e scopri una prospettiva diversa nel vedere le citt\u00e0.\" \/>\n<meta property=\"og:url\" content=\"https:\/\/test2023.cooltra.com\/it\/noleggio-scooter\/\" \/>\n<meta property=\"og:site_name\" content=\"Cooltra\" \/>\n<meta property=\"article:publisher\" content=\"https:\/\/www.facebook.com\/CooltraMotos\/\" \/>\n<meta property=\"article:modified_time\" content=\"2021-12-17T12:15:10+00:00\" \/>\n<meta property=\"og:image\" content=\"https:\/\/cdn.cooltra.com\/uploads\/2018\/04\/cooltra-alquiler-de-motos-y-scooter-de-gasolina-y-electricas.png\" \/>\n\t<meta property=\"og:image:width\" content=\"2000\" \/>\n\t<meta property=\"og:image:height\" content=\"510\" \/>\n\t<meta property=\"og:image:type\" content=\"image\/png\" \/>\n<meta name=\"twitter:card\" content=\"summary_large_image\" \/>\n<meta name=\"twitter:site\" content=\"@cooltra\" \/>\n<script type=\"application\/ld+json\" class=\"yoast-schema-graph\">{\"@context\":\"https:\/\/schema.org\",\"@graph\":[{\"@type\":\"WebPage\",\"@id\":\"https:\/\/test2023.cooltra.com\/it\/noleggio-scooter\/\",\"url\":\"https:\/\/test2023.cooltra.com\/it\/noleggio-scooter\/\",\"name\":\"Destinazioni | Negozi per il noleggio scooter | Cooltra.com\",\"isPartOf\":{\"@id\":\"https:\/\/test2023.cooltra.com\/es\/#website\"},\"datePublished\":\"2018-04-27T08:14:57+00:00\",\"dateModified\":\"2021-12-17T12:15:10+00:00\",\"description\":\"Cooltra ti offre pi\u00f9 di 100 punti noleggio nelle citt\u00e0 pi\u00f9 turistiche. Noleggia uno scooter e scopri una prospettiva diversa nel vedere le citt\u00e0.\",\"inLanguage\":\"it-IT\",\"potentialAction\":[{\"@type\":\"ReadAction\",\"target\":[\"https:\/\/test2023.cooltra.com\/it\/noleggio-scooter\/\"]}]},{\"@type\":\"WebSite\",\"@id\":\"https:\/\/test2023.cooltra.com\/es\/#website\",\"url\":\"https:\/\/test2023.cooltra.com\/es\/\",\"name\":\"Cooltra\",\"description\":\"Alquiler de motos y scooters de gasolina y el\u00e9ctricas\",\"potentialAction\":[{\"@type\":\"SearchAction\",\"target\":{\"@type\":\"EntryPoint\",\"urlTemplate\":\"https:\/\/test2023.cooltra.com\/es\/?s={search_term_string}\"},\"query-input\":\"required name=search_term_string\"}],\"inLanguage\":\"it-IT\"}]}<\/script>\n<!-- \/ Yoast SEO plugin. -->","yoast_head_json":{"title":"Destinazioni | Negozi per il noleggio scooter | Cooltra.com","description":"Cooltra ti offre pi\u00f9 di 100 punti noleggio nelle citt\u00e0 pi\u00f9 turistiche. Noleggia uno scooter e scopri una prospettiva diversa nel vedere le citt\u00e0.","robots":{"index":"noindex","follow":"follow"},"og_locale":"it_IT","og_type":"article","og_title":"Destinazioni | Negozi per il noleggio scooter | Cooltra.com","og_description":"Cooltra ti offre pi\u00f9 di 100 punti noleggio nelle citt\u00e0 pi\u00f9 turistiche. Noleggia uno scooter e scopri una prospettiva diversa nel vedere le citt\u00e0.","og_url":"https:\/\/test2023.cooltra.com\/it\/noleggio-scooter\/","og_site_name":"Cooltra","article_publisher":"https:\/\/www.facebook.com\/CooltraMotos\/","article_modified_time":"2021-12-17T12:15:10+00:00","og_image":[{"width":2000,"height":510,"url":"https:\/\/cdn.cooltra.com\/uploads\/2018\/04\/cooltra-alquiler-de-motos-y-scooter-de-gasolina-y-electricas.png","type":"image\/png"}],"twitter_card":"summary_large_image","twitter_site":"@cooltra","schema":{"@context":"https:\/\/schema.org","@graph":[{"@type":"WebPage","@id":"https:\/\/test2023.cooltra.com\/it\/noleggio-scooter\/","url":"https:\/\/test2023.cooltra.com\/it\/noleggio-scooter\/","name":"Destinazioni | Negozi per il noleggio scooter | Cooltra.com","isPartOf":{"@id":"https:\/\/test2023.cooltra.com\/es\/#website"},"datePublished":"2018-04-27T08:14:57+00:00","dateModified":"2021-12-17T12:15:10+00:00","description":"Cooltra ti offre pi\u00f9 di 100 punti noleggio nelle citt\u00e0 pi\u00f9 turistiche. Noleggia uno scooter e scopri una prospettiva diversa nel vedere le citt\u00e0.","inLanguage":"it-IT","potentialAction":[{"@type":"ReadAction","target":["https:\/\/test2023.cooltra.com\/it\/noleggio-scooter\/"]}]},{"@type":"WebSite","@id":"https:\/\/test2023.cooltra.com\/es\/#website","url":"https:\/\/test2023.cooltra.com\/es\/","name":"Cooltra","description":"Alquiler de motos y scooters de gasolina y el\u00e9ctricas","potentialAction":[{"@type":"SearchAction","target":{"@type":"EntryPoint","urlTemplate":"https:\/\/test2023.cooltra.com\/es\/?s={search_term_string}"},"query-input":"required name=search_term_string"}],"inLanguage":"it-IT"}]}},"_links":{"self":[{"href":"https:\/\/test2023.cooltra.com\/it\/wp-json\/wp\/v2\/pages\/6138"}],"collection":[{"href":"https:\/\/test2023.cooltra.com\/it\/wp-json\/wp\/v2\/pages"}],"about":[{"href":"https:\/\/test2023.cooltra.com\/it\/wp-json\/wp\/v2\/types\/page"}],"author":[{"embeddable":true,"href":"https:\/\/test2023.cooltra.com\/it\/wp-json\/wp\/v2\/users\/2"}],"replies":[{"embeddable":true,"href":"https:\/\/test2023.cooltra.com\/it\/wp-json\/wp\/v2\/comments?post=6138"}],"version-history":[{"count":0,"href":"https:\/\/test2023.cooltra.com\/it\/wp-json\/wp\/v2\/pages\/6138\/revisions"}],"wp:attachment":[{"href":"https:\/\/test2023.cooltra.com\/it\/wp-json\/wp\/v2\/media?parent=6138"}],"curies":[{"name":"wp","href":"https:\/\/api.w.org\/{rel}","templated":true}]}}