{"id":8340,"date":"2018-06-13T07:57:23","date_gmt":"2018-06-13T06:57:23","guid":{"rendered":"https:\/\/frankie.cooltra.com\/alquiler-por-meses-2\/"},"modified":"2021-05-20T15:27:51","modified_gmt":"2021-05-20T14:27:51","slug":"location-scooter-entreprises","status":"publish","type":"page","link":"https:\/\/test2023.cooltra.com\/fr\/location-scooter-entreprises\/","title":{"rendered":"Location pour entreprises"},"content":{"rendered":"<h1 style=\"text-align: center;\"><strong>LOCATION DE SCOOTERS POUR LES ENTREPRISES<\/strong><\/h1>\n<p><b>Avez-vous besoin d&#8217;un scooter pour votre entreprise\u202f? <\/b>Utilisez notre service de location<b>.<\/b><\/p>\n<p><b>\u00a0<\/b><\/p>\n<p>Que vous soyez travailleur ind\u00e9pendant, une PME ou une PMI ou bien une grande entreprise, chez Cooltra, nous offrons des services de location de scooters pour toutes les entreprises.<\/p>\n<p>Nous savons parfaitement \u00e0 quel point il est important de pouvoir compter sur un parc en tr\u00e8s bon \u00e9tat pour d\u00e9velopper votre entreprise avec excellence et satisfaire vos clients. C&#8217;est la raison pour laquelle nous avons con\u00e7u deux types de solutions de mobilit\u00e9 \u00e0 long terme : la location flexible et la location fixe, de sorte que vous n&#8217;ayez \u00e0 vous soucier que de fournir le meilleur service.<\/p>\n<p>Chez Cooltra, nous exploitons un parc de plus de 4 000 motos qui fournissent des services de livraison de nourriture, de messagerie, d&#8217;assurance et de maintenance, pour ne citer que quelques secteurs. Chaque entreprise, en fonction de son type d\u2019activit\u00e9, du kilom\u00e9trage, du climat local et d&#8217;autres facteurs, pr\u00e9f\u00e8re un type de scooter et un contrat diff\u00e9rents. Avec plus de 12 ans d&#8217;exp\u00e9rience sur le march\u00e9, nous nous d\u00e9finissons comme le leader europ\u00e9en des solutions de mobilit\u00e9 sur deux-roues.<\/p>\n<p><img sizes=\"(max-width: 768px) 100vw, 768px\" srcset=\" 768w, https:\/\/cdn.cooltra.com\/uploads\/2018\/07\/LT-montornes-web_JGA6818-300x200.jpg 300w, https:\/\/cdn.cooltra.com\/uploads\/2018\/07\/LT-montornes-web_JGA6818-1024x683.jpg 1024w, https:\/\/cdn.cooltra.com\/uploads\/2018\/07\/LT-montornes-web_JGA6818-1240x827.jpg 1240w, https:\/\/cdn.cooltra.com\/uploads\/2018\/07\/LT-montornes-web_JGA6818-370x247.jpg 370w, https:\/\/cdn.cooltra.com\/uploads\/2018\/07\/LT-montornes-web_JGA6818-40x27.jpg 40w\" alt=\"\" width=\"768\" height=\"512\" \/><br \/>\n<a style=\"width: 100%; padding: 10px 10px 15px 15px;\" href=\"https:\/\/corporate.cooltra.com\/fr\/location-scooter-entreprises\/renting\/\" target=\"_blank\" rel=\"noopener\">Renting enterprises<\/a><\/p>\n<p><a style=\"width: 100%; padding: 10px 10px 15px 15px; float: right;\" href=\"https:\/\/corporate.cooltra.com\/fr\/location-scooter-entreprises\/vehicule-de-police\/\" target=\"_blank\" rel=\"noopener\">Police Flotte<\/a><\/p>\n<h5>CE QUI EST INCLUS DANS LE PRIX\u202f?<\/h5>\n<p><img sizes=\"(max-width: 300px) 100vw, 300px\" srcset=\" 300w, https:\/\/cdn.cooltra.com\/uploads\/2018\/06\/Seguro-a-todo-riesgo-150x150.png 150w, https:\/\/cdn.cooltra.com\/uploads\/2018\/06\/Seguro-a-todo-riesgo-370x370.png 370w, https:\/\/cdn.cooltra.com\/uploads\/2018\/06\/Seguro-a-todo-riesgo-40x40.png 40w, https:\/\/cdn.cooltra.com\/uploads\/2018\/06\/Seguro-a-todo-riesgo.png 512w\" alt=\"\" width=\"300\" height=\"300\" \/><\/p>\n<p>Assurance tous risques avec franchise<\/p>\n<p><img sizes=\"(max-width: 150px) 100vw, 150px\" srcset=\" 150w, https:\/\/cdn.cooltra.com\/uploads\/2018\/06\/Revisiones-Mnatenimiento-300x300.png 300w, https:\/\/cdn.cooltra.com\/uploads\/2018\/06\/Revisiones-Mnatenimiento-370x370.png 370w, https:\/\/cdn.cooltra.com\/uploads\/2018\/06\/Revisiones-Mnatenimiento-40x40.png 40w, https:\/\/cdn.cooltra.com\/uploads\/2018\/06\/Revisiones-Mnatenimiento.png 512w\" alt=\"\" width=\"150\" height=\"150\" \/><\/p>\n<p>R\u00e9visions et maintenance<\/p>\n<p><img sizes=\"(max-width: 150px) 100vw, 150px\" srcset=\" 150w, https:\/\/cdn.cooltra.com\/uploads\/2018\/06\/Asistencia-en-carretera-300x300.png 300w, https:\/\/cdn.cooltra.com\/uploads\/2018\/06\/Asistencia-en-carretera-370x370.png 370w, https:\/\/cdn.cooltra.com\/uploads\/2018\/06\/Asistencia-en-carretera-40x40.png 40w, https:\/\/cdn.cooltra.com\/uploads\/2018\/06\/Asistencia-en-carretera.png 512w\" alt=\"\" width=\"150\" height=\"150\" \/><\/p>\n<p>Assistance<\/p>\n<p>routi\u00e8re<\/p>\n<p><img sizes=\"(max-width: 150px) 100vw, 150px\" srcset=\" 150w, https:\/\/cdn.cooltra.com\/uploads\/2018\/06\/Casco-300x300.png 300w, https:\/\/cdn.cooltra.com\/uploads\/2018\/06\/Casco-370x370.png 370w, https:\/\/cdn.cooltra.com\/uploads\/2018\/06\/Casco-40x40.png 40w, https:\/\/cdn.cooltra.com\/uploads\/2018\/06\/Casco.png 512w\" alt=\"\" width=\"150\" height=\"150\" \/><\/p>\n<p>Casque<\/p>\n<p><img sizes=\"(max-width: 40px) 100vw, 40px\" srcset=\" 40w, https:\/\/cdn.cooltra.com\/uploads\/2018\/06\/electric-150x150.png 150w, https:\/\/cdn.cooltra.com\/uploads\/2018\/06\/electric-300x300.png 300w, https:\/\/cdn.cooltra.com\/uploads\/2018\/06\/electric-370x370.png 370w, https:\/\/cdn.cooltra.com\/uploads\/2018\/06\/electric.png 512w\" alt=\"\" width=\"40\" height=\"40\" \/><\/p>\n<p>Scooters \u00e9lectriques<\/p>\n<h2>NOS MOD\u00c8LES<\/h2>\n<p>Nous avons des accords avec les principaux fabricants de motos \u00e0 essence tels que Peugeot, Yamaha, Honda et les fabricants de motos \u00e9lectriques tels que Govecs, Scutum, BMW, Zero et Askoll. Chez Cooltra, nous encourageons la promotion de la mobilit\u00e9 durable. C&#8217;est pourquoi de plus en plus de grandes entreprises et collectivit\u00e9s publiques parient sur les v\u00e9hicules \u00e9lectriques pour r\u00e9duire le niveau de pollution dans les villes.<\/p>\n<figure><img alt=\"Askoll eS 2 \/ 3, 125cc\" \/><figcaption>Askoll eS 2 \/ 3, 125cc<\/figcaption><\/figure>\n<figure><img alt=\"BMW c-evolution 8kW 125cc o 300cc\" \/><figcaption>BMW c-evolution 8kW 125cc o 300cc<\/figcaption><\/figure>\n<figure><img alt=\"Silence S02 50cc o 125cc\" \/><figcaption>Silence S02 50cc o 125cc<\/figcaption><\/figure>\n<figure><img alt=\"Alquiler moto Govecs Go\" \/><figcaption>Govecs S 3.4<\/figcaption><\/figure>\n<figure><img alt=\"Kymco AK 550\" \/><figcaption>Kymco AK 550<\/figcaption><\/figure>\n<figure><img alt=\"Kymco Superdink 125cc ABS\" \/><figcaption>Kymco Superdink 125cc ABS<\/figcaption><\/figure>\n<figure><img alt=\"Sym Joymax 300cc\" \/><figcaption>Sym Joymax 300cc<\/figcaption><\/figure>\n<figure><img alt=\"Sym Jet 14 125cc\" \/><figcaption>Sym Jet 14 125cc<\/figcaption><\/figure>\n<figure><img alt=\"Kymco Xciting 400cc\" \/><figcaption>Kymco Xciting 400cc<\/figcaption><\/figure>\n<figure><img alt=\"Pegeuot Belville 125cc\" \/><figcaption>Pegeuot Belville 125cc<\/figcaption><\/figure>\n<figure><img alt=\"Peugeot Tweet Evo 50cc o 125cc\" \/><figcaption>Peugeot Tweet Evo 50cc o 125cc<\/figcaption><\/figure>\n<figure><img alt=\"Yamaha X-Max 125cc o 300cc ABS\" \/><figcaption>Yamaha X-Max 125cc o 300cc ABS<\/figcaption><\/figure>\n<figure><img alt=\"ZERO S y DS 125cc o 400cc\" \/><figcaption>ZERO S y DS 125cc o 400cc<\/figcaption><\/figure>\n<figure><img alt=\"Peugeot Metropolis 400cc\" \/><figcaption>Peugeot Metropolis<\/figcaption><\/figure>\n<figure><img alt=\"YAMAHA Tricity 125cc\" \/><figcaption>YAMAHA Tricity 125cc<\/figcaption><\/figure>\n","protected":false},"excerpt":{"rendered":"<p>LOCATION DE SCOOTERS POUR LES ENTREPRISES Avez-vous besoin d&#8217;un scooter pour votre entreprise\u202f? Utilisez notre service de location. \u00a0 Que vous soyez travailleur ind\u00e9pendant, une PME ou une PMI ou bien une grande entreprise, chez Cooltra, nous offrons des services de location de scooters pour toutes les entreprises. Nous savons parfaitement \u00e0 quel point il [&hellip;]<\/p>\n","protected":false},"author":1,"featured_media":0,"parent":0,"menu_order":0,"comment_status":"closed","ping_status":"closed","template":"","meta":{"inline_featured_image":false},"yoast_head":"<!-- This site is optimized with the Yoast SEO plugin v20.9 - https:\/\/yoast.com\/wordpress\/plugins\/seo\/ -->\n<title>Location de scooters pour les entreprises | Cooltra.com<\/title>\n<meta name=\"description\" content=\"\u00bfNecesitas una moto para tu empresa? Contrata nuestro servicio de renting. En Cooltra ofrecemos el servicio de renting de motos para empresas. tambi\u00e9n hemos pensado en ti.\" \/>\n<meta name=\"robots\" content=\"noindex, follow\" \/>\n<meta property=\"og:locale\" content=\"fr_FR\" \/>\n<meta property=\"og:type\" content=\"article\" \/>\n<meta property=\"og:title\" content=\"Location de scooters pour les entreprises | Cooltra.com\" \/>\n<meta property=\"og:description\" content=\"\u00bfNecesitas una moto para tu empresa? Contrata nuestro servicio de renting. En Cooltra ofrecemos el servicio de renting de motos para empresas. tambi\u00e9n hemos pensado en ti.\" \/>\n<meta property=\"og:url\" content=\"https:\/\/test2023.cooltra.com\/fr\/location-scooter-entreprises\/\" \/>\n<meta property=\"og:site_name\" content=\"Cooltra\" \/>\n<meta property=\"article:publisher\" content=\"https:\/\/www.facebook.com\/CooltraMotos\/\" \/>\n<meta property=\"article:modified_time\" content=\"2021-05-20T14:27:51+00:00\" \/>\n<meta property=\"og:image\" content=\"https:\/\/cdn.cooltra.com\/uploads\/2018\/04\/cooltra-alquiler-de-motos-y-scooter-de-gasolina-y-electricas.png\" \/>\n\t<meta property=\"og:image:width\" content=\"2000\" \/>\n\t<meta property=\"og:image:height\" content=\"510\" \/>\n\t<meta property=\"og:image:type\" content=\"image\/png\" \/>\n<meta name=\"twitter:card\" content=\"summary_large_image\" \/>\n<meta name=\"twitter:site\" content=\"@cooltra\" \/>\n<meta name=\"twitter:label1\" content=\"Dur\u00e9e de lecture estim\u00e9e\" \/>\n\t<meta name=\"twitter:data1\" content=\"2 minutes\" \/>\n<script type=\"application\/ld+json\" class=\"yoast-schema-graph\">{\"@context\":\"https:\/\/schema.org\",\"@graph\":[{\"@type\":\"WebPage\",\"@id\":\"https:\/\/test2023.cooltra.com\/fr\/location-scooter-entreprises\/\",\"url\":\"https:\/\/test2023.cooltra.com\/fr\/location-scooter-entreprises\/\",\"name\":\"Location de scooters pour les entreprises | Cooltra.com\",\"isPartOf\":{\"@id\":\"https:\/\/test2023.cooltra.com\/es\/#website\"},\"datePublished\":\"2018-06-13T06:57:23+00:00\",\"dateModified\":\"2021-05-20T14:27:51+00:00\",\"description\":\"\u00bfNecesitas una moto para tu empresa? Contrata nuestro servicio de renting. En Cooltra ofrecemos el servicio de renting de motos para empresas. tambi\u00e9n hemos pensado en ti.\",\"inLanguage\":\"fr-FR\",\"potentialAction\":[{\"@type\":\"ReadAction\",\"target\":[\"https:\/\/test2023.cooltra.com\/fr\/location-scooter-entreprises\/\"]}]},{\"@type\":\"WebSite\",\"@id\":\"https:\/\/test2023.cooltra.com\/es\/#website\",\"url\":\"https:\/\/test2023.cooltra.com\/es\/\",\"name\":\"Cooltra\",\"description\":\"Alquiler de motos y scooters de gasolina y el\u00e9ctricas\",\"potentialAction\":[{\"@type\":\"SearchAction\",\"target\":{\"@type\":\"EntryPoint\",\"urlTemplate\":\"https:\/\/test2023.cooltra.com\/es\/?s={search_term_string}\"},\"query-input\":\"required name=search_term_string\"}],\"inLanguage\":\"fr-FR\"}]}<\/script>\n<!-- \/ Yoast SEO plugin. -->","yoast_head_json":{"title":"Location de scooters pour les entreprises | Cooltra.com","description":"\u00bfNecesitas una moto para tu empresa? Contrata nuestro servicio de renting. En Cooltra ofrecemos el servicio de renting de motos para empresas. tambi\u00e9n hemos pensado en ti.","robots":{"index":"noindex","follow":"follow"},"og_locale":"fr_FR","og_type":"article","og_title":"Location de scooters pour les entreprises | Cooltra.com","og_description":"\u00bfNecesitas una moto para tu empresa? Contrata nuestro servicio de renting. En Cooltra ofrecemos el servicio de renting de motos para empresas. tambi\u00e9n hemos pensado en ti.","og_url":"https:\/\/test2023.cooltra.com\/fr\/location-scooter-entreprises\/","og_site_name":"Cooltra","article_publisher":"https:\/\/www.facebook.com\/CooltraMotos\/","article_modified_time":"2021-05-20T14:27:51+00:00","og_image":[{"width":2000,"height":510,"url":"https:\/\/cdn.cooltra.com\/uploads\/2018\/04\/cooltra-alquiler-de-motos-y-scooter-de-gasolina-y-electricas.png","type":"image\/png"}],"twitter_card":"summary_large_image","twitter_site":"@cooltra","twitter_misc":{"Dur\u00e9e de lecture estim\u00e9e":"2 minutes"},"schema":{"@context":"https:\/\/schema.org","@graph":[{"@type":"WebPage","@id":"https:\/\/test2023.cooltra.com\/fr\/location-scooter-entreprises\/","url":"https:\/\/test2023.cooltra.com\/fr\/location-scooter-entreprises\/","name":"Location de scooters pour les entreprises | Cooltra.com","isPartOf":{"@id":"https:\/\/test2023.cooltra.com\/es\/#website"},"datePublished":"2018-06-13T06:57:23+00:00","dateModified":"2021-05-20T14:27:51+00:00","description":"\u00bfNecesitas una moto para tu empresa? Contrata nuestro servicio de renting. En Cooltra ofrecemos el servicio de renting de motos para empresas. tambi\u00e9n hemos pensado en ti.","inLanguage":"fr-FR","potentialAction":[{"@type":"ReadAction","target":["https:\/\/test2023.cooltra.com\/fr\/location-scooter-entreprises\/"]}]},{"@type":"WebSite","@id":"https:\/\/test2023.cooltra.com\/es\/#website","url":"https:\/\/test2023.cooltra.com\/es\/","name":"Cooltra","description":"Alquiler de motos y scooters de gasolina y el\u00e9ctricas","potentialAction":[{"@type":"SearchAction","target":{"@type":"EntryPoint","urlTemplate":"https:\/\/test2023.cooltra.com\/es\/?s={search_term_string}"},"query-input":"required name=search_term_string"}],"inLanguage":"fr-FR"}]}},"_links":{"self":[{"href":"https:\/\/test2023.cooltra.com\/fr\/wp-json\/wp\/v2\/pages\/8340"}],"collection":[{"href":"https:\/\/test2023.cooltra.com\/fr\/wp-json\/wp\/v2\/pages"}],"about":[{"href":"https:\/\/test2023.cooltra.com\/fr\/wp-json\/wp\/v2\/types\/page"}],"author":[{"embeddable":true,"href":"https:\/\/test2023.cooltra.com\/fr\/wp-json\/wp\/v2\/users\/1"}],"replies":[{"embeddable":true,"href":"https:\/\/test2023.cooltra.com\/fr\/wp-json\/wp\/v2\/comments?post=8340"}],"version-history":[{"count":0,"href":"https:\/\/test2023.cooltra.com\/fr\/wp-json\/wp\/v2\/pages\/8340\/revisions"}],"wp:attachment":[{"href":"https:\/\/test2023.cooltra.com\/fr\/wp-json\/wp\/v2\/media?parent=8340"}],"curies":[{"name":"wp","href":"https:\/\/api.w.org\/{rel}","templated":true}]}}