{"id":6082,"date":"2018-04-26T16:13:41","date_gmt":"2018-04-26T15:13:41","guid":{"rendered":"http:\/\/new.cooltra.com\/?page_id=6082"},"modified":"2023-05-31T12:44:33","modified_gmt":"2023-05-31T11:44:33","slug":"conditions-de-location","status":"publish","type":"page","link":"https:\/\/test2023.cooltra.com\/fr\/louer-pour-des-jours\/conditions-de-location\/","title":{"rendered":"Conditions de Location"},"content":{"rendered":"<div><span style=\"text-align: justify;\">Pour louer un scooter avec Cooltra, il est n\u00e9cessaire d&#8217;\u00eatre en possession d&#8217;un <strong>permis de conduire valide<\/strong> selon la l\u00e9gislation du pays de location.\u00a0<\/span>Le tableau ci-dessous indique les exigences minimales pour nos points de location en Espagne, en Italie, en France et au Portugal :<\/div>\n<div><\/div>\n<table border=\"1\" cellspacing=\"0\" cellpadding=\"0\">\n<tbody>\n<tr>\n<td><\/td>\n<td><strong>Scooter 50cc<\/strong><\/td>\n<td><strong>Scooter 125cc<\/strong><\/td>\n<td><strong>Scooter 3-roues<\/strong><\/td>\n<td><strong>Scooter 400cc<\/strong><\/td>\n<td><strong>Scooter +400cc<\/strong><\/td>\n<td><strong>QUAD<\/strong><\/td>\n<\/tr>\n<tr>\n<td>Espagne<\/td>\n<td>Min. 18 ans, permis B\/AM, B (plus que 1\u00a0ann\u00e9e)<\/td>\n<td>Min. 18 ans, A1\/A ou Min 21 ans et 3+ ans d&#8217;exp\u00e9rience avec B<\/td>\n<td>Min. 18 ans, A1\/A ou 3+ ans d&#8217;exp\u00e9rience avec B<\/td>\n<td>Min. 18 ans et permis A ou A2<\/td>\n<td>Min. 21 ans et permis A<\/td>\n<td>Min. 21 ans et permis B avec 3+ ans d&#8217;exp\u00e9rience<\/td>\n<\/tr>\n<tr>\n<td>Italie<\/td>\n<td>Min. 18 ans, permis B\/AM<\/td>\n<td>Min. 18 ans, permis A1 (max 11KW) ou\u00a0A2 (max 35KW) ou\u00a0A ou B (max 11KW)<\/td>\n<td>Min. 18 ans, A1\/A ou 3+ ans d&#8217;exp\u00e9rience avec B<\/td>\n<td>Min. 21 ans et permis A ou A2<\/td>\n<td>Min. 21 ans et permis A<\/td>\n<td>&#8211;<\/td>\n<\/tr>\n<tr>\n<td>France<\/td>\n<td>Min. 18 ans, permis B\/AM<\/td>\n<td>Min. 20 ans et permis A<\/td>\n<td>Min. 20 ans et permis A<\/td>\n<td>Min. 20 ans et permis A<\/td>\n<td>Min. 21 ans et permis A<\/td>\n<td>&#8211;<\/td>\n<\/tr>\n<tr>\n<td>Portugal<\/td>\n<td>Min. 18 ans, permis B\/AM<\/td>\n<td>Permis A1\/A ou 25+ ans + B<\/td>\n<td>Permis A1\/A ou 25+ ans + B<\/td>\n<td>Permis A ou A2<\/td>\n<td>Min. 21 ans et permis A<\/td>\n<td>&#8211;<\/td>\n<\/tr>\n<\/tbody>\n<\/table>\n<div><\/div>\n<div><em>*Remarque : si votre permis de conduire ne provient pas d&#8217;un pays de l&#8217;Union \u00e9conomique europ\u00e9enne ou d&#8217;un pays sans accord de commodit\u00e9 avec l&#8217;Espagne (ou d&#8217;autres pays dans lesquels Cooltra est pr\u00e9sent), vous devez disposer d&#8217;un permis de conduire international (PDI). De m\u00eame, les documents valides sont r\u00e9gis par la loi du pays dans lequel vous conduisez et non par le pays \u00e9metteur du document.<\/em><\/div>\n<div><\/div>\n<div>\n<p style=\"text-align: justify;\">En plus de cela, tu dois nous laisser une <strong>caution<\/strong> de 150\u20ac (scooter Standard), 300\u20ac (scooter Plus), 750\u20ac (scooter Premium), 1500\u20ac (scooter Premium) comme garantie, en carte de cr\u00e9dit, qui sera revers\u00e9e \u00e0 la fin de ta location. La r\u00e9ception effective du d\u00e9p\u00f4t peut prendre quelques jours en fonction de la banque ou du pays du client.<\/p>\n<p>&nbsp;<\/p>\n<p style=\"text-align: justify;\">Tous nos <strong>scooters sont d\u00e9livr\u00e9s avec un casque, une assurance basique par une franchise de 600\u20ac \u00e0 4000 \u20ac (selon de type de scooter \/ moto) et une assistance route<\/strong>. Il existe aussi la possibilit\u00e9 d\u00b4ajouter un deuxi\u00e8me casque, une assurance compl\u00e8te et un service de livraison \u00e0 l\u00b4h\u00f4tel\u00a0; Il te suffit juste de s\u00e9lectionner ces extras quand tu r\u00e9serves ton scooter.<\/p>\n<p>&nbsp;<\/p>\n<\/div>\n<div>\n<p>Voici notre <strong>politique d&#8217;annulation<\/strong> :<\/p>\n<\/div>\n<div>\n<ul style=\"list-style-type: disc;\">\n<li>Si l&#8217;annulation est faite avec un pr\u00e9avis de plus de 48 heures, 100% du montant pay\u00e9 est rembours\u00e9.<\/li>\n<li>Nous n&#8217;acceptons pas les annulations avec un pr\u00e9avis de moins de 48 heures.<\/li>\n<li>Si l&#8217;annulation de la r\u00e9servation est faite sans pr\u00e9avis, le bailleur ne proc\u00e9dera \u00e0 aucun remboursement.<\/li>\n<li>Cooltra n&#8217;est pas responsable des conditions m\u00e9t\u00e9orologiques.<\/li>\n<li>Cooltra ne garantit pas la livraison de quads ou de scooters premium pour les r\u00e9servations effectu\u00e9es 1 heure \u00e0 l&#8217;avance.<\/li>\n<\/ul>\n<\/div>\n<div><\/div>\n<p>&nbsp;<\/p>\n<h2>CONDITIONS G\u00c9N\u00c9RALES DE LOCATION &#8211; CONTRAT DE LOCATION<\/h2>\n<p>Ci-dessous, vous pouvez t\u00e9l\u00e9charger les conditions g\u00e9n\u00e9rales de location au format PDF :<\/p>\n<div>\n<p>&nbsp;<\/p>\n<p><strong>ESPAGNE<\/strong><\/p>\n<\/div>\n<div>\n<ul style=\"list-style-type: disc;\">\n<li>GENERAL RENTAL CONDITIONS &#8211; SPAIN (<a href=\"https:\/\/cdn.cooltra.com\/uploads\/2019\/04\/cooltra_general_rental_conditions_en-es.pdf\" target=\"_blank\" rel=\"noopener\">pdf<\/a>)<\/li>\n<li>CONDICIONES GENERALES DE ALQUILER &#8211; ESPA\u00d1A (<a href=\"https:\/\/cdn.cooltra.com\/uploads\/2019\/04\/cooltra_condiciones_generales_alquiler_es.pdf\" target=\"_blank\" rel=\"noopener\">pdf<\/a>)<\/li>\n<\/ul>\n<p><strong>ITALIE<\/strong><\/p>\n<ul style=\"list-style-type: disc;\">\n<li>GENERAL RENTAL CONDITIONS &#8211; ITALY (<a href=\"https:\/\/cdn.cooltra.com\/uploads\/2019\/04\/cooltra_general_rental_conditions_en-it.pdf\" target=\"_blank\" rel=\"noopener\">pdf<\/a>)<\/li>\n<li>CONDIZIONI GENERALI DI NOLEGGIO &#8211; Cooltra Partner Napoli (<a href=\"https:\/\/cdn.cooltra.com\/uploads\/2023\/05\/TC-GIORNALIERO_MENSILE-1.pdf\">pdf<\/a>)<\/li>\n<li>CONDIZIONI GENERALI DI NOLEGGIO &#8211; Cooltra Partner Vieste (<a href=\"https:\/\/cdn.cooltra.com\/uploads\/2023\/05\/TC-GIORNALIERO-Vieste-1.pdf\">pdf<\/a>)<\/li>\n<li>CONDIZIONI GENERALI DI NOLEGGIO &#8211; Cooltra Partner Salerno (<a href=\"https:\/\/cdn.cooltra.com\/uploads\/2023\/05\/termini-e-condizioni-COOLTRA.pdf\">pdf<\/a>)<\/li>\n<li>CONDIZIONI GENERALI DI NOLEGGIO &#8211; ITALIA (<a href=\"https:\/\/cdn.cooltra.com\/uploads\/2019\/04\/cooltra_condizioni-generali-noleggio-it.pdf\" target=\"_blank\" rel=\"noopener\">pdf<\/a>)<\/li>\n<\/ul>\n<p><strong>FRANCE<\/strong><\/p>\n<ul style=\"list-style-type: disc;\">\n<li>GENERAL RENTAL CONDITIONS &#8211; FRANCE (<a href=\"https:\/\/cdn.cooltra.com\/uploads\/2019\/04\/cooltra_general_rental_conditions_en-fr.pdf\" target=\"_blank\" rel=\"noopener\">pdf<\/a>)<\/li>\n<li>CONDITIONS G\u00c9N\u00c9RALES DE LOCATION &#8211; FRANCE (<a href=\"https:\/\/cdn.cooltra.com\/uploads\/2019\/04\/cooltra_conditions-generales-location-fr.pdf\" target=\"_blank\" rel=\"noopener\">pdf<\/a>)<\/li>\n<\/ul>\n<p><strong>PORTUGAL<\/strong><\/p>\n<ul style=\"list-style-type: disc;\">\n<li>GENERAL RENTAL CONDITIONS &#8211; PORTUGAL (<a href=\"https:\/\/cdn.cooltra.com\/uploads\/2019\/04\/cooltra_general_rental_conditions_en-pt.pdf\" target=\"_blank\" rel=\"noopener\">pdf<\/a>)<\/li>\n<li>CONDI\u00c7\u00d5ES GERAIS DE ALUGUER &#8211; PORTUGAL (<a href=\"https:\/\/cdn.cooltra.com\/uploads\/2019\/04\/cooltra_condicoes_gerais_aluguer-pt.pdf\" target=\"_blank\" rel=\"noopener\">pdf<\/a>)<\/li>\n<\/ul>\n<\/div>\n<div><\/div>\n","protected":false},"excerpt":{"rendered":"<p>Pour louer un scooter avec Cooltra, il est n\u00e9cessaire d&#8217;\u00eatre en possession d&#8217;un permis de conduire valide selon la l\u00e9gislation du pays de location.\u00a0Le tableau ci-dessous indique les exigences minimales pour nos points de location en Espagne, en Italie, en France et au Portugal : Scooter 50cc Scooter 125cc Scooter 3-roues Scooter 400cc Scooter +400cc [&hellip;]<\/p>\n","protected":false},"author":2,"featured_media":0,"parent":0,"menu_order":0,"comment_status":"closed","ping_status":"closed","template":"","meta":{"inline_featured_image":false},"yoast_head":"<!-- This site is optimized with the Yoast SEO plugin v20.9 - https:\/\/yoast.com\/wordpress\/plugins\/seo\/ -->\n<title>Conditions de location | Cooltra.com<\/title>\n<meta name=\"description\" content=\"Retrouvez toutes nos conditions de location de notre service. En cas de doute, n&#039;h\u00e9sitez pas \u00e0 nous contacter !\" \/>\n<meta name=\"robots\" content=\"noindex, follow\" \/>\n<meta property=\"og:locale\" content=\"fr_FR\" \/>\n<meta property=\"og:type\" content=\"article\" \/>\n<meta property=\"og:title\" content=\"Conditions de location | Cooltra.com\" \/>\n<meta property=\"og:description\" content=\"Retrouvez toutes nos conditions de location de notre service. En cas de doute, n&#039;h\u00e9sitez pas \u00e0 nous contacter !\" \/>\n<meta property=\"og:url\" content=\"https:\/\/test2023.cooltra.com\/fr\/louer-pour-des-jours\/conditions-de-location\/\" \/>\n<meta property=\"og:site_name\" content=\"Cooltra\" \/>\n<meta property=\"article:publisher\" content=\"https:\/\/www.facebook.com\/CooltraMotos\/\" \/>\n<meta property=\"article:modified_time\" content=\"2023-05-31T11:44:33+00:00\" \/>\n<meta property=\"og:image\" content=\"https:\/\/cdn.cooltra.com\/uploads\/2018\/04\/cooltra-alquiler-de-motos-y-scooter-de-gasolina-y-electricas.png\" \/>\n\t<meta property=\"og:image:width\" content=\"2000\" \/>\n\t<meta property=\"og:image:height\" content=\"510\" \/>\n\t<meta property=\"og:image:type\" content=\"image\/png\" \/>\n<meta name=\"twitter:card\" content=\"summary_large_image\" \/>\n<meta name=\"twitter:site\" content=\"@cooltra\" \/>\n<meta name=\"twitter:label1\" content=\"Dur\u00e9e de lecture estim\u00e9e\" \/>\n\t<meta name=\"twitter:data1\" content=\"3 minutes\" \/>\n<script type=\"application\/ld+json\" class=\"yoast-schema-graph\">{\"@context\":\"https:\/\/schema.org\",\"@graph\":[{\"@type\":\"WebPage\",\"@id\":\"https:\/\/test2023.cooltra.com\/fr\/louer-pour-des-jours\/conditions-de-location\/\",\"url\":\"https:\/\/test2023.cooltra.com\/fr\/louer-pour-des-jours\/conditions-de-location\/\",\"name\":\"Conditions de location | Cooltra.com\",\"isPartOf\":{\"@id\":\"https:\/\/test2023.cooltra.com\/es\/#website\"},\"datePublished\":\"2018-04-26T15:13:41+00:00\",\"dateModified\":\"2023-05-31T11:44:33+00:00\",\"description\":\"Retrouvez toutes nos conditions de location de notre service. En cas de doute, n'h\u00e9sitez pas \u00e0 nous contacter !\",\"inLanguage\":\"fr-FR\",\"potentialAction\":[{\"@type\":\"ReadAction\",\"target\":[\"https:\/\/test2023.cooltra.com\/fr\/louer-pour-des-jours\/conditions-de-location\/\"]}]},{\"@type\":\"WebSite\",\"@id\":\"https:\/\/test2023.cooltra.com\/es\/#website\",\"url\":\"https:\/\/test2023.cooltra.com\/es\/\",\"name\":\"Cooltra\",\"description\":\"Alquiler de motos y scooters de gasolina y el\u00e9ctricas\",\"potentialAction\":[{\"@type\":\"SearchAction\",\"target\":{\"@type\":\"EntryPoint\",\"urlTemplate\":\"https:\/\/test2023.cooltra.com\/es\/?s={search_term_string}\"},\"query-input\":\"required name=search_term_string\"}],\"inLanguage\":\"fr-FR\"}]}<\/script>\n<!-- \/ Yoast SEO plugin. -->","yoast_head_json":{"title":"Conditions de location | Cooltra.com","description":"Retrouvez toutes nos conditions de location de notre service. En cas de doute, n'h\u00e9sitez pas \u00e0 nous contacter !","robots":{"index":"noindex","follow":"follow"},"og_locale":"fr_FR","og_type":"article","og_title":"Conditions de location | Cooltra.com","og_description":"Retrouvez toutes nos conditions de location de notre service. En cas de doute, n'h\u00e9sitez pas \u00e0 nous contacter !","og_url":"https:\/\/test2023.cooltra.com\/fr\/louer-pour-des-jours\/conditions-de-location\/","og_site_name":"Cooltra","article_publisher":"https:\/\/www.facebook.com\/CooltraMotos\/","article_modified_time":"2023-05-31T11:44:33+00:00","og_image":[{"width":2000,"height":510,"url":"https:\/\/cdn.cooltra.com\/uploads\/2018\/04\/cooltra-alquiler-de-motos-y-scooter-de-gasolina-y-electricas.png","type":"image\/png"}],"twitter_card":"summary_large_image","twitter_site":"@cooltra","twitter_misc":{"Dur\u00e9e de lecture estim\u00e9e":"3 minutes"},"schema":{"@context":"https:\/\/schema.org","@graph":[{"@type":"WebPage","@id":"https:\/\/test2023.cooltra.com\/fr\/louer-pour-des-jours\/conditions-de-location\/","url":"https:\/\/test2023.cooltra.com\/fr\/louer-pour-des-jours\/conditions-de-location\/","name":"Conditions de location | Cooltra.com","isPartOf":{"@id":"https:\/\/test2023.cooltra.com\/es\/#website"},"datePublished":"2018-04-26T15:13:41+00:00","dateModified":"2023-05-31T11:44:33+00:00","description":"Retrouvez toutes nos conditions de location de notre service. En cas de doute, n'h\u00e9sitez pas \u00e0 nous contacter !","inLanguage":"fr-FR","potentialAction":[{"@type":"ReadAction","target":["https:\/\/test2023.cooltra.com\/fr\/louer-pour-des-jours\/conditions-de-location\/"]}]},{"@type":"WebSite","@id":"https:\/\/test2023.cooltra.com\/es\/#website","url":"https:\/\/test2023.cooltra.com\/es\/","name":"Cooltra","description":"Alquiler de motos y scooters de gasolina y el\u00e9ctricas","potentialAction":[{"@type":"SearchAction","target":{"@type":"EntryPoint","urlTemplate":"https:\/\/test2023.cooltra.com\/es\/?s={search_term_string}"},"query-input":"required name=search_term_string"}],"inLanguage":"fr-FR"}]}},"_links":{"self":[{"href":"https:\/\/test2023.cooltra.com\/fr\/wp-json\/wp\/v2\/pages\/6082"}],"collection":[{"href":"https:\/\/test2023.cooltra.com\/fr\/wp-json\/wp\/v2\/pages"}],"about":[{"href":"https:\/\/test2023.cooltra.com\/fr\/wp-json\/wp\/v2\/types\/page"}],"author":[{"embeddable":true,"href":"https:\/\/test2023.cooltra.com\/fr\/wp-json\/wp\/v2\/users\/2"}],"replies":[{"embeddable":true,"href":"https:\/\/test2023.cooltra.com\/fr\/wp-json\/wp\/v2\/comments?post=6082"}],"version-history":[{"count":0,"href":"https:\/\/test2023.cooltra.com\/fr\/wp-json\/wp\/v2\/pages\/6082\/revisions"}],"wp:attachment":[{"href":"https:\/\/test2023.cooltra.com\/fr\/wp-json\/wp\/v2\/media?parent=6082"}],"curies":[{"name":"wp","href":"https:\/\/api.w.org\/{rel}","templated":true}]}}