{"id":54441,"date":"2022-03-31T12:02:13","date_gmt":"2022-03-31T11:02:13","guid":{"rendered":"https:\/\/cooltra.com\/alquiler-por-minutos-horas-descarga-app\/"},"modified":"2022-04-04T15:02:57","modified_gmt":"2022-04-04T14:02:57","slug":"telecharger-application","status":"publish","type":"page","link":"https:\/\/test2023.cooltra.com\/fr\/loyer-a-la-minute-heure\/telecharger-application\/","title":{"rendered":"Descarga la app"},"content":{"rendered":"","protected":false},"excerpt":{"rendered":"","protected":false},"author":20,"featured_media":0,"parent":0,"menu_order":0,"comment_status":"closed","ping_status":"closed","template":"page-sections.blade.php","meta":{"inline_featured_image":false},"yoast_head":"<!-- This site is optimized with the Yoast SEO plugin v20.9 - https:\/\/yoast.com\/wordpress\/plugins\/seo\/ -->\n<title>T\u00e9l\u00e9charger l&#039;application - Cooltra<\/title>\n<meta name=\"description\" content=\"T\u00e9l\u00e9chargez l&#039;application Cooltra et acc\u00e9dez \u00e0 des milliers de scooters partag\u00e9s dans votre ville directement depuis votre mobile. Ne payez que pour les minutes d&#039;utilisation du service.\" \/>\n<meta name=\"robots\" content=\"noindex, follow\" \/>\n<meta property=\"og:locale\" content=\"fr_FR\" \/>\n<meta property=\"og:type\" content=\"article\" \/>\n<meta property=\"og:title\" content=\"T\u00e9l\u00e9charger l&#039;application - Cooltra\" \/>\n<meta property=\"og:description\" content=\"T\u00e9l\u00e9chargez l&#039;application Cooltra et acc\u00e9dez \u00e0 des milliers de scooters partag\u00e9s dans votre ville directement depuis votre mobile. Ne payez que pour les minutes d&#039;utilisation du service.\" \/>\n<meta property=\"og:url\" content=\"https:\/\/test2023.cooltra.com\/fr\/loyer-a-la-minute-heure\/telecharger-application\/\" \/>\n<meta property=\"og:site_name\" content=\"Cooltra\" \/>\n<meta property=\"article:publisher\" content=\"https:\/\/www.facebook.com\/CooltraMotos\/\" \/>\n<meta property=\"article:modified_time\" content=\"2022-04-04T14:02:57+00:00\" \/>\n<meta property=\"og:image\" content=\"https:\/\/cdn.cooltra.com\/uploads\/2018\/04\/cooltra-alquiler-de-motos-y-scooter-de-gasolina-y-electricas.png\" \/>\n\t<meta property=\"og:image:width\" content=\"2000\" \/>\n\t<meta property=\"og:image:height\" content=\"510\" \/>\n\t<meta property=\"og:image:type\" content=\"image\/png\" \/>\n<meta name=\"twitter:card\" content=\"summary_large_image\" \/>\n<meta name=\"twitter:site\" content=\"@cooltra\" \/>\n<script type=\"application\/ld+json\" class=\"yoast-schema-graph\">{\"@context\":\"https:\/\/schema.org\",\"@graph\":[{\"@type\":\"WebPage\",\"@id\":\"https:\/\/test2023.cooltra.com\/fr\/loyer-a-la-minute-heure\/telecharger-application\/\",\"url\":\"https:\/\/test2023.cooltra.com\/fr\/loyer-a-la-minute-heure\/telecharger-application\/\",\"name\":\"T\u00e9l\u00e9charger l'application - Cooltra\",\"isPartOf\":{\"@id\":\"https:\/\/test2023.cooltra.com\/es\/#website\"},\"datePublished\":\"2022-03-31T11:02:13+00:00\",\"dateModified\":\"2022-04-04T14:02:57+00:00\",\"description\":\"T\u00e9l\u00e9chargez l'application Cooltra et acc\u00e9dez \u00e0 des milliers de scooters partag\u00e9s dans votre ville directement depuis votre mobile. Ne payez que pour les minutes d'utilisation du service.\",\"inLanguage\":\"fr-FR\",\"potentialAction\":[{\"@type\":\"ReadAction\",\"target\":[\"https:\/\/test2023.cooltra.com\/fr\/loyer-a-la-minute-heure\/telecharger-application\/\"]}]},{\"@type\":\"WebSite\",\"@id\":\"https:\/\/test2023.cooltra.com\/es\/#website\",\"url\":\"https:\/\/test2023.cooltra.com\/es\/\",\"name\":\"Cooltra\",\"description\":\"Alquiler de motos y scooters de gasolina y el\u00e9ctricas\",\"potentialAction\":[{\"@type\":\"SearchAction\",\"target\":{\"@type\":\"EntryPoint\",\"urlTemplate\":\"https:\/\/test2023.cooltra.com\/es\/?s={search_term_string}\"},\"query-input\":\"required name=search_term_string\"}],\"inLanguage\":\"fr-FR\"}]}<\/script>\n<!-- \/ Yoast SEO plugin. -->","yoast_head_json":{"title":"T\u00e9l\u00e9charger l'application - Cooltra","description":"T\u00e9l\u00e9chargez l'application Cooltra et acc\u00e9dez \u00e0 des milliers de scooters partag\u00e9s dans votre ville directement depuis votre mobile. Ne payez que pour les minutes d'utilisation du service.","robots":{"index":"noindex","follow":"follow"},"og_locale":"fr_FR","og_type":"article","og_title":"T\u00e9l\u00e9charger l'application - Cooltra","og_description":"T\u00e9l\u00e9chargez l'application Cooltra et acc\u00e9dez \u00e0 des milliers de scooters partag\u00e9s dans votre ville directement depuis votre mobile. Ne payez que pour les minutes d'utilisation du service.","og_url":"https:\/\/test2023.cooltra.com\/fr\/loyer-a-la-minute-heure\/telecharger-application\/","og_site_name":"Cooltra","article_publisher":"https:\/\/www.facebook.com\/CooltraMotos\/","article_modified_time":"2022-04-04T14:02:57+00:00","og_image":[{"width":2000,"height":510,"url":"https:\/\/cdn.cooltra.com\/uploads\/2018\/04\/cooltra-alquiler-de-motos-y-scooter-de-gasolina-y-electricas.png","type":"image\/png"}],"twitter_card":"summary_large_image","twitter_site":"@cooltra","schema":{"@context":"https:\/\/schema.org","@graph":[{"@type":"WebPage","@id":"https:\/\/test2023.cooltra.com\/fr\/loyer-a-la-minute-heure\/telecharger-application\/","url":"https:\/\/test2023.cooltra.com\/fr\/loyer-a-la-minute-heure\/telecharger-application\/","name":"T\u00e9l\u00e9charger l'application - Cooltra","isPartOf":{"@id":"https:\/\/test2023.cooltra.com\/es\/#website"},"datePublished":"2022-03-31T11:02:13+00:00","dateModified":"2022-04-04T14:02:57+00:00","description":"T\u00e9l\u00e9chargez l'application Cooltra et acc\u00e9dez \u00e0 des milliers de scooters partag\u00e9s dans votre ville directement depuis votre mobile. Ne payez que pour les minutes d'utilisation du service.","inLanguage":"fr-FR","potentialAction":[{"@type":"ReadAction","target":["https:\/\/test2023.cooltra.com\/fr\/loyer-a-la-minute-heure\/telecharger-application\/"]}]},{"@type":"WebSite","@id":"https:\/\/test2023.cooltra.com\/es\/#website","url":"https:\/\/test2023.cooltra.com\/es\/","name":"Cooltra","description":"Alquiler de motos y scooters de gasolina y el\u00e9ctricas","potentialAction":[{"@type":"SearchAction","target":{"@type":"EntryPoint","urlTemplate":"https:\/\/test2023.cooltra.com\/es\/?s={search_term_string}"},"query-input":"required name=search_term_string"}],"inLanguage":"fr-FR"}]}},"_links":{"self":[{"href":"https:\/\/test2023.cooltra.com\/fr\/wp-json\/wp\/v2\/pages\/54441"}],"collection":[{"href":"https:\/\/test2023.cooltra.com\/fr\/wp-json\/wp\/v2\/pages"}],"about":[{"href":"https:\/\/test2023.cooltra.com\/fr\/wp-json\/wp\/v2\/types\/page"}],"author":[{"embeddable":true,"href":"https:\/\/test2023.cooltra.com\/fr\/wp-json\/wp\/v2\/users\/20"}],"replies":[{"embeddable":true,"href":"https:\/\/test2023.cooltra.com\/fr\/wp-json\/wp\/v2\/comments?post=54441"}],"version-history":[{"count":0,"href":"https:\/\/test2023.cooltra.com\/fr\/wp-json\/wp\/v2\/pages\/54441\/revisions"}],"wp:attachment":[{"href":"https:\/\/test2023.cooltra.com\/fr\/wp-json\/wp\/v2\/media?parent=54441"}],"curies":[{"name":"wp","href":"https:\/\/api.w.org\/{rel}","templated":true}]}}