{"id":52015,"date":"2022-01-26T10:18:24","date_gmt":"2022-01-26T09:18:24","guid":{"rendered":"https:\/\/cooltra.com\/venta-de-credito-de-sharing\/"},"modified":"2023-05-03T10:23:54","modified_gmt":"2023-05-03T09:23:54","slug":"credit-sharing","status":"publish","type":"page","link":"https:\/\/test2023.cooltra.com\/fr\/credit-sharing\/","title":{"rendered":"Credit Sale"},"content":{"rendered":"","protected":false},"excerpt":{"rendered":"","protected":false},"author":20,"featured_media":0,"parent":0,"menu_order":0,"comment_status":"closed","ping_status":"closed","template":"page-companyrent.php","meta":{"inline_featured_image":false},"yoast_head":"<!-- This site is optimized with the Yoast SEO plugin v20.9 - https:\/\/yoast.com\/wordpress\/plugins\/seo\/ -->\n<title>Credit Sale - Cooltra<\/title>\n<meta name=\"description\" content=\"Nous vous offrons la possibilit\u00e9 d&#039;acheter du cr\u00e9dit pour l&#039;utilisation de notre service avec une r\u00e9duction allant jusqu&#039;\u00e0 30 %.\" \/>\n<meta name=\"robots\" content=\"noindex, follow\" \/>\n<meta property=\"og:locale\" content=\"fr_FR\" \/>\n<meta property=\"og:type\" content=\"article\" \/>\n<meta property=\"og:title\" content=\"Credit Sale - Cooltra\" \/>\n<meta property=\"og:description\" content=\"Nous vous offrons la possibilit\u00e9 d&#039;acheter du cr\u00e9dit pour l&#039;utilisation de notre service avec une r\u00e9duction allant jusqu&#039;\u00e0 30 %.\" \/>\n<meta property=\"og:url\" content=\"https:\/\/test2023.cooltra.com\/fr\/credit-sharing\/\" \/>\n<meta property=\"og:site_name\" content=\"Cooltra\" \/>\n<meta property=\"article:publisher\" content=\"https:\/\/www.facebook.com\/CooltraMotos\/\" \/>\n<meta property=\"article:modified_time\" content=\"2023-05-03T09:23:54+00:00\" \/>\n<meta property=\"og:image\" content=\"https:\/\/cdn.cooltra.com\/uploads\/2018\/04\/cooltra-alquiler-de-motos-y-scooter-de-gasolina-y-electricas.png\" \/>\n\t<meta property=\"og:image:width\" content=\"2000\" \/>\n\t<meta property=\"og:image:height\" content=\"510\" \/>\n\t<meta property=\"og:image:type\" content=\"image\/png\" \/>\n<meta name=\"twitter:card\" content=\"summary_large_image\" \/>\n<meta name=\"twitter:site\" content=\"@cooltra\" \/>\n<script type=\"application\/ld+json\" class=\"yoast-schema-graph\">{\"@context\":\"https:\/\/schema.org\",\"@graph\":[{\"@type\":\"WebPage\",\"@id\":\"https:\/\/test2023.cooltra.com\/fr\/credit-sharing\/\",\"url\":\"https:\/\/test2023.cooltra.com\/fr\/credit-sharing\/\",\"name\":\"Credit Sale - Cooltra\",\"isPartOf\":{\"@id\":\"https:\/\/test2023.cooltra.com\/es\/#website\"},\"datePublished\":\"2022-01-26T09:18:24+00:00\",\"dateModified\":\"2023-05-03T09:23:54+00:00\",\"description\":\"Nous vous offrons la possibilit\u00e9 d'acheter du cr\u00e9dit pour l'utilisation de notre service avec une r\u00e9duction allant jusqu'\u00e0 30 %.\",\"inLanguage\":\"fr-FR\",\"potentialAction\":[{\"@type\":\"ReadAction\",\"target\":[\"https:\/\/test2023.cooltra.com\/fr\/credit-sharing\/\"]}]},{\"@type\":\"WebSite\",\"@id\":\"https:\/\/test2023.cooltra.com\/es\/#website\",\"url\":\"https:\/\/test2023.cooltra.com\/es\/\",\"name\":\"Cooltra\",\"description\":\"Alquiler de motos y scooters de gasolina y el\u00e9ctricas\",\"potentialAction\":[{\"@type\":\"SearchAction\",\"target\":{\"@type\":\"EntryPoint\",\"urlTemplate\":\"https:\/\/test2023.cooltra.com\/es\/?s={search_term_string}\"},\"query-input\":\"required name=search_term_string\"}],\"inLanguage\":\"fr-FR\"}]}<\/script>\n<!-- \/ Yoast SEO plugin. -->","yoast_head_json":{"title":"Credit Sale - Cooltra","description":"Nous vous offrons la possibilit\u00e9 d'acheter du cr\u00e9dit pour l'utilisation de notre service avec une r\u00e9duction allant jusqu'\u00e0 30 %.","robots":{"index":"noindex","follow":"follow"},"og_locale":"fr_FR","og_type":"article","og_title":"Credit Sale - Cooltra","og_description":"Nous vous offrons la possibilit\u00e9 d'acheter du cr\u00e9dit pour l'utilisation de notre service avec une r\u00e9duction allant jusqu'\u00e0 30 %.","og_url":"https:\/\/test2023.cooltra.com\/fr\/credit-sharing\/","og_site_name":"Cooltra","article_publisher":"https:\/\/www.facebook.com\/CooltraMotos\/","article_modified_time":"2023-05-03T09:23:54+00:00","og_image":[{"width":2000,"height":510,"url":"https:\/\/cdn.cooltra.com\/uploads\/2018\/04\/cooltra-alquiler-de-motos-y-scooter-de-gasolina-y-electricas.png","type":"image\/png"}],"twitter_card":"summary_large_image","twitter_site":"@cooltra","schema":{"@context":"https:\/\/schema.org","@graph":[{"@type":"WebPage","@id":"https:\/\/test2023.cooltra.com\/fr\/credit-sharing\/","url":"https:\/\/test2023.cooltra.com\/fr\/credit-sharing\/","name":"Credit Sale - Cooltra","isPartOf":{"@id":"https:\/\/test2023.cooltra.com\/es\/#website"},"datePublished":"2022-01-26T09:18:24+00:00","dateModified":"2023-05-03T09:23:54+00:00","description":"Nous vous offrons la possibilit\u00e9 d'acheter du cr\u00e9dit pour l'utilisation de notre service avec une r\u00e9duction allant jusqu'\u00e0 30 %.","inLanguage":"fr-FR","potentialAction":[{"@type":"ReadAction","target":["https:\/\/test2023.cooltra.com\/fr\/credit-sharing\/"]}]},{"@type":"WebSite","@id":"https:\/\/test2023.cooltra.com\/es\/#website","url":"https:\/\/test2023.cooltra.com\/es\/","name":"Cooltra","description":"Alquiler de motos y scooters de gasolina y el\u00e9ctricas","potentialAction":[{"@type":"SearchAction","target":{"@type":"EntryPoint","urlTemplate":"https:\/\/test2023.cooltra.com\/es\/?s={search_term_string}"},"query-input":"required name=search_term_string"}],"inLanguage":"fr-FR"}]}},"_links":{"self":[{"href":"https:\/\/test2023.cooltra.com\/fr\/wp-json\/wp\/v2\/pages\/52015"}],"collection":[{"href":"https:\/\/test2023.cooltra.com\/fr\/wp-json\/wp\/v2\/pages"}],"about":[{"href":"https:\/\/test2023.cooltra.com\/fr\/wp-json\/wp\/v2\/types\/page"}],"author":[{"embeddable":true,"href":"https:\/\/test2023.cooltra.com\/fr\/wp-json\/wp\/v2\/users\/20"}],"replies":[{"embeddable":true,"href":"https:\/\/test2023.cooltra.com\/fr\/wp-json\/wp\/v2\/comments?post=52015"}],"version-history":[{"count":0,"href":"https:\/\/test2023.cooltra.com\/fr\/wp-json\/wp\/v2\/pages\/52015\/revisions"}],"wp:attachment":[{"href":"https:\/\/test2023.cooltra.com\/fr\/wp-json\/wp\/v2\/media?parent=52015"}],"curies":[{"name":"wp","href":"https:\/\/api.w.org\/{rel}","templated":true}]}}