{"id":3755,"date":"2018-03-12T14:42:23","date_gmt":"2018-03-12T14:42:23","guid":{"rendered":"http:\/\/new.cooltra.com\/home\/"},"modified":"2023-05-26T10:20:11","modified_gmt":"2023-05-26T09:20:11","slug":"louer-pour-des-jours","status":"publish","type":"page","link":"https:\/\/test2023.cooltra.com\/fr\/louer-pour-des-jours\/","title":{"rendered":"Location \u00e0 la journ\u00e9e"},"content":{"rendered":"<p>&nbsp;<\/p>\n<p>&nbsp;<\/p>\n<p>&nbsp;<\/p>\n","protected":false},"excerpt":{"rendered":"<p>&nbsp; &nbsp; &nbsp;<\/p>\n","protected":false},"author":1,"featured_media":0,"parent":0,"menu_order":0,"comment_status":"closed","ping_status":"open","template":"page-oldhome.php","meta":{"inline_featured_image":false},"yoast_head":"<!-- This site is optimized with the Yoast SEO plugin v20.9 - https:\/\/yoast.com\/wordpress\/plugins\/seo\/ -->\n<title>Location de scooters \u00e0 la journ\u00e9e | Cooltra.com<\/title>\n<meta name=\"description\" content=\"Cooltra est l\u2019entreprise leader en Europe de la location de scooters. Les meilleurs scooters au meilleur prix ! Le service inclut casque, assurance, KM illimit\u00e9s et 5% de r\u00e9duction avec votre r\u00e9servation en ligne. R\u00e9servez maintenant !\" \/>\n<meta name=\"robots\" content=\"noindex, follow\" \/>\n<meta property=\"og:locale\" content=\"fr_FR\" \/>\n<meta property=\"og:type\" content=\"article\" \/>\n<meta property=\"og:title\" content=\"Location de scooters \u00e0 la journ\u00e9e | Cooltra.com\" \/>\n<meta property=\"og:description\" content=\"Alquila una moto en cualquiera de nuestros 100 puntos de alquiler. \u00a1Las mejores motos al mejor precio! Incluye casco, seguro, KM ilimitados y 5% de descuento en reservas anticipadas. \u00a1Reserva ya!aa\" \/>\n<meta property=\"og:url\" content=\"https:\/\/test2023.cooltra.com\/fr\/louer-pour-des-jours\/\" \/>\n<meta property=\"og:site_name\" content=\"Cooltra\" \/>\n<meta property=\"article:publisher\" content=\"https:\/\/www.facebook.com\/CooltraMotos\/\" \/>\n<meta property=\"article:modified_time\" content=\"2023-05-26T09:20:11+00:00\" \/>\n<meta property=\"og:image\" content=\"https:\/\/cdn.cooltra.com\/uploads\/2018\/06\/cooltra-jpg.jpg\" \/>\n<meta name=\"twitter:card\" content=\"summary_large_image\" \/>\n<meta name=\"twitter:site\" content=\"@cooltra\" \/>\n<script type=\"application\/ld+json\" class=\"yoast-schema-graph\">{\"@context\":\"https:\/\/schema.org\",\"@graph\":[{\"@type\":\"WebPage\",\"@id\":\"https:\/\/test2023.cooltra.com\/fr\/louer-pour-des-jours\/\",\"url\":\"https:\/\/test2023.cooltra.com\/fr\/louer-pour-des-jours\/\",\"name\":\"Location de scooters \u00e0 la journ\u00e9e | Cooltra.com\",\"isPartOf\":{\"@id\":\"https:\/\/test2023.cooltra.com\/es\/#website\"},\"datePublished\":\"2018-03-12T14:42:23+00:00\",\"dateModified\":\"2023-05-26T09:20:11+00:00\",\"description\":\"Cooltra est l\u2019entreprise leader en Europe de la location de scooters. Les meilleurs scooters au meilleur prix ! Le service inclut casque, assurance, KM illimit\u00e9s et 5% de r\u00e9duction avec votre r\u00e9servation en ligne. R\u00e9servez maintenant !\",\"inLanguage\":\"fr-FR\",\"potentialAction\":[{\"@type\":\"ReadAction\",\"target\":[\"https:\/\/test2023.cooltra.com\/fr\/louer-pour-des-jours\/\"]}]},{\"@type\":\"WebSite\",\"@id\":\"https:\/\/test2023.cooltra.com\/es\/#website\",\"url\":\"https:\/\/test2023.cooltra.com\/es\/\",\"name\":\"Cooltra\",\"description\":\"Alquiler de motos y scooters de gasolina y el\u00e9ctricas\",\"potentialAction\":[{\"@type\":\"SearchAction\",\"target\":{\"@type\":\"EntryPoint\",\"urlTemplate\":\"https:\/\/test2023.cooltra.com\/es\/?s={search_term_string}\"},\"query-input\":\"required name=search_term_string\"}],\"inLanguage\":\"fr-FR\"}]}<\/script>\n<!-- \/ Yoast SEO plugin. -->","yoast_head_json":{"title":"Location de scooters \u00e0 la journ\u00e9e | Cooltra.com","description":"Cooltra est l\u2019entreprise leader en Europe de la location de scooters. Les meilleurs scooters au meilleur prix ! Le service inclut casque, assurance, KM illimit\u00e9s et 5% de r\u00e9duction avec votre r\u00e9servation en ligne. R\u00e9servez maintenant !","robots":{"index":"noindex","follow":"follow"},"og_locale":"fr_FR","og_type":"article","og_title":"Location de scooters \u00e0 la journ\u00e9e | Cooltra.com","og_description":"Alquila una moto en cualquiera de nuestros 100 puntos de alquiler. \u00a1Las mejores motos al mejor precio! Incluye casco, seguro, KM ilimitados y 5% de descuento en reservas anticipadas. \u00a1Reserva ya!aa","og_url":"https:\/\/test2023.cooltra.com\/fr\/louer-pour-des-jours\/","og_site_name":"Cooltra","article_publisher":"https:\/\/www.facebook.com\/CooltraMotos\/","article_modified_time":"2023-05-26T09:20:11+00:00","og_image":[{"url":"https:\/\/cdn.cooltra.com\/uploads\/2018\/06\/cooltra-jpg.jpg"}],"twitter_card":"summary_large_image","twitter_site":"@cooltra","schema":{"@context":"https:\/\/schema.org","@graph":[{"@type":"WebPage","@id":"https:\/\/test2023.cooltra.com\/fr\/louer-pour-des-jours\/","url":"https:\/\/test2023.cooltra.com\/fr\/louer-pour-des-jours\/","name":"Location de scooters \u00e0 la journ\u00e9e | Cooltra.com","isPartOf":{"@id":"https:\/\/test2023.cooltra.com\/es\/#website"},"datePublished":"2018-03-12T14:42:23+00:00","dateModified":"2023-05-26T09:20:11+00:00","description":"Cooltra est l\u2019entreprise leader en Europe de la location de scooters. Les meilleurs scooters au meilleur prix ! Le service inclut casque, assurance, KM illimit\u00e9s et 5% de r\u00e9duction avec votre r\u00e9servation en ligne. R\u00e9servez maintenant !","inLanguage":"fr-FR","potentialAction":[{"@type":"ReadAction","target":["https:\/\/test2023.cooltra.com\/fr\/louer-pour-des-jours\/"]}]},{"@type":"WebSite","@id":"https:\/\/test2023.cooltra.com\/es\/#website","url":"https:\/\/test2023.cooltra.com\/es\/","name":"Cooltra","description":"Alquiler de motos y scooters de gasolina y el\u00e9ctricas","potentialAction":[{"@type":"SearchAction","target":{"@type":"EntryPoint","urlTemplate":"https:\/\/test2023.cooltra.com\/es\/?s={search_term_string}"},"query-input":"required name=search_term_string"}],"inLanguage":"fr-FR"}]}},"_links":{"self":[{"href":"https:\/\/test2023.cooltra.com\/fr\/wp-json\/wp\/v2\/pages\/3755"}],"collection":[{"href":"https:\/\/test2023.cooltra.com\/fr\/wp-json\/wp\/v2\/pages"}],"about":[{"href":"https:\/\/test2023.cooltra.com\/fr\/wp-json\/wp\/v2\/types\/page"}],"author":[{"embeddable":true,"href":"https:\/\/test2023.cooltra.com\/fr\/wp-json\/wp\/v2\/users\/1"}],"replies":[{"embeddable":true,"href":"https:\/\/test2023.cooltra.com\/fr\/wp-json\/wp\/v2\/comments?post=3755"}],"version-history":[{"count":0,"href":"https:\/\/test2023.cooltra.com\/fr\/wp-json\/wp\/v2\/pages\/3755\/revisions"}],"wp:attachment":[{"href":"https:\/\/test2023.cooltra.com\/fr\/wp-json\/wp\/v2\/media?parent=3755"}],"curies":[{"name":"wp","href":"https:\/\/api.w.org\/{rel}","templated":true}]}}