{"id":31590,"date":"2021-02-25T16:30:35","date_gmt":"2021-02-25T15:30:35","guid":{"rendered":"https:\/\/bruce.cooltra.com\/politica-de-privacidad-2-2\/"},"modified":"2021-12-21T13:14:39","modified_gmt":"2021-12-21T12:14:39","slug":"politica-de-privacidad-2-2","status":"publish","type":"page","link":"https:\/\/test2023.cooltra.com\/fr\/loyer-a-la-minute-heure\/termets-et-conditions\/","title":{"rendered":"Termes et conditions"},"content":{"rendered":"<div>Pour louer un scooter avec Cooltra, il est n\u00e9cessaire d\u2019\u00eatre en possession d\u2019un\u00a0<strong>permis de conduire valide<\/strong>\u00a0selon la l\u00e9gislation du pays de location.\u00a0Le tableau ci-dessous indique les exigences minimales pour nos points de location en Espagne, en Italie, en France et au Portugal :<\/div>\n<div><\/div>\n<table border=\"1\" cellspacing=\"0\" cellpadding=\"0\">\n<tbody>\n<tr>\n<td><\/td>\n<td><strong>Scooter 50cc<\/strong><\/td>\n<td><strong>Scooter 125cc<\/strong><\/td>\n<td><strong>Scooter 3-roues<\/strong><\/td>\n<td><strong>Scooter 400cc<\/strong><\/td>\n<td><strong>Scooter +400cc<\/strong><\/td>\n<td><strong>QUAD<\/strong><\/td>\n<\/tr>\n<tr>\n<td>Espagne<\/td>\n<td>Min. 18 ans, permis B\/AM, B (plus\u00a0 d&#8217;une ann\u00e9e)<\/td>\n<td>Min. 18 ans, A1\/A ou Min 21 ans et 3+ ans d\u2019exp\u00e9rience avec B<\/td>\n<td>Min. 18 ans, A1\/A ou 3+ ans d\u2019exp\u00e9rience avec B<\/td>\n<td>Min. 18 ans et permis A ou A2<\/td>\n<td>Min. 21 ans et permis A<\/td>\n<td>Min. 21 ans et permis B avec 3+ ans d\u2019exp\u00e9rience<\/td>\n<\/tr>\n<tr>\n<td>Italie<\/td>\n<td>Min. 18 ans, permis B\/AM<\/td>\n<td>Min. 18 ans, permis A1 (max 11KW) ou\u00a0A2 (max 35KW) ou\u00a0A ou B (max 11KW)<\/td>\n<td>Min. 18 ans, A1\/A ou 3+ ans d\u2019exp\u00e9rience avec B<\/td>\n<td>Min. 21 ans et permis A ou A2<\/td>\n<td>Min. 21 ans et permis A<\/td>\n<td>\u2013<\/td>\n<\/tr>\n<tr>\n<td>France<\/td>\n<td>Min. 18 ans, permis B\/AM<\/td>\n<td>Min. 20 ans et permis A<\/td>\n<td>Min. 20 ans et permis A<\/td>\n<td>Min. 20 ans et permis A<\/td>\n<td>Min. 21 ans et permis A<\/td>\n<td>\u2013<\/td>\n<\/tr>\n<tr>\n<td>Portugal<\/td>\n<td>Min. 18 ans, permis B\/AM<\/td>\n<td>Permis A1\/A ou 25+ ans + B<\/td>\n<td>Permis A1\/A ou 25+ ans + B<\/td>\n<td>Permis A ou A2<\/td>\n<td>Min. 21 ans et permis A<\/td>\n<td>\u2013<\/td>\n<\/tr>\n<\/tbody>\n<\/table>\n<div><\/div>\n<div><em>*Remarque : si votre permis de conduire ne provient pas d\u2019un pays de l\u2019Union \u00e9conomique europ\u00e9enne ou d\u2019un pays sans accord de commodit\u00e9 avec l\u2019Espagne (ou d\u2019autres pays dans lesquels Cooltra est pr\u00e9sent), vous devez disposer d\u2019un permis de conduire international (PDI). De m\u00eame, les documents valides sont r\u00e9gis par la loi du pays dans lequel vous conduisez et non par le pays \u00e9metteur du document.<\/em><\/div>\n<div><\/div>\n<p>&nbsp;<\/p>\n<h2>CONDITIONS G\u00c9N\u00c9RALES DE LOCATION \u2013 CONTRAT DE LOCATION<\/h2>\n<p>Ci-dessous, vous pouvez t\u00e9l\u00e9charger les conditions g\u00e9n\u00e9rales de location au format PDF :<\/p>\n<div>\n<p>&nbsp;<\/p>\n<p><strong>ESPAGNE<\/strong><\/p>\n<\/div>\n<div>\n<ul>\n<li>GENERAL RENTAL CONDITIONS \u2013 SPAIN (<a href=\"https:\/\/cdn.cooltra.com\/uploads\/2019\/04\/cooltra_general_rental_conditions_en-es.pdf\" target=\"_blank\" rel=\"noopener\">pdf<\/a>)<\/li>\n<li>CONDICIONES GENERALES DE ALQUILER \u2013 ESPA\u00d1A (<a href=\"https:\/\/cdn.cooltra.com\/uploads\/2019\/04\/cooltra_condiciones_generales_alquiler_es.pdf\" target=\"_blank\" rel=\"noopener\">pdf<\/a>)<\/li>\n<\/ul>\n<p><strong>ITALIE<\/strong><\/p>\n<ul>\n<li>GENERAL RENTAL CONDITIONS \u2013 ITALY (<a href=\"https:\/\/cdn.cooltra.com\/uploads\/2019\/04\/cooltra_general_rental_conditions_en-it.pdf\" target=\"_blank\" rel=\"noopener\">pdf<\/a>)<\/li>\n<li>CONDIZIONI GENERALI DI NOLEGGIO \u2013 ITALIA (<a href=\"https:\/\/cdn.cooltra.com\/uploads\/2019\/04\/cooltra_condizioni-generali-noleggio-it.pdf\" target=\"_blank\" rel=\"noopener\">pdf<\/a>)<\/li>\n<\/ul>\n<p><strong>FRANCE<\/strong><\/p>\n<ul>\n<li>GENERAL RENTAL CONDITIONS \u2013 FRANCE (<a href=\"https:\/\/cdn.cooltra.com\/uploads\/2019\/04\/cooltra_general_rental_conditions_en-fr.pdf\" target=\"_blank\" rel=\"noopener\">pdf<\/a>)<\/li>\n<li>CONDITIONS G\u00c9N\u00c9RALES DE LOCATION \u2013 FRANCE (<a href=\"https:\/\/cdn.cooltra.com\/uploads\/2019\/04\/cooltra_conditions-generales-location-fr.pdf\" target=\"_blank\" rel=\"noopener\">pdf<\/a>)<\/li>\n<\/ul>\n<p><strong>PORTUGAL<\/strong><\/p>\n<ul>\n<li>GENERAL RENTAL CONDITIONS \u2013 PORTUGAL (<a href=\"https:\/\/cdn.cooltra.com\/uploads\/2019\/04\/cooltra_general_rental_conditions_en-pt.pdf\" target=\"_blank\" rel=\"noopener\">pdf<\/a>)<\/li>\n<li>CONDI\u00c7\u00d5ES GERAIS DE ALUGUER \u2013 PORTUGAL (<a href=\"https:\/\/cdn.cooltra.com\/uploads\/2019\/04\/cooltra_condicoes_gerais_aluguer-pt.pdf\" target=\"_blank\" rel=\"noopener\">pdf<\/a>)<\/li>\n<\/ul>\n<\/div>\n","protected":false},"excerpt":{"rendered":"<p>Pour louer un scooter avec Cooltra, il est n\u00e9cessaire d\u2019\u00eatre en possession d\u2019un\u00a0permis de conduire valide\u00a0selon la l\u00e9gislation du pays de location.\u00a0Le tableau ci-dessous indique les exigences minimales pour nos points de location en Espagne, en Italie, en France et au Portugal : Scooter 50cc Scooter 125cc Scooter 3-roues Scooter 400cc Scooter +400cc QUAD Espagne [&hellip;]<\/p>\n","protected":false},"author":20,"featured_media":0,"parent":0,"menu_order":0,"comment_status":"closed","ping_status":"closed","template":"page-text.php","meta":{"inline_featured_image":false},"yoast_head":"<!-- This site is optimized with the Yoast SEO plugin v20.9 - https:\/\/yoast.com\/wordpress\/plugins\/seo\/ -->\n<title>Termes et conditions - Cooltra<\/title>\n<meta name=\"robots\" content=\"noindex, follow\" \/>\n<meta property=\"og:locale\" content=\"fr_FR\" \/>\n<meta property=\"og:type\" content=\"article\" \/>\n<meta property=\"og:title\" content=\"Termes et conditions - Cooltra\" \/>\n<meta property=\"og:description\" content=\"Pour louer un scooter avec Cooltra, il est n\u00e9cessaire d\u2019\u00eatre en possession d\u2019un\u00a0permis de conduire valide\u00a0selon la l\u00e9gislation du pays de location.\u00a0Le tableau ci-dessous indique les exigences minimales pour nos points de location en Espagne, en Italie, en France et au Portugal : Scooter 50cc Scooter 125cc Scooter 3-roues Scooter 400cc Scooter +400cc QUAD Espagne [&hellip;]\" \/>\n<meta property=\"og:url\" content=\"https:\/\/test2023.cooltra.com\/fr\/loyer-a-la-minute-heure\/termets-et-conditions\/\" \/>\n<meta property=\"og:site_name\" content=\"Cooltra\" \/>\n<meta property=\"article:publisher\" content=\"https:\/\/www.facebook.com\/CooltraMotos\/\" \/>\n<meta property=\"article:modified_time\" content=\"2021-12-21T12:14:39+00:00\" \/>\n<meta property=\"og:image\" content=\"https:\/\/cdn.cooltra.com\/uploads\/2018\/04\/cooltra-alquiler-de-motos-y-scooter-de-gasolina-y-electricas.png\" \/>\n\t<meta property=\"og:image:width\" content=\"2000\" \/>\n\t<meta property=\"og:image:height\" content=\"510\" \/>\n\t<meta property=\"og:image:type\" content=\"image\/png\" \/>\n<meta name=\"twitter:card\" content=\"summary_large_image\" \/>\n<meta name=\"twitter:site\" content=\"@cooltra\" \/>\n<meta name=\"twitter:label1\" content=\"Dur\u00e9e de lecture estim\u00e9e\" \/>\n\t<meta name=\"twitter:data1\" content=\"2 minutes\" \/>\n<script type=\"application\/ld+json\" class=\"yoast-schema-graph\">{\"@context\":\"https:\/\/schema.org\",\"@graph\":[{\"@type\":\"WebPage\",\"@id\":\"https:\/\/test2023.cooltra.com\/fr\/loyer-a-la-minute-heure\/termets-et-conditions\/\",\"url\":\"https:\/\/test2023.cooltra.com\/fr\/loyer-a-la-minute-heure\/termets-et-conditions\/\",\"name\":\"Termes et conditions - Cooltra\",\"isPartOf\":{\"@id\":\"https:\/\/test2023.cooltra.com\/es\/#website\"},\"datePublished\":\"2021-02-25T15:30:35+00:00\",\"dateModified\":\"2021-12-21T12:14:39+00:00\",\"inLanguage\":\"fr-FR\",\"potentialAction\":[{\"@type\":\"ReadAction\",\"target\":[\"https:\/\/test2023.cooltra.com\/fr\/loyer-a-la-minute-heure\/termets-et-conditions\/\"]}]},{\"@type\":\"WebSite\",\"@id\":\"https:\/\/test2023.cooltra.com\/es\/#website\",\"url\":\"https:\/\/test2023.cooltra.com\/es\/\",\"name\":\"Cooltra\",\"description\":\"Alquiler de motos y scooters de gasolina y el\u00e9ctricas\",\"potentialAction\":[{\"@type\":\"SearchAction\",\"target\":{\"@type\":\"EntryPoint\",\"urlTemplate\":\"https:\/\/test2023.cooltra.com\/es\/?s={search_term_string}\"},\"query-input\":\"required name=search_term_string\"}],\"inLanguage\":\"fr-FR\"}]}<\/script>\n<!-- \/ Yoast SEO plugin. -->","yoast_head_json":{"title":"Termes et conditions - Cooltra","robots":{"index":"noindex","follow":"follow"},"og_locale":"fr_FR","og_type":"article","og_title":"Termes et conditions - Cooltra","og_description":"Pour louer un scooter avec Cooltra, il est n\u00e9cessaire d\u2019\u00eatre en possession d\u2019un\u00a0permis de conduire valide\u00a0selon la l\u00e9gislation du pays de location.\u00a0Le tableau ci-dessous indique les exigences minimales pour nos points de location en Espagne, en Italie, en France et au Portugal : Scooter 50cc Scooter 125cc Scooter 3-roues Scooter 400cc Scooter +400cc QUAD Espagne [&hellip;]","og_url":"https:\/\/test2023.cooltra.com\/fr\/loyer-a-la-minute-heure\/termets-et-conditions\/","og_site_name":"Cooltra","article_publisher":"https:\/\/www.facebook.com\/CooltraMotos\/","article_modified_time":"2021-12-21T12:14:39+00:00","og_image":[{"width":2000,"height":510,"url":"https:\/\/cdn.cooltra.com\/uploads\/2018\/04\/cooltra-alquiler-de-motos-y-scooter-de-gasolina-y-electricas.png","type":"image\/png"}],"twitter_card":"summary_large_image","twitter_site":"@cooltra","twitter_misc":{"Dur\u00e9e de lecture estim\u00e9e":"2 minutes"},"schema":{"@context":"https:\/\/schema.org","@graph":[{"@type":"WebPage","@id":"https:\/\/test2023.cooltra.com\/fr\/loyer-a-la-minute-heure\/termets-et-conditions\/","url":"https:\/\/test2023.cooltra.com\/fr\/loyer-a-la-minute-heure\/termets-et-conditions\/","name":"Termes et conditions - Cooltra","isPartOf":{"@id":"https:\/\/test2023.cooltra.com\/es\/#website"},"datePublished":"2021-02-25T15:30:35+00:00","dateModified":"2021-12-21T12:14:39+00:00","inLanguage":"fr-FR","potentialAction":[{"@type":"ReadAction","target":["https:\/\/test2023.cooltra.com\/fr\/loyer-a-la-minute-heure\/termets-et-conditions\/"]}]},{"@type":"WebSite","@id":"https:\/\/test2023.cooltra.com\/es\/#website","url":"https:\/\/test2023.cooltra.com\/es\/","name":"Cooltra","description":"Alquiler de motos y scooters de gasolina y el\u00e9ctricas","potentialAction":[{"@type":"SearchAction","target":{"@type":"EntryPoint","urlTemplate":"https:\/\/test2023.cooltra.com\/es\/?s={search_term_string}"},"query-input":"required name=search_term_string"}],"inLanguage":"fr-FR"}]}},"_links":{"self":[{"href":"https:\/\/test2023.cooltra.com\/fr\/wp-json\/wp\/v2\/pages\/31590"}],"collection":[{"href":"https:\/\/test2023.cooltra.com\/fr\/wp-json\/wp\/v2\/pages"}],"about":[{"href":"https:\/\/test2023.cooltra.com\/fr\/wp-json\/wp\/v2\/types\/page"}],"author":[{"embeddable":true,"href":"https:\/\/test2023.cooltra.com\/fr\/wp-json\/wp\/v2\/users\/20"}],"replies":[{"embeddable":true,"href":"https:\/\/test2023.cooltra.com\/fr\/wp-json\/wp\/v2\/comments?post=31590"}],"version-history":[{"count":0,"href":"https:\/\/test2023.cooltra.com\/fr\/wp-json\/wp\/v2\/pages\/31590\/revisions"}],"wp:attachment":[{"href":"https:\/\/test2023.cooltra.com\/fr\/wp-json\/wp\/v2\/media?parent=31590"}],"curies":[{"name":"wp","href":"https:\/\/api.w.org\/{rel}","templated":true}]}}