{"id":31038,"date":"2021-03-08T09:28:05","date_gmt":"2021-03-08T08:28:05","guid":{"rendered":"https:\/\/bruce.cooltra.com\/nuestra-historia\/"},"modified":"2023-05-03T11:31:45","modified_gmt":"2023-05-03T10:31:45","slug":"nuestra-historia","status":"publish","type":"page","link":"https:\/\/test2023.cooltra.com\/fr\/notre-histoire\/","title":{"rendered":"Notre histoire"},"content":{"rendered":"<p><span style=\"font-weight: 400;\">Cooltra est n\u00e9 en 2006 \u00e0 Barcelone en r\u00e9ponse \u00e0 un besoin. Timo Buetefisch, PDG de l&#8217;entreprise, s&#8217;est rendu compte lorsqu&#8217;il a laiss\u00e9 sa moto dans l&#8217;atelier un jour, qu&#8217;il n&#8217;y avait pas de service de location pendant des jours. C&#8217;est ainsi que Cooltra a commenc\u00e9 en tant que magasin avec 50 motos de location et, avec le temps et la pers\u00e9v\u00e9rance, Cooltra est devenu une entreprise de confiance \u00e0 la fois pour les particuliers, les entreprises et les administrations publiques.<\/span><\/p>\n<p>&nbsp;<\/p>\n<p><span style=\"font-weight: 400;\">Tout au long de ces ann\u00e9es, Cooltra a promu diff\u00e9rents secteurs d&#8217;activit\u00e9. Cooltra sharing, le plus grand service de scooters partag\u00e9s d&#8217;Europe, pr\u00e9sent dans 9 villes (Barcelone, Madrid, Valence, S\u00e9ville, Rome, Milan, Turin, Lisbonne et Paris), qui int\u00e8gre en 2020 le service de v\u00e9lo partag\u00e9 \u00e0 Barcelone.<\/span><\/p>\n<p>&nbsp;<\/p>\n<p><span style=\"font-weight: 400;\">Le groupe Cooltra, dans ses trois branches d&#8217;activit\u00e9, dispose d&#8217;une flotte de 20.000 motos -dont 75% sont d\u00e9j\u00e0 \u00e9lectriques- plus de 600 v\u00e9los \u00e9lectriques et 400 professionnels r\u00e9partis dans 7 pays qui travaillent quotidiennement pour offrir le meilleur service, quels que soient les besoins de la les clients.<\/span><\/p>\n","protected":false},"excerpt":{"rendered":"<p>Cooltra est n\u00e9 en 2006 \u00e0 Barcelone en r\u00e9ponse \u00e0 un besoin. Timo Buetefisch, PDG de l&#8217;entreprise, s&#8217;est rendu compte lorsqu&#8217;il a laiss\u00e9 sa moto dans l&#8217;atelier un jour, qu&#8217;il n&#8217;y avait pas de service de location pendant des jours. C&#8217;est ainsi que Cooltra a commenc\u00e9 en tant que magasin avec 50 motos de location [&hellip;]<\/p>\n","protected":false},"author":20,"featured_media":0,"parent":0,"menu_order":0,"comment_status":"closed","ping_status":"closed","template":"page-img.php","meta":{"inline_featured_image":false},"yoast_head":"<!-- This site is optimized with the Yoast SEO plugin v20.9 - https:\/\/yoast.com\/wordpress\/plugins\/seo\/ -->\n<title>Notre histoire - Cooltra<\/title>\n<meta name=\"robots\" content=\"noindex, follow\" \/>\n<meta property=\"og:locale\" content=\"fr_FR\" \/>\n<meta property=\"og:type\" content=\"article\" \/>\n<meta property=\"og:title\" content=\"Notre histoire - Cooltra\" \/>\n<meta property=\"og:description\" content=\"Cooltra est n\u00e9 en 2006 \u00e0 Barcelone en r\u00e9ponse \u00e0 un besoin. Timo Buetefisch, PDG de l&#8217;entreprise, s&#8217;est rendu compte lorsqu&#8217;il a laiss\u00e9 sa moto dans l&#8217;atelier un jour, qu&#8217;il n&#8217;y avait pas de service de location pendant des jours. C&#8217;est ainsi que Cooltra a commenc\u00e9 en tant que magasin avec 50 motos de location [&hellip;]\" \/>\n<meta property=\"og:url\" content=\"https:\/\/test2023.cooltra.com\/fr\/notre-histoire\/\" \/>\n<meta property=\"og:site_name\" content=\"Cooltra\" \/>\n<meta property=\"article:publisher\" content=\"https:\/\/www.facebook.com\/CooltraMotos\/\" \/>\n<meta property=\"article:modified_time\" content=\"2023-05-03T10:31:45+00:00\" \/>\n<meta property=\"og:image\" content=\"https:\/\/cdn.cooltra.com\/uploads\/2018\/04\/cooltra-alquiler-de-motos-y-scooter-de-gasolina-y-electricas.png\" \/>\n\t<meta property=\"og:image:width\" content=\"2000\" \/>\n\t<meta property=\"og:image:height\" content=\"510\" \/>\n\t<meta property=\"og:image:type\" content=\"image\/png\" \/>\n<meta name=\"twitter:card\" content=\"summary_large_image\" \/>\n<meta name=\"twitter:site\" content=\"@cooltra\" \/>\n<meta name=\"twitter:label1\" content=\"Dur\u00e9e de lecture estim\u00e9e\" \/>\n\t<meta name=\"twitter:data1\" content=\"1 minute\" \/>\n<script type=\"application\/ld+json\" class=\"yoast-schema-graph\">{\"@context\":\"https:\/\/schema.org\",\"@graph\":[{\"@type\":\"WebPage\",\"@id\":\"https:\/\/test2023.cooltra.com\/fr\/notre-histoire\/\",\"url\":\"https:\/\/test2023.cooltra.com\/fr\/notre-histoire\/\",\"name\":\"Notre histoire - Cooltra\",\"isPartOf\":{\"@id\":\"https:\/\/test2023.cooltra.com\/es\/#website\"},\"datePublished\":\"2021-03-08T08:28:05+00:00\",\"dateModified\":\"2023-05-03T10:31:45+00:00\",\"inLanguage\":\"fr-FR\",\"potentialAction\":[{\"@type\":\"ReadAction\",\"target\":[\"https:\/\/test2023.cooltra.com\/fr\/notre-histoire\/\"]}]},{\"@type\":\"WebSite\",\"@id\":\"https:\/\/test2023.cooltra.com\/es\/#website\",\"url\":\"https:\/\/test2023.cooltra.com\/es\/\",\"name\":\"Cooltra\",\"description\":\"Alquiler de motos y scooters de gasolina y el\u00e9ctricas\",\"potentialAction\":[{\"@type\":\"SearchAction\",\"target\":{\"@type\":\"EntryPoint\",\"urlTemplate\":\"https:\/\/test2023.cooltra.com\/es\/?s={search_term_string}\"},\"query-input\":\"required name=search_term_string\"}],\"inLanguage\":\"fr-FR\"}]}<\/script>\n<!-- \/ Yoast SEO plugin. -->","yoast_head_json":{"title":"Notre histoire - Cooltra","robots":{"index":"noindex","follow":"follow"},"og_locale":"fr_FR","og_type":"article","og_title":"Notre histoire - Cooltra","og_description":"Cooltra est n\u00e9 en 2006 \u00e0 Barcelone en r\u00e9ponse \u00e0 un besoin. Timo Buetefisch, PDG de l&#8217;entreprise, s&#8217;est rendu compte lorsqu&#8217;il a laiss\u00e9 sa moto dans l&#8217;atelier un jour, qu&#8217;il n&#8217;y avait pas de service de location pendant des jours. C&#8217;est ainsi que Cooltra a commenc\u00e9 en tant que magasin avec 50 motos de location [&hellip;]","og_url":"https:\/\/test2023.cooltra.com\/fr\/notre-histoire\/","og_site_name":"Cooltra","article_publisher":"https:\/\/www.facebook.com\/CooltraMotos\/","article_modified_time":"2023-05-03T10:31:45+00:00","og_image":[{"width":2000,"height":510,"url":"https:\/\/cdn.cooltra.com\/uploads\/2018\/04\/cooltra-alquiler-de-motos-y-scooter-de-gasolina-y-electricas.png","type":"image\/png"}],"twitter_card":"summary_large_image","twitter_site":"@cooltra","twitter_misc":{"Dur\u00e9e de lecture estim\u00e9e":"1 minute"},"schema":{"@context":"https:\/\/schema.org","@graph":[{"@type":"WebPage","@id":"https:\/\/test2023.cooltra.com\/fr\/notre-histoire\/","url":"https:\/\/test2023.cooltra.com\/fr\/notre-histoire\/","name":"Notre histoire - Cooltra","isPartOf":{"@id":"https:\/\/test2023.cooltra.com\/es\/#website"},"datePublished":"2021-03-08T08:28:05+00:00","dateModified":"2023-05-03T10:31:45+00:00","inLanguage":"fr-FR","potentialAction":[{"@type":"ReadAction","target":["https:\/\/test2023.cooltra.com\/fr\/notre-histoire\/"]}]},{"@type":"WebSite","@id":"https:\/\/test2023.cooltra.com\/es\/#website","url":"https:\/\/test2023.cooltra.com\/es\/","name":"Cooltra","description":"Alquiler de motos y scooters de gasolina y el\u00e9ctricas","potentialAction":[{"@type":"SearchAction","target":{"@type":"EntryPoint","urlTemplate":"https:\/\/test2023.cooltra.com\/es\/?s={search_term_string}"},"query-input":"required name=search_term_string"}],"inLanguage":"fr-FR"}]}},"_links":{"self":[{"href":"https:\/\/test2023.cooltra.com\/fr\/wp-json\/wp\/v2\/pages\/31038"}],"collection":[{"href":"https:\/\/test2023.cooltra.com\/fr\/wp-json\/wp\/v2\/pages"}],"about":[{"href":"https:\/\/test2023.cooltra.com\/fr\/wp-json\/wp\/v2\/types\/page"}],"author":[{"embeddable":true,"href":"https:\/\/test2023.cooltra.com\/fr\/wp-json\/wp\/v2\/users\/20"}],"replies":[{"embeddable":true,"href":"https:\/\/test2023.cooltra.com\/fr\/wp-json\/wp\/v2\/comments?post=31038"}],"version-history":[{"count":0,"href":"https:\/\/test2023.cooltra.com\/fr\/wp-json\/wp\/v2\/pages\/31038\/revisions"}],"wp:attachment":[{"href":"https:\/\/test2023.cooltra.com\/fr\/wp-json\/wp\/v2\/media?parent=31038"}],"curies":[{"name":"wp","href":"https:\/\/api.w.org\/{rel}","templated":true}]}}