{"id":5,"date":"2018-03-12T16:16:42","date_gmt":"2018-03-12T16:16:42","guid":{"rendered":"http:\/\/your-site.com\/?page_id=5"},"modified":"2021-12-17T13:12:30","modified_gmt":"2021-12-17T12:12:30","slug":"destinos","status":"publish","type":"page","link":"https:\/\/test2023.cooltra.com\/es\/destinos\/","title":{"rendered":"Destinos"},"content":{"rendered":"","protected":false},"excerpt":{"rendered":"","protected":false},"author":1,"featured_media":0,"parent":0,"menu_order":0,"comment_status":"closed","ping_status":"closed","template":"template-locations.php","meta":{"inline_featured_image":false},"yoast_head":"<!-- This site is optimized with the Yoast SEO plugin v20.9 - https:\/\/yoast.com\/wordpress\/plugins\/seo\/ -->\n<title>Destinos | Tiendas de alquiler de motos | Cooltra.com<\/title>\n<meta name=\"description\" content=\"Cooltra te ofrece m\u00e1s de 100 puntos de alquiler de motos en las ciudades m\u00e1s tur\u00edsticas. Alquila una moto y descubre una perspectiva diferente de ver las ciudades.\" \/>\n<meta name=\"robots\" content=\"noindex, follow\" \/>\n<meta property=\"og:locale\" content=\"es_ES\" \/>\n<meta property=\"og:type\" content=\"article\" \/>\n<meta property=\"og:title\" content=\"Destinos | Tiendas de alquiler de motos | Cooltra.com\" \/>\n<meta property=\"og:description\" content=\"Cooltra te ofrece m\u00e1s de 100 puntos de alquiler de motos en las ciudades m\u00e1s tur\u00edsticas. Alquila una moto y descubre una perspectiva diferente de ver las ciudades.\" \/>\n<meta property=\"og:url\" content=\"https:\/\/test2023.cooltra.com\/es\/destinos\/\" \/>\n<meta property=\"og:site_name\" content=\"Cooltra\" \/>\n<meta property=\"article:publisher\" content=\"https:\/\/www.facebook.com\/CooltraMotos\/\" \/>\n<meta property=\"article:modified_time\" content=\"2021-12-17T12:12:30+00:00\" \/>\n<meta property=\"og:image\" content=\"https:\/\/cdn.cooltra.com\/uploads\/2018\/04\/cooltra-alquiler-de-motos-y-scooter-de-gasolina-y-electricas.png\" \/>\n\t<meta property=\"og:image:width\" content=\"2000\" \/>\n\t<meta property=\"og:image:height\" content=\"510\" \/>\n\t<meta property=\"og:image:type\" content=\"image\/png\" \/>\n<meta name=\"twitter:card\" content=\"summary_large_image\" \/>\n<meta name=\"twitter:site\" content=\"@cooltra\" \/>\n<script type=\"application\/ld+json\" class=\"yoast-schema-graph\">{\"@context\":\"https:\/\/schema.org\",\"@graph\":[{\"@type\":\"WebPage\",\"@id\":\"https:\/\/test2023.cooltra.com\/es\/destinos\/\",\"url\":\"https:\/\/test2023.cooltra.com\/es\/destinos\/\",\"name\":\"Destinos | Tiendas de alquiler de motos | Cooltra.com\",\"isPartOf\":{\"@id\":\"https:\/\/test2023.cooltra.com\/es\/#website\"},\"datePublished\":\"2018-03-12T16:16:42+00:00\",\"dateModified\":\"2021-12-17T12:12:30+00:00\",\"description\":\"Cooltra te ofrece m\u00e1s de 100 puntos de alquiler de motos en las ciudades m\u00e1s tur\u00edsticas. Alquila una moto y descubre una perspectiva diferente de ver las ciudades.\",\"inLanguage\":\"es\",\"potentialAction\":[{\"@type\":\"ReadAction\",\"target\":[\"https:\/\/test2023.cooltra.com\/es\/destinos\/\"]}]},{\"@type\":\"WebSite\",\"@id\":\"https:\/\/test2023.cooltra.com\/es\/#website\",\"url\":\"https:\/\/test2023.cooltra.com\/es\/\",\"name\":\"Cooltra\",\"description\":\"Alquiler de motos y scooters de gasolina y el\u00e9ctricas\",\"potentialAction\":[{\"@type\":\"SearchAction\",\"target\":{\"@type\":\"EntryPoint\",\"urlTemplate\":\"https:\/\/test2023.cooltra.com\/es\/?s={search_term_string}\"},\"query-input\":\"required name=search_term_string\"}],\"inLanguage\":\"es\"}]}<\/script>\n<!-- \/ Yoast SEO plugin. -->","yoast_head_json":{"title":"Destinos | Tiendas de alquiler de motos | Cooltra.com","description":"Cooltra te ofrece m\u00e1s de 100 puntos de alquiler de motos en las ciudades m\u00e1s tur\u00edsticas. Alquila una moto y descubre una perspectiva diferente de ver las ciudades.","robots":{"index":"noindex","follow":"follow"},"og_locale":"es_ES","og_type":"article","og_title":"Destinos | Tiendas de alquiler de motos | Cooltra.com","og_description":"Cooltra te ofrece m\u00e1s de 100 puntos de alquiler de motos en las ciudades m\u00e1s tur\u00edsticas. Alquila una moto y descubre una perspectiva diferente de ver las ciudades.","og_url":"https:\/\/test2023.cooltra.com\/es\/destinos\/","og_site_name":"Cooltra","article_publisher":"https:\/\/www.facebook.com\/CooltraMotos\/","article_modified_time":"2021-12-17T12:12:30+00:00","og_image":[{"width":2000,"height":510,"url":"https:\/\/cdn.cooltra.com\/uploads\/2018\/04\/cooltra-alquiler-de-motos-y-scooter-de-gasolina-y-electricas.png","type":"image\/png"}],"twitter_card":"summary_large_image","twitter_site":"@cooltra","schema":{"@context":"https:\/\/schema.org","@graph":[{"@type":"WebPage","@id":"https:\/\/test2023.cooltra.com\/es\/destinos\/","url":"https:\/\/test2023.cooltra.com\/es\/destinos\/","name":"Destinos | Tiendas de alquiler de motos | Cooltra.com","isPartOf":{"@id":"https:\/\/test2023.cooltra.com\/es\/#website"},"datePublished":"2018-03-12T16:16:42+00:00","dateModified":"2021-12-17T12:12:30+00:00","description":"Cooltra te ofrece m\u00e1s de 100 puntos de alquiler de motos en las ciudades m\u00e1s tur\u00edsticas. Alquila una moto y descubre una perspectiva diferente de ver las ciudades.","inLanguage":"es","potentialAction":[{"@type":"ReadAction","target":["https:\/\/test2023.cooltra.com\/es\/destinos\/"]}]},{"@type":"WebSite","@id":"https:\/\/test2023.cooltra.com\/es\/#website","url":"https:\/\/test2023.cooltra.com\/es\/","name":"Cooltra","description":"Alquiler de motos y scooters de gasolina y el\u00e9ctricas","potentialAction":[{"@type":"SearchAction","target":{"@type":"EntryPoint","urlTemplate":"https:\/\/test2023.cooltra.com\/es\/?s={search_term_string}"},"query-input":"required name=search_term_string"}],"inLanguage":"es"}]}},"_links":{"self":[{"href":"https:\/\/test2023.cooltra.com\/es\/wp-json\/wp\/v2\/pages\/5"}],"collection":[{"href":"https:\/\/test2023.cooltra.com\/es\/wp-json\/wp\/v2\/pages"}],"about":[{"href":"https:\/\/test2023.cooltra.com\/es\/wp-json\/wp\/v2\/types\/page"}],"author":[{"embeddable":true,"href":"https:\/\/test2023.cooltra.com\/es\/wp-json\/wp\/v2\/users\/1"}],"replies":[{"embeddable":true,"href":"https:\/\/test2023.cooltra.com\/es\/wp-json\/wp\/v2\/comments?post=5"}],"version-history":[{"count":0,"href":"https:\/\/test2023.cooltra.com\/es\/wp-json\/wp\/v2\/pages\/5\/revisions"}],"wp:attachment":[{"href":"https:\/\/test2023.cooltra.com\/es\/wp-json\/wp\/v2\/media?parent=5"}],"curies":[{"name":"wp","href":"https:\/\/api.w.org\/{rel}","templated":true}]}}