{"id":34022,"date":"2021-04-19T10:00:05","date_gmt":"2021-04-19T09:00:05","guid":{"rendered":"https:\/\/bruce.cooltra.com\/?page_id=34022"},"modified":"2021-04-19T10:03:38","modified_gmt":"2021-04-19T09:03:38","slug":"nuestros-proyectos","status":"publish","type":"page","link":"https:\/\/test2023.cooltra.com\/es\/nuestros-proyectos\/","title":{"rendered":"Nuestros proyectos"},"content":{"rendered":"<p><strong>Alquiler por d\u00edas | Meses | Opci\u00f3n a compra<\/strong><\/p>\n<p>Desde 2006, en Cooltra ofrecemos un servicio de alquiler de scooters, tanto a corto como a largo plazo. Catorce a\u00f1os de recorrido nos han llevado a liderar el mercado de las soluciones de movilidad a dos ruedas. M\u00e1s all\u00e1 del alquiler puntual, desde el grupo ofrecemos soluciones de renting, as\u00ed como tambi\u00e9n la gesti\u00f3n de flotas para empresas.<\/p>\n<p>Actualmente, tenemos en nuestra flota m\u00e1s de 17.000 motocicletas (56% el\u00e9ctricas) y presencia en 40 ciudades de 6 pa\u00edses distintos. La uni\u00f3n de la tecnolog\u00eda y el talento son la clave para conseguir una calidad \u00f3ptima del servicio.<\/p>\n<p>&nbsp;<\/p>\n<p><strong>Motos por minutos desde tu app<\/strong><\/p>\n<p>El primer motosharing a nivel europeo. En eCooltra contamos con una flota de m\u00e1s de 7.400 motocicletas 100% el\u00e9ctricas que se pueden alquilar por minutos desde una app. El servicio, que est\u00e1 disponible en Barcelona, Madrid, Valencia, Lisboa, Roma y Mil\u00e1n supone una alternativa al transporte p\u00fablico y una nueva forma de moverse por la ciudad, sin preocupaciones y sin contaminar.<\/p>\n<p>&nbsp;<\/p>\n<p><strong>\u00a1Y tambi\u00e9n bicis!<\/strong><\/p>\n<p>Desde la misma app de eCooltra se puede reservar y desplazarse por la ciudad en bicicleta el\u00e9ctrica, un veh\u00edculo que alcanza hasta 25 km\/h y para su uso no es necesario tener carn\u00e9 de conducir. La flamante incorporaci\u00f3n de la l\u00ednea de sharing est\u00e1 disponible en Barcelona.<\/p>\n<p>&nbsp;<\/p>\n","protected":false},"excerpt":{"rendered":"<p>Alquiler por d\u00edas | Meses | Opci\u00f3n a compra Desde 2006, en Cooltra ofrecemos un servicio de alquiler de scooters, tanto a corto como a largo plazo. Catorce a\u00f1os de recorrido nos han llevado a liderar el mercado de las soluciones de movilidad a dos ruedas. M\u00e1s all\u00e1 del alquiler puntual, desde el grupo ofrecemos [&hellip;]<\/p>\n","protected":false},"author":20,"featured_media":0,"parent":0,"menu_order":0,"comment_status":"closed","ping_status":"closed","template":"","meta":{"inline_featured_image":false},"yoast_head":"<!-- This site is optimized with the Yoast SEO plugin v20.9 - https:\/\/yoast.com\/wordpress\/plugins\/seo\/ -->\n<title>Nuestros proyectos - Cooltra<\/title>\n<meta name=\"robots\" content=\"noindex, follow\" \/>\n<meta property=\"og:locale\" content=\"es_ES\" \/>\n<meta property=\"og:type\" content=\"article\" \/>\n<meta property=\"og:title\" content=\"Nuestros proyectos - Cooltra\" \/>\n<meta property=\"og:description\" content=\"Alquiler por d\u00edas | Meses | Opci\u00f3n a compra Desde 2006, en Cooltra ofrecemos un servicio de alquiler de scooters, tanto a corto como a largo plazo. Catorce a\u00f1os de recorrido nos han llevado a liderar el mercado de las soluciones de movilidad a dos ruedas. M\u00e1s all\u00e1 del alquiler puntual, desde el grupo ofrecemos [&hellip;]\" \/>\n<meta property=\"og:url\" content=\"https:\/\/test2023.cooltra.com\/es\/nuestros-proyectos\/\" \/>\n<meta property=\"og:site_name\" content=\"Cooltra\" \/>\n<meta property=\"article:publisher\" content=\"https:\/\/www.facebook.com\/CooltraMotos\/\" \/>\n<meta property=\"article:modified_time\" content=\"2021-04-19T09:03:38+00:00\" \/>\n<meta property=\"og:image\" content=\"https:\/\/cdn.cooltra.com\/uploads\/2018\/04\/cooltra-alquiler-de-motos-y-scooter-de-gasolina-y-electricas.png\" \/>\n\t<meta property=\"og:image:width\" content=\"2000\" \/>\n\t<meta property=\"og:image:height\" content=\"510\" \/>\n\t<meta property=\"og:image:type\" content=\"image\/png\" \/>\n<meta name=\"twitter:card\" content=\"summary_large_image\" \/>\n<meta name=\"twitter:site\" content=\"@cooltra\" \/>\n<meta name=\"twitter:label1\" content=\"Tiempo de lectura\" \/>\n\t<meta name=\"twitter:data1\" content=\"1 minuto\" \/>\n<script type=\"application\/ld+json\" class=\"yoast-schema-graph\">{\"@context\":\"https:\/\/schema.org\",\"@graph\":[{\"@type\":\"WebPage\",\"@id\":\"https:\/\/test2023.cooltra.com\/es\/nuestros-proyectos\/\",\"url\":\"https:\/\/test2023.cooltra.com\/es\/nuestros-proyectos\/\",\"name\":\"Nuestros proyectos - Cooltra\",\"isPartOf\":{\"@id\":\"https:\/\/test2023.cooltra.com\/es\/#website\"},\"datePublished\":\"2021-04-19T09:00:05+00:00\",\"dateModified\":\"2021-04-19T09:03:38+00:00\",\"inLanguage\":\"es\",\"potentialAction\":[{\"@type\":\"ReadAction\",\"target\":[\"https:\/\/test2023.cooltra.com\/es\/nuestros-proyectos\/\"]}]},{\"@type\":\"WebSite\",\"@id\":\"https:\/\/test2023.cooltra.com\/es\/#website\",\"url\":\"https:\/\/test2023.cooltra.com\/es\/\",\"name\":\"Cooltra\",\"description\":\"Alquiler de motos y scooters de gasolina y el\u00e9ctricas\",\"potentialAction\":[{\"@type\":\"SearchAction\",\"target\":{\"@type\":\"EntryPoint\",\"urlTemplate\":\"https:\/\/test2023.cooltra.com\/es\/?s={search_term_string}\"},\"query-input\":\"required name=search_term_string\"}],\"inLanguage\":\"es\"}]}<\/script>\n<!-- \/ Yoast SEO plugin. -->","yoast_head_json":{"title":"Nuestros proyectos - Cooltra","robots":{"index":"noindex","follow":"follow"},"og_locale":"es_ES","og_type":"article","og_title":"Nuestros proyectos - Cooltra","og_description":"Alquiler por d\u00edas | Meses | Opci\u00f3n a compra Desde 2006, en Cooltra ofrecemos un servicio de alquiler de scooters, tanto a corto como a largo plazo. Catorce a\u00f1os de recorrido nos han llevado a liderar el mercado de las soluciones de movilidad a dos ruedas. M\u00e1s all\u00e1 del alquiler puntual, desde el grupo ofrecemos [&hellip;]","og_url":"https:\/\/test2023.cooltra.com\/es\/nuestros-proyectos\/","og_site_name":"Cooltra","article_publisher":"https:\/\/www.facebook.com\/CooltraMotos\/","article_modified_time":"2021-04-19T09:03:38+00:00","og_image":[{"width":2000,"height":510,"url":"https:\/\/cdn.cooltra.com\/uploads\/2018\/04\/cooltra-alquiler-de-motos-y-scooter-de-gasolina-y-electricas.png","type":"image\/png"}],"twitter_card":"summary_large_image","twitter_site":"@cooltra","twitter_misc":{"Tiempo de lectura":"1 minuto"},"schema":{"@context":"https:\/\/schema.org","@graph":[{"@type":"WebPage","@id":"https:\/\/test2023.cooltra.com\/es\/nuestros-proyectos\/","url":"https:\/\/test2023.cooltra.com\/es\/nuestros-proyectos\/","name":"Nuestros proyectos - Cooltra","isPartOf":{"@id":"https:\/\/test2023.cooltra.com\/es\/#website"},"datePublished":"2021-04-19T09:00:05+00:00","dateModified":"2021-04-19T09:03:38+00:00","inLanguage":"es","potentialAction":[{"@type":"ReadAction","target":["https:\/\/test2023.cooltra.com\/es\/nuestros-proyectos\/"]}]},{"@type":"WebSite","@id":"https:\/\/test2023.cooltra.com\/es\/#website","url":"https:\/\/test2023.cooltra.com\/es\/","name":"Cooltra","description":"Alquiler de motos y scooters de gasolina y el\u00e9ctricas","potentialAction":[{"@type":"SearchAction","target":{"@type":"EntryPoint","urlTemplate":"https:\/\/test2023.cooltra.com\/es\/?s={search_term_string}"},"query-input":"required name=search_term_string"}],"inLanguage":"es"}]}},"_links":{"self":[{"href":"https:\/\/test2023.cooltra.com\/es\/wp-json\/wp\/v2\/pages\/34022"}],"collection":[{"href":"https:\/\/test2023.cooltra.com\/es\/wp-json\/wp\/v2\/pages"}],"about":[{"href":"https:\/\/test2023.cooltra.com\/es\/wp-json\/wp\/v2\/types\/page"}],"author":[{"embeddable":true,"href":"https:\/\/test2023.cooltra.com\/es\/wp-json\/wp\/v2\/users\/20"}],"replies":[{"embeddable":true,"href":"https:\/\/test2023.cooltra.com\/es\/wp-json\/wp\/v2\/comments?post=34022"}],"version-history":[{"count":0,"href":"https:\/\/test2023.cooltra.com\/es\/wp-json\/wp\/v2\/pages\/34022\/revisions"}],"wp:attachment":[{"href":"https:\/\/test2023.cooltra.com\/es\/wp-json\/wp\/v2\/media?parent=34022"}],"curies":[{"name":"wp","href":"https:\/\/api.w.org\/{rel}","templated":true}]}}