{"id":34,"date":"2018-03-13T08:51:32","date_gmt":"2018-03-13T08:51:32","guid":{"rendered":"http:\/\/your-site.com\/?page_id=34"},"modified":"2023-05-31T12:46:14","modified_gmt":"2023-05-31T11:46:14","slug":"condiciones-generales","status":"publish","type":"page","link":"https:\/\/test2023.cooltra.com\/es\/condiciones-generales\/","title":{"rendered":"Condiciones de Alquiler"},"content":{"rendered":"<div>\n<p>Para alquilar una moto con Cooltra debes tener un <strong>carnet de conducir v\u00e1lido<\/strong> para el veh\u00edculo que quieres alquilar y seg\u00fan las normas del pa\u00eds. Los requisitos m\u00ednimos de nuestros puntos de alquiler en Espa\u00f1a, Italia, Francia y Portugal se encuentran en la siguiente tabla:<\/p>\n<p>&nbsp;<\/p>\n<table border=\"1\" cellspacing=\"0\" cellpadding=\"0\">\n<tbody>\n<tr>\n<td><\/td>\n<td><strong>Moto 50cc<\/strong><\/td>\n<td><strong>Moto 125cc<\/strong><\/td>\n<td><strong>Moto 3-ruedas<\/strong><\/td>\n<td><strong>Moto 400cc<\/strong><\/td>\n<td><strong>Moto +400cc<\/strong><\/td>\n<td><strong>QUAD<\/strong><\/td>\n<\/tr>\n<tr>\n<td>Espa\u00f1a*<\/td>\n<td>M\u00edn. 18 a\u00f1os, carnet B\/AM, B (m\u00e1s que 1 a\u00f1o)<\/td>\n<td>M\u00edn. 18 a\u00f1os, A1\/A o Min 21 a\u00f1os y 3+ a\u00f1os de experiencia con B<\/td>\n<td>M\u00edn. 18 a\u00f1os, A1\/A o 3+ a\u00f1os de experiencia con B<\/td>\n<td>M\u00edn. 18 a\u00f1os y carnet A o A2<\/td>\n<td>M\u00edn. 21 a\u00f1os y carnet A<\/td>\n<td>M\u00edn. 21 a\u00f1os, carnet de B con 3+ a\u00f1os de experiencia<\/td>\n<\/tr>\n<tr>\n<td>Italia<\/td>\n<td>M\u00edn. 18 a\u00f1os y carnet B\/AM<\/td>\n<td>M\u00edn. 18 a\u00f1os, carnet de A1 (max 11KW) o\u00a0A2 (max 35KW) o\u00a0A o B (max 11KW)<\/td>\n<td>M\u00edn. 18 a\u00f1os, A1\/A or 3+ a\u00f1os de experiencia con B<\/td>\n<td>M\u00edn. 21 a\u00f1os y carnet de A o A2<\/td>\n<td>M\u00edn. 21 a\u00f1os y carnet A<\/td>\n<td>&#8211;<\/td>\n<\/tr>\n<tr>\n<td>Francia<\/td>\n<td>M\u00edn. 18 a\u00f1os y carnet de B\/AM<\/td>\n<td>M\u00edn 20 a\u00f1os y carnet A<\/td>\n<td>M\u00edn 20 a\u00f1os y carnet A<\/td>\n<td>M\u00edn 20 a\u00f1os y carnet A<\/td>\n<td>M\u00edn. 21 a\u00f1os y carnet A<\/td>\n<td>&#8211;<\/td>\n<\/tr>\n<tr>\n<td>Portugal<\/td>\n<td>M\u00edn. 18 a\u00f1os y carnet B\/AM<\/td>\n<td>Carnet A1\/A o 25+ a\u00f1os + B<\/td>\n<td>Carnet A1\/A o 25+ a\u00f1os + B<\/td>\n<td>Carnet de conducir A o A2<\/td>\n<td>M\u00edn. 21 a\u00f1os y carnet A<\/td>\n<td>&#8211;<\/td>\n<\/tr>\n<\/tbody>\n<\/table>\n<p><strong>\u00a0<\/strong><\/p>\n<p><i><strong>*<\/strong>Nota: Si el carnet de conducir no es de un pa\u00eds de la Uni\u00f3n econ\u00f3mica Europea o no tienen convenio con Espa\u00f1a (o otros pa\u00edses d\u00f3nde Cooltra est\u00e1 presente), se necesita presentar el carnet internacional. As\u00ed mismo los permisos v\u00e1lidos se rigen por la ley del pa\u00eds donde se conduce, no del de procedencia.<\/i><\/p>\n<p>&nbsp;<\/p>\n<p>A parte de esto, solo necesitas dejarnos una\u00a0<strong>fianza de seguridad<\/strong> de 150\u20ac para nuestra moto modelo Standard, 300\u20ac para nuestra moto modelo Plus, 750\u20ac \u00a0para nuestra moto modelo Premium y 1500\u20ac para nuestra moto modelo Super Premium. La fianza solo se puede abonar con tarjeta de cr\u00e9dito y que te devolveremos al terminar tu periodo de alquiler. La recepci\u00f3n efectiva de la fianza puede demorarse unos d\u00edas en funci\u00f3n de la entidad bancaria del cliente o pa\u00eds. Para los alquileres en Francia el dep\u00f3sito es de 300\u20ac para modelos Standard, 500\u20ac para modelos Plus, de 1000\u20ac para los modelos Premium, 1500\u20ac para modelos Super Premium y 1800\u20ac para modelos Adventure.<\/p>\n<p>&nbsp;<\/p>\n<p><strong>Todas nuestras motos incluyen<\/strong> un casco, una p\u00f3liza de seguro a todo riesgo con franquicia de 600\u20ac a 4000\u20ac (seg\u00fan el modelo de moto escogida) y asistencia en carretera. Tambi\u00e9n podr\u00e1s a\u00f1adir un casco extra, reducci\u00f3n de franquicia o servicio de entrega de tu moto en el hotel. Consulta los extras que cada tienda tiene disponible.<\/p>\n<p>&nbsp;<\/p>\n<p>Nuestra <strong>pol\u00edtica de cancelaci\u00f3n de reservas<\/strong> es la siguiente:<\/p>\n<ul style=\"list-style-type: disc;\">\n<li>Si la cancelaci\u00f3n se realiza con un preaviso de m\u00e1s de 48 horas, se rembolsa el 100% del importe abonado en la reserva a cancelar.<\/li>\n<li>No se admiten cancelaciones para preavisos inferiores a 48 horas.<\/li>\n<li>Si la cancelaci\u00f3n de la reserva se produce sin preaviso el arrendador no har\u00e1 ninguna devoluci\u00f3n.<\/li>\n<li>Cooltra no es responsable de las condiciones clim\u00e1ticas.<\/li>\n<li>Cooltra no asegura la entrega de los quads y motos premium con reservas hechas con 1 hora de antelaci\u00f3n.<\/li>\n<\/ul>\n<\/div>\n<p>&nbsp;<\/p>\n<h2>CONDICIONES GENERALES DE ALQUILER \u2013 CONTRATO DE ARRENDAMIENTO<\/h2>\n<p>A continuaci\u00f3n, podr\u00e1s descargar las condiciones generales de alquiler en PDF:<\/p>\n<div>\n<p>&nbsp;<\/p>\n<p><strong>ESPA\u00d1A<\/strong><\/p>\n<\/div>\n<div>\n<ul style=\"list-style-type: disc;\">\n<li>CONDICIONES GENERALES DE ALQUILER &#8211; ESPA\u00d1A (<a href=\"https:\/\/cdn.cooltra.com\/uploads\/2019\/04\/cooltra_condiciones_generales_alquiler_es.pdf\" target=\"_blank\" rel=\"noopener\">pdf<\/a>)<\/li>\n<li>GENERAL RENTAL CONDITIONS &#8211; SPAIN (<a href=\"https:\/\/cdn.cooltra.com\/uploads\/2019\/04\/cooltra_general_rental_conditions_en-es.pdf\" target=\"_blank\" rel=\"noopener\">pdf<\/a>)<\/li>\n<\/ul>\n<p><strong>ITALIA<\/strong><\/p>\n<ul style=\"list-style-type: disc;\">\n<li>CONDIZIONI GENERALI DI NOLEGGIO &#8211; ITALIA (<a href=\"https:\/\/cdn.cooltra.com\/uploads\/2019\/04\/cooltra_condizioni-generali-noleggio-it.pdf\" target=\"_blank\" rel=\"noopener\">pdf<\/a>)<\/li>\n<li>CONDIZIONI GENERALI DI NOLEGGIO &#8211; Cooltra Partner Napoli (<a href=\"https:\/\/cdn.cooltra.com\/uploads\/2023\/05\/TC-GIORNALIERO_MENSILE-1.pdf\">pdf<\/a>)<\/li>\n<li>CONDIZIONI GENERALI DI NOLEGGIO &#8211; Cooltra Partner Vieste (<a href=\"https:\/\/cdn.cooltra.com\/uploads\/2023\/05\/TC-GIORNALIERO-Vieste-1.pdf\">pdf<\/a>)<\/li>\n<li>CONDIZIONI GENERALI DI NOLEGGIO &#8211; Cooltra Partner Salerno (<a href=\"https:\/\/cdn.cooltra.com\/uploads\/2023\/05\/termini-e-condizioni-COOLTRA.pdf\">pdf<\/a>)<\/li>\n<li>GENERAL RENTAL CONDITIONS &#8211; ITALY (<a href=\"https:\/\/cdn.cooltra.com\/uploads\/2019\/04\/cooltra_general_rental_conditions_en-it.pdf\" target=\"_blank\" rel=\"noopener\">pdf<\/a>)<\/li>\n<\/ul>\n<p><strong>FRANCIA<\/strong><\/p>\n<ul style=\"list-style-type: disc;\">\n<li>CONDITIONS G\u00c9N\u00c9RALES DE LOCATION &#8211; FRANCE (<a href=\"https:\/\/cdn.cooltra.com\/uploads\/2019\/04\/cooltra_conditions-generales-location-fr.pdf\" target=\"_blank\" rel=\"noopener\">pdf<\/a>)<\/li>\n<li>GENERAL RENTAL CONDITIONS &#8211; FRANCE (<a href=\"https:\/\/cdn.cooltra.com\/uploads\/2019\/04\/cooltra_general_rental_conditions_en-fr.pdf\" target=\"_blank\" rel=\"noopener\">pdf<\/a>)<\/li>\n<\/ul>\n<p><strong>PORTUGAL<\/strong><\/p>\n<ul style=\"list-style-type: disc;\">\n<li>CONDI\u00c7\u00d5ES GERAIS DE ALUGUER &#8211; PORTUGAL (<a href=\"https:\/\/cdn.cooltra.com\/uploads\/2019\/04\/cooltra_condicoes_gerais_aluguer-pt.pdf\" target=\"_blank\" rel=\"noopener\">pdf<\/a>)<\/li>\n<li>GENERAL RENTAL CONDITIONS &#8211; PORTUGAL (<a href=\"https:\/\/cdn.cooltra.com\/uploads\/2019\/04\/cooltra_general_rental_conditions_en-pt.pdf\" target=\"_blank\" rel=\"noopener\">pdf<\/a>)<\/li>\n<\/ul>\n<\/div>\n<p>&nbsp;<\/p>\n<p><strong>Tabla de penalizaciones<\/strong> y <strong>da\u00f1os<\/strong><\/p>\n<div>Consulta los precios relativos a las posibles penalizaciones <a href=\"https:\/\/cdn.cooltra.com\/uploads\/2023\/04\/Listado-de-Penalizaciones-2023_SPAIN.pdf\">aqu\u00ed<\/a>.<\/div>\n<div>Consulta los precios relativos a los posibles da\u00f1os <a href=\"https:\/\/cdn.cooltra.com\/uploads\/2023\/04\/Listado-de-Danos-2023.pdf\">aqu\u00ed<\/a>.<\/div>\n","protected":false},"excerpt":{"rendered":"<p>Para alquilar una moto con Cooltra debes tener un carnet de conducir v\u00e1lido para el veh\u00edculo que quieres alquilar y seg\u00fan las normas del pa\u00eds. Los requisitos m\u00ednimos de nuestros puntos de alquiler en Espa\u00f1a, Italia, Francia y Portugal se encuentran en la siguiente tabla: &nbsp; Moto 50cc Moto 125cc Moto 3-ruedas Moto 400cc Moto [&hellip;]<\/p>\n","protected":false},"author":1,"featured_media":0,"parent":0,"menu_order":0,"comment_status":"closed","ping_status":"closed","template":"","meta":{"inline_featured_image":false},"yoast_head":"<!-- This site is optimized with the Yoast SEO plugin v20.9 - https:\/\/yoast.com\/wordpress\/plugins\/seo\/ -->\n<title>Condiciones de Alquiler | Cooltra.com<\/title>\n<meta name=\"description\" content=\"Condiciones de alquiler para la empresa de alquiler de motos Cooltra\" \/>\n<meta name=\"robots\" content=\"noindex, follow\" \/>\n<meta property=\"og:locale\" content=\"es_ES\" \/>\n<meta property=\"og:type\" content=\"article\" \/>\n<meta property=\"og:title\" content=\"Condiciones de Alquiler | Cooltra.com\" \/>\n<meta property=\"og:description\" content=\"Condiciones de alquiler para la empresa de alquiler de motos Cooltra\" \/>\n<meta property=\"og:url\" content=\"https:\/\/test2023.cooltra.com\/es\/condiciones-generales\/\" \/>\n<meta property=\"og:site_name\" content=\"Cooltra\" \/>\n<meta property=\"article:publisher\" content=\"https:\/\/www.facebook.com\/CooltraMotos\/\" \/>\n<meta property=\"article:modified_time\" content=\"2023-05-31T11:46:14+00:00\" \/>\n<meta property=\"og:image\" content=\"https:\/\/cdn.cooltra.com\/uploads\/2018\/04\/cooltra-alquiler-de-motos-y-scooter-de-gasolina-y-electricas.png\" \/>\n\t<meta property=\"og:image:width\" content=\"2000\" \/>\n\t<meta property=\"og:image:height\" content=\"510\" \/>\n\t<meta property=\"og:image:type\" content=\"image\/png\" \/>\n<meta name=\"twitter:card\" content=\"summary_large_image\" \/>\n<meta name=\"twitter:site\" content=\"@cooltra\" \/>\n<meta name=\"twitter:label1\" content=\"Tiempo de lectura\" \/>\n\t<meta name=\"twitter:data1\" content=\"3 minutos\" \/>\n<script type=\"application\/ld+json\" class=\"yoast-schema-graph\">{\"@context\":\"https:\/\/schema.org\",\"@graph\":[{\"@type\":\"WebPage\",\"@id\":\"https:\/\/test2023.cooltra.com\/es\/condiciones-generales\/\",\"url\":\"https:\/\/test2023.cooltra.com\/es\/condiciones-generales\/\",\"name\":\"Condiciones de Alquiler | Cooltra.com\",\"isPartOf\":{\"@id\":\"https:\/\/test2023.cooltra.com\/es\/#website\"},\"datePublished\":\"2018-03-13T08:51:32+00:00\",\"dateModified\":\"2023-05-31T11:46:14+00:00\",\"description\":\"Condiciones de alquiler para la empresa de alquiler de motos Cooltra\",\"inLanguage\":\"es\",\"potentialAction\":[{\"@type\":\"ReadAction\",\"target\":[\"https:\/\/test2023.cooltra.com\/es\/condiciones-generales\/\"]}]},{\"@type\":\"WebSite\",\"@id\":\"https:\/\/test2023.cooltra.com\/es\/#website\",\"url\":\"https:\/\/test2023.cooltra.com\/es\/\",\"name\":\"Cooltra\",\"description\":\"Alquiler de motos y scooters de gasolina y el\u00e9ctricas\",\"potentialAction\":[{\"@type\":\"SearchAction\",\"target\":{\"@type\":\"EntryPoint\",\"urlTemplate\":\"https:\/\/test2023.cooltra.com\/es\/?s={search_term_string}\"},\"query-input\":\"required name=search_term_string\"}],\"inLanguage\":\"es\"}]}<\/script>\n<!-- \/ Yoast SEO plugin. -->","yoast_head_json":{"title":"Condiciones de Alquiler | Cooltra.com","description":"Condiciones de alquiler para la empresa de alquiler de motos Cooltra","robots":{"index":"noindex","follow":"follow"},"og_locale":"es_ES","og_type":"article","og_title":"Condiciones de Alquiler | Cooltra.com","og_description":"Condiciones de alquiler para la empresa de alquiler de motos Cooltra","og_url":"https:\/\/test2023.cooltra.com\/es\/condiciones-generales\/","og_site_name":"Cooltra","article_publisher":"https:\/\/www.facebook.com\/CooltraMotos\/","article_modified_time":"2023-05-31T11:46:14+00:00","og_image":[{"width":2000,"height":510,"url":"https:\/\/cdn.cooltra.com\/uploads\/2018\/04\/cooltra-alquiler-de-motos-y-scooter-de-gasolina-y-electricas.png","type":"image\/png"}],"twitter_card":"summary_large_image","twitter_site":"@cooltra","twitter_misc":{"Tiempo de lectura":"3 minutos"},"schema":{"@context":"https:\/\/schema.org","@graph":[{"@type":"WebPage","@id":"https:\/\/test2023.cooltra.com\/es\/condiciones-generales\/","url":"https:\/\/test2023.cooltra.com\/es\/condiciones-generales\/","name":"Condiciones de Alquiler | Cooltra.com","isPartOf":{"@id":"https:\/\/test2023.cooltra.com\/es\/#website"},"datePublished":"2018-03-13T08:51:32+00:00","dateModified":"2023-05-31T11:46:14+00:00","description":"Condiciones de alquiler para la empresa de alquiler de motos Cooltra","inLanguage":"es","potentialAction":[{"@type":"ReadAction","target":["https:\/\/test2023.cooltra.com\/es\/condiciones-generales\/"]}]},{"@type":"WebSite","@id":"https:\/\/test2023.cooltra.com\/es\/#website","url":"https:\/\/test2023.cooltra.com\/es\/","name":"Cooltra","description":"Alquiler de motos y scooters de gasolina y el\u00e9ctricas","potentialAction":[{"@type":"SearchAction","target":{"@type":"EntryPoint","urlTemplate":"https:\/\/test2023.cooltra.com\/es\/?s={search_term_string}"},"query-input":"required name=search_term_string"}],"inLanguage":"es"}]}},"_links":{"self":[{"href":"https:\/\/test2023.cooltra.com\/es\/wp-json\/wp\/v2\/pages\/34"}],"collection":[{"href":"https:\/\/test2023.cooltra.com\/es\/wp-json\/wp\/v2\/pages"}],"about":[{"href":"https:\/\/test2023.cooltra.com\/es\/wp-json\/wp\/v2\/types\/page"}],"author":[{"embeddable":true,"href":"https:\/\/test2023.cooltra.com\/es\/wp-json\/wp\/v2\/users\/1"}],"replies":[{"embeddable":true,"href":"https:\/\/test2023.cooltra.com\/es\/wp-json\/wp\/v2\/comments?post=34"}],"version-history":[{"count":0,"href":"https:\/\/test2023.cooltra.com\/es\/wp-json\/wp\/v2\/pages\/34\/revisions"}],"wp:attachment":[{"href":"https:\/\/test2023.cooltra.com\/es\/wp-json\/wp\/v2\/media?parent=34"}],"curies":[{"name":"wp","href":"https:\/\/api.w.org\/{rel}","templated":true}]}}