{"id":32546,"date":"2021-03-25T09:23:26","date_gmt":"2021-03-25T08:23:26","guid":{"rendered":"https:\/\/bruce.cooltra.com\/?page_id=32546"},"modified":"2021-03-25T09:23:26","modified_gmt":"2021-03-25T08:23:26","slug":"otras-preguntas","status":"publish","type":"page","link":"https:\/\/test2023.cooltra.com\/es\/otras-preguntas\/","title":{"rendered":"Otras preguntas"},"content":{"rendered":"\t\t<div class=\"faq-accordion \" id=\"faq-accordion-1\" data-accordion-group data-conf=\"{&quot;single_open&quot;:&quot;true&quot;,&quot;transition_speed&quot;:300}\">\n\t\t\t\t\t\t\t<div data-accordion class=\"faq-main\">\n\t\t\t\t\t<div data-control class=\"faq-title\">\n\t\t\t\t\t\t<h4>\u00bfAlguna pregunta m\u00e1s?<\/h4>\n\t\t\t\t\t<\/div>\n\t\t\t\t\t<div data-content>\n\t\t\t\t\t\t\t\t\t\t\t\t<div class=\"faq-content\"><p><span style=\"font-weight: 400;\">Si no encuentras en estas FAQs la informaci\u00f3n que est\u00e1s buscando, puedes ponerte en contacto con nuestro servicio de Atenci\u00f3n al Cliente escribiendo en el chat o enviando un email a <a href=\"hola@ecooltra.com\">hola@cooltra.com<\/a>. Para nosotros ser\u00e1 un placer ayudarte a resolver tus dudas.<\/span><\/p>\n<\/div>\n\t\t\t\t\t<\/div>\n\t\t\t\t<\/div>\n\t\t\t\t\t\t\t<div data-accordion class=\"faq-main\">\n\t\t\t\t\t<div data-control class=\"faq-title\">\n\t\t\t\t\t\t<h4>\u00bfD\u00f3nde est\u00e1n los T\u00e9rminos y Condiciones de Uso?<\/h4>\n\t\t\t\t\t<\/div>\n\t\t\t\t\t<div data-content>\n\t\t\t\t\t\t\t\t\t\t\t\t<div class=\"faq-content\"><p><span style=\"font-weight: 400;\">Puedes acceder a la informaci\u00f3n completa <\/span><a href=\"https:\/\/www.ecooltra.com\/terms\/TERMS_CONDITIONS_ES.pdf\"><b>aqu\u00ed<\/b><\/a><b>.<\/b><\/p>\n<\/div>\n\t\t\t\t\t<\/div>\n\t\t\t\t<\/div>\n\t\t\t\t\t<\/div>\n\t\n","protected":false},"excerpt":{"rendered":"","protected":false},"author":20,"featured_media":0,"parent":0,"menu_order":0,"comment_status":"closed","ping_status":"closed","template":"","meta":{"inline_featured_image":false},"yoast_head":"<!-- This site is optimized with the Yoast SEO plugin v20.9 - https:\/\/yoast.com\/wordpress\/plugins\/seo\/ -->\n<title>Otras preguntas - Cooltra<\/title>\n<meta name=\"robots\" content=\"noindex, follow\" \/>\n<meta property=\"og:locale\" content=\"es_ES\" \/>\n<meta property=\"og:type\" content=\"article\" \/>\n<meta property=\"og:title\" content=\"Otras preguntas - Cooltra\" \/>\n<meta property=\"og:url\" content=\"https:\/\/test2023.cooltra.com\/es\/otras-preguntas\/\" \/>\n<meta property=\"og:site_name\" content=\"Cooltra\" \/>\n<meta property=\"article:publisher\" content=\"https:\/\/www.facebook.com\/CooltraMotos\/\" \/>\n<meta property=\"og:image\" content=\"https:\/\/cdn.cooltra.com\/uploads\/2018\/04\/cooltra-alquiler-de-motos-y-scooter-de-gasolina-y-electricas.png\" \/>\n\t<meta property=\"og:image:width\" content=\"2000\" \/>\n\t<meta property=\"og:image:height\" content=\"510\" \/>\n\t<meta property=\"og:image:type\" content=\"image\/png\" \/>\n<meta name=\"twitter:card\" content=\"summary_large_image\" \/>\n<meta name=\"twitter:site\" content=\"@cooltra\" \/>\n<script type=\"application\/ld+json\" class=\"yoast-schema-graph\">{\"@context\":\"https:\/\/schema.org\",\"@graph\":[{\"@type\":\"WebPage\",\"@id\":\"https:\/\/test2023.cooltra.com\/es\/otras-preguntas\/\",\"url\":\"https:\/\/test2023.cooltra.com\/es\/otras-preguntas\/\",\"name\":\"Otras preguntas - Cooltra\",\"isPartOf\":{\"@id\":\"https:\/\/test2023.cooltra.com\/es\/#website\"},\"datePublished\":\"2021-03-25T08:23:26+00:00\",\"dateModified\":\"2021-03-25T08:23:26+00:00\",\"inLanguage\":\"es\",\"potentialAction\":[{\"@type\":\"ReadAction\",\"target\":[\"https:\/\/test2023.cooltra.com\/es\/otras-preguntas\/\"]}]},{\"@type\":\"WebSite\",\"@id\":\"https:\/\/test2023.cooltra.com\/es\/#website\",\"url\":\"https:\/\/test2023.cooltra.com\/es\/\",\"name\":\"Cooltra\",\"description\":\"Alquiler de motos y scooters de gasolina y el\u00e9ctricas\",\"potentialAction\":[{\"@type\":\"SearchAction\",\"target\":{\"@type\":\"EntryPoint\",\"urlTemplate\":\"https:\/\/test2023.cooltra.com\/es\/?s={search_term_string}\"},\"query-input\":\"required name=search_term_string\"}],\"inLanguage\":\"es\"}]}<\/script>\n<!-- \/ Yoast SEO plugin. -->","yoast_head_json":{"title":"Otras preguntas - Cooltra","robots":{"index":"noindex","follow":"follow"},"og_locale":"es_ES","og_type":"article","og_title":"Otras preguntas - Cooltra","og_url":"https:\/\/test2023.cooltra.com\/es\/otras-preguntas\/","og_site_name":"Cooltra","article_publisher":"https:\/\/www.facebook.com\/CooltraMotos\/","og_image":[{"width":2000,"height":510,"url":"https:\/\/cdn.cooltra.com\/uploads\/2018\/04\/cooltra-alquiler-de-motos-y-scooter-de-gasolina-y-electricas.png","type":"image\/png"}],"twitter_card":"summary_large_image","twitter_site":"@cooltra","schema":{"@context":"https:\/\/schema.org","@graph":[{"@type":"WebPage","@id":"https:\/\/test2023.cooltra.com\/es\/otras-preguntas\/","url":"https:\/\/test2023.cooltra.com\/es\/otras-preguntas\/","name":"Otras preguntas - Cooltra","isPartOf":{"@id":"https:\/\/test2023.cooltra.com\/es\/#website"},"datePublished":"2021-03-25T08:23:26+00:00","dateModified":"2021-03-25T08:23:26+00:00","inLanguage":"es","potentialAction":[{"@type":"ReadAction","target":["https:\/\/test2023.cooltra.com\/es\/otras-preguntas\/"]}]},{"@type":"WebSite","@id":"https:\/\/test2023.cooltra.com\/es\/#website","url":"https:\/\/test2023.cooltra.com\/es\/","name":"Cooltra","description":"Alquiler de motos y scooters de gasolina y el\u00e9ctricas","potentialAction":[{"@type":"SearchAction","target":{"@type":"EntryPoint","urlTemplate":"https:\/\/test2023.cooltra.com\/es\/?s={search_term_string}"},"query-input":"required name=search_term_string"}],"inLanguage":"es"}]}},"_links":{"self":[{"href":"https:\/\/test2023.cooltra.com\/es\/wp-json\/wp\/v2\/pages\/32546"}],"collection":[{"href":"https:\/\/test2023.cooltra.com\/es\/wp-json\/wp\/v2\/pages"}],"about":[{"href":"https:\/\/test2023.cooltra.com\/es\/wp-json\/wp\/v2\/types\/page"}],"author":[{"embeddable":true,"href":"https:\/\/test2023.cooltra.com\/es\/wp-json\/wp\/v2\/users\/20"}],"replies":[{"embeddable":true,"href":"https:\/\/test2023.cooltra.com\/es\/wp-json\/wp\/v2\/comments?post=32546"}],"version-history":[{"count":0,"href":"https:\/\/test2023.cooltra.com\/es\/wp-json\/wp\/v2\/pages\/32546\/revisions"}],"wp:attachment":[{"href":"https:\/\/test2023.cooltra.com\/es\/wp-json\/wp\/v2\/media?parent=32546"}],"curies":[{"name":"wp","href":"https:\/\/api.w.org\/{rel}","templated":true}]}}