{"id":24772,"date":"2021-01-28T14:39:29","date_gmt":"2021-01-28T13:39:29","guid":{"rendered":"https:\/\/bruce.cooltra.com\/?page_id=24772"},"modified":"2023-05-03T10:26:50","modified_gmt":"2023-05-03T09:26:50","slug":"nuestra-historia","status":"publish","type":"page","link":"https:\/\/test2023.cooltra.com\/es\/nuestra-historia\/","title":{"rendered":"Nuestra historia"},"content":{"rendered":"<p>Cooltra naci\u00f3 en el a\u00f1o 2006 en Barcelona como respuesta a una necesidad. Timo Buetefisch, CEO de la compa\u00f1\u00eda, se dio cuenta al dejar su moto un d\u00eda en el taller, de que no exist\u00eda un servicio de alquiler por d\u00edas. Fue as\u00ed como Cooltra empez\u00f3 siendo una tienda con 50 motocicletas de alquiler y, con el paso del tiempo y la constancia, se convirti\u00f3 en una compa\u00f1\u00eda en la que conf\u00edan tanto particulares como empresas y administraciones p\u00fablicas.<\/p>\n<p>A lo largo de estos a\u00f1os, Cooltra ha impulsado diferentes l\u00edneas de negocio. Cooltra sharing, el motosharing m\u00e1s grande a nivel europeo, con presencia en 9 ciudades (Barcelona, Madrid, Valencia, Sevilla, Roma, Mil\u00e1n, Tur\u00edn, Lisboa y Par\u00eds), que en 2020 incorpora el servicio de bicicletas compartidas en Barcelona.<\/p>\n<p>Grupo Cooltra, en sus dos l\u00edneas de negocio, cuenta con una flota de 20.000 motos \u2013de las cuales el 75% ya son el\u00e9ctricas\u2013 m\u00e1s de 600 bicicletas tambi\u00e9n el\u00e9ctricas y 400 profesionales repartidos en 7 pa\u00edses que trabajan a diario para ofrecer el mejor servicio, sean cuales sean las necesidades de los clientes.<\/p>\n","protected":false},"excerpt":{"rendered":"<p>Cooltra naci\u00f3 en el a\u00f1o 2006 en Barcelona como respuesta a una necesidad. Timo Buetefisch, CEO de la compa\u00f1\u00eda, se dio cuenta al dejar su moto un d\u00eda en el taller, de que no exist\u00eda un servicio de alquiler por d\u00edas. Fue as\u00ed como Cooltra empez\u00f3 siendo una tienda con 50 motocicletas de alquiler y, [&hellip;]<\/p>\n","protected":false},"author":20,"featured_media":0,"parent":0,"menu_order":0,"comment_status":"closed","ping_status":"closed","template":"page-img.php","meta":{"inline_featured_image":false},"yoast_head":"<!-- This site is optimized with the Yoast SEO plugin v20.9 - https:\/\/yoast.com\/wordpress\/plugins\/seo\/ -->\n<title>Nuestra historia - Cooltra<\/title>\n<meta name=\"robots\" content=\"noindex, follow\" \/>\n<meta property=\"og:locale\" content=\"es_ES\" \/>\n<meta property=\"og:type\" content=\"article\" \/>\n<meta property=\"og:title\" content=\"Nuestra historia - Cooltra\" \/>\n<meta property=\"og:description\" content=\"Cooltra naci\u00f3 en el a\u00f1o 2006 en Barcelona como respuesta a una necesidad. Timo Buetefisch, CEO de la compa\u00f1\u00eda, se dio cuenta al dejar su moto un d\u00eda en el taller, de que no exist\u00eda un servicio de alquiler por d\u00edas. Fue as\u00ed como Cooltra empez\u00f3 siendo una tienda con 50 motocicletas de alquiler y, [&hellip;]\" \/>\n<meta property=\"og:url\" content=\"https:\/\/test2023.cooltra.com\/es\/nuestra-historia\/\" \/>\n<meta property=\"og:site_name\" content=\"Cooltra\" \/>\n<meta property=\"article:publisher\" content=\"https:\/\/www.facebook.com\/CooltraMotos\/\" \/>\n<meta property=\"article:modified_time\" content=\"2023-05-03T09:26:50+00:00\" \/>\n<meta property=\"og:image\" content=\"https:\/\/cdn.cooltra.com\/uploads\/2018\/04\/cooltra-alquiler-de-motos-y-scooter-de-gasolina-y-electricas.png\" \/>\n\t<meta property=\"og:image:width\" content=\"2000\" \/>\n\t<meta property=\"og:image:height\" content=\"510\" \/>\n\t<meta property=\"og:image:type\" content=\"image\/png\" \/>\n<meta name=\"twitter:card\" content=\"summary_large_image\" \/>\n<meta name=\"twitter:site\" content=\"@cooltra\" \/>\n<meta name=\"twitter:label1\" content=\"Tiempo de lectura\" \/>\n\t<meta name=\"twitter:data1\" content=\"1 minuto\" \/>\n<script type=\"application\/ld+json\" class=\"yoast-schema-graph\">{\"@context\":\"https:\/\/schema.org\",\"@graph\":[{\"@type\":\"WebPage\",\"@id\":\"https:\/\/test2023.cooltra.com\/es\/nuestra-historia\/\",\"url\":\"https:\/\/test2023.cooltra.com\/es\/nuestra-historia\/\",\"name\":\"Nuestra historia - Cooltra\",\"isPartOf\":{\"@id\":\"https:\/\/test2023.cooltra.com\/es\/#website\"},\"datePublished\":\"2021-01-28T13:39:29+00:00\",\"dateModified\":\"2023-05-03T09:26:50+00:00\",\"inLanguage\":\"es\",\"potentialAction\":[{\"@type\":\"ReadAction\",\"target\":[\"https:\/\/test2023.cooltra.com\/es\/nuestra-historia\/\"]}]},{\"@type\":\"WebSite\",\"@id\":\"https:\/\/test2023.cooltra.com\/es\/#website\",\"url\":\"https:\/\/test2023.cooltra.com\/es\/\",\"name\":\"Cooltra\",\"description\":\"Alquiler de motos y scooters de gasolina y el\u00e9ctricas\",\"potentialAction\":[{\"@type\":\"SearchAction\",\"target\":{\"@type\":\"EntryPoint\",\"urlTemplate\":\"https:\/\/test2023.cooltra.com\/es\/?s={search_term_string}\"},\"query-input\":\"required name=search_term_string\"}],\"inLanguage\":\"es\"}]}<\/script>\n<!-- \/ Yoast SEO plugin. -->","yoast_head_json":{"title":"Nuestra historia - Cooltra","robots":{"index":"noindex","follow":"follow"},"og_locale":"es_ES","og_type":"article","og_title":"Nuestra historia - Cooltra","og_description":"Cooltra naci\u00f3 en el a\u00f1o 2006 en Barcelona como respuesta a una necesidad. Timo Buetefisch, CEO de la compa\u00f1\u00eda, se dio cuenta al dejar su moto un d\u00eda en el taller, de que no exist\u00eda un servicio de alquiler por d\u00edas. Fue as\u00ed como Cooltra empez\u00f3 siendo una tienda con 50 motocicletas de alquiler y, [&hellip;]","og_url":"https:\/\/test2023.cooltra.com\/es\/nuestra-historia\/","og_site_name":"Cooltra","article_publisher":"https:\/\/www.facebook.com\/CooltraMotos\/","article_modified_time":"2023-05-03T09:26:50+00:00","og_image":[{"width":2000,"height":510,"url":"https:\/\/cdn.cooltra.com\/uploads\/2018\/04\/cooltra-alquiler-de-motos-y-scooter-de-gasolina-y-electricas.png","type":"image\/png"}],"twitter_card":"summary_large_image","twitter_site":"@cooltra","twitter_misc":{"Tiempo de lectura":"1 minuto"},"schema":{"@context":"https:\/\/schema.org","@graph":[{"@type":"WebPage","@id":"https:\/\/test2023.cooltra.com\/es\/nuestra-historia\/","url":"https:\/\/test2023.cooltra.com\/es\/nuestra-historia\/","name":"Nuestra historia - Cooltra","isPartOf":{"@id":"https:\/\/test2023.cooltra.com\/es\/#website"},"datePublished":"2021-01-28T13:39:29+00:00","dateModified":"2023-05-03T09:26:50+00:00","inLanguage":"es","potentialAction":[{"@type":"ReadAction","target":["https:\/\/test2023.cooltra.com\/es\/nuestra-historia\/"]}]},{"@type":"WebSite","@id":"https:\/\/test2023.cooltra.com\/es\/#website","url":"https:\/\/test2023.cooltra.com\/es\/","name":"Cooltra","description":"Alquiler de motos y scooters de gasolina y el\u00e9ctricas","potentialAction":[{"@type":"SearchAction","target":{"@type":"EntryPoint","urlTemplate":"https:\/\/test2023.cooltra.com\/es\/?s={search_term_string}"},"query-input":"required name=search_term_string"}],"inLanguage":"es"}]}},"_links":{"self":[{"href":"https:\/\/test2023.cooltra.com\/es\/wp-json\/wp\/v2\/pages\/24772"}],"collection":[{"href":"https:\/\/test2023.cooltra.com\/es\/wp-json\/wp\/v2\/pages"}],"about":[{"href":"https:\/\/test2023.cooltra.com\/es\/wp-json\/wp\/v2\/types\/page"}],"author":[{"embeddable":true,"href":"https:\/\/test2023.cooltra.com\/es\/wp-json\/wp\/v2\/users\/20"}],"replies":[{"embeddable":true,"href":"https:\/\/test2023.cooltra.com\/es\/wp-json\/wp\/v2\/comments?post=24772"}],"version-history":[{"count":0,"href":"https:\/\/test2023.cooltra.com\/es\/wp-json\/wp\/v2\/pages\/24772\/revisions"}],"wp:attachment":[{"href":"https:\/\/test2023.cooltra.com\/es\/wp-json\/wp\/v2\/media?parent=24772"}],"curies":[{"name":"wp","href":"https:\/\/api.w.org\/{rel}","templated":true}]}}