{"id":23296,"date":"2020-11-09T15:06:30","date_gmt":"2020-11-09T14:06:30","guid":{"rendered":"https:\/\/frankie.cooltra.com\/?page_id=23296"},"modified":"2023-05-03T10:09:52","modified_gmt":"2023-05-03T09:09:52","slug":"motos-empresas","status":"publish","type":"page","link":"https:\/\/test2023.cooltra.com\/es\/motos-empresas\/","title":{"rendered":"Motos Empresas"},"content":{"rendered":"<p>&nbsp;<\/p>\n<p>&nbsp;<\/p>\n","protected":false},"excerpt":{"rendered":"<p>&nbsp; &nbsp;<\/p>\n","protected":false},"author":20,"featured_media":0,"parent":0,"menu_order":0,"comment_status":"closed","ping_status":"closed","template":"page-home-2020.php","meta":{"inline_featured_image":false},"yoast_head":"<!-- This site is optimized with the Yoast SEO plugin v20.9 - https:\/\/yoast.com\/wordpress\/plugins\/seo\/ -->\n<title>Renting de motos para empresas y aut\u00f3nomos - Cooltra<\/title>\n<meta name=\"description\" content=\"Con m\u00e1s de 10 a\u00f1os de experiencia en renting de motos ofrecemos diferentes soluciones de movilidad para tu empresa y tus trabajadores. Ponemos a tu disposici\u00f3n una amplia gama de opciones de alquiler de motos a largo plazo y flotas para profesionales.\" \/>\n<meta name=\"robots\" content=\"noindex, follow\" \/>\n<meta property=\"og:locale\" content=\"es_ES\" \/>\n<meta property=\"og:type\" content=\"article\" \/>\n<meta property=\"og:title\" content=\"Renting de motos para empresas y aut\u00f3nomos - Cooltra\" \/>\n<meta property=\"og:description\" content=\"Con m\u00e1s de 10 a\u00f1os de experiencia en renting de motos ofrecemos diferentes soluciones de movilidad para tu empresa y tus trabajadores. Ponemos a tu disposici\u00f3n una amplia gama de opciones de alquiler de motos a largo plazo y flotas para profesionales.\" \/>\n<meta property=\"og:url\" content=\"https:\/\/test2023.cooltra.com\/es\/motos-empresas\/\" \/>\n<meta property=\"og:site_name\" content=\"Cooltra\" \/>\n<meta property=\"article:publisher\" content=\"https:\/\/www.facebook.com\/CooltraMotos\/\" \/>\n<meta property=\"article:modified_time\" content=\"2023-05-03T09:09:52+00:00\" \/>\n<meta property=\"og:image\" content=\"https:\/\/cdn.cooltra.com\/uploads\/2018\/04\/cooltra-alquiler-de-motos-y-scooter-de-gasolina-y-electricas.png\" \/>\n\t<meta property=\"og:image:width\" content=\"2000\" \/>\n\t<meta property=\"og:image:height\" content=\"510\" \/>\n\t<meta property=\"og:image:type\" content=\"image\/png\" \/>\n<meta name=\"twitter:card\" content=\"summary_large_image\" \/>\n<meta name=\"twitter:site\" content=\"@cooltra\" \/>\n<script type=\"application\/ld+json\" class=\"yoast-schema-graph\">{\"@context\":\"https:\/\/schema.org\",\"@graph\":[{\"@type\":\"WebPage\",\"@id\":\"https:\/\/test2023.cooltra.com\/es\/motos-empresas\/\",\"url\":\"https:\/\/test2023.cooltra.com\/es\/motos-empresas\/\",\"name\":\"Renting de motos para empresas y aut\u00f3nomos - Cooltra\",\"isPartOf\":{\"@id\":\"https:\/\/test2023.cooltra.com\/es\/#website\"},\"datePublished\":\"2020-11-09T14:06:30+00:00\",\"dateModified\":\"2023-05-03T09:09:52+00:00\",\"description\":\"Con m\u00e1s de 10 a\u00f1os de experiencia en renting de motos ofrecemos diferentes soluciones de movilidad para tu empresa y tus trabajadores. Ponemos a tu disposici\u00f3n una amplia gama de opciones de alquiler de motos a largo plazo y flotas para profesionales.\",\"inLanguage\":\"es\",\"potentialAction\":[{\"@type\":\"ReadAction\",\"target\":[\"https:\/\/test2023.cooltra.com\/es\/motos-empresas\/\"]}]},{\"@type\":\"WebSite\",\"@id\":\"https:\/\/test2023.cooltra.com\/es\/#website\",\"url\":\"https:\/\/test2023.cooltra.com\/es\/\",\"name\":\"Cooltra\",\"description\":\"Alquiler de motos y scooters de gasolina y el\u00e9ctricas\",\"potentialAction\":[{\"@type\":\"SearchAction\",\"target\":{\"@type\":\"EntryPoint\",\"urlTemplate\":\"https:\/\/test2023.cooltra.com\/es\/?s={search_term_string}\"},\"query-input\":\"required name=search_term_string\"}],\"inLanguage\":\"es\"}]}<\/script>\n<!-- \/ Yoast SEO plugin. -->","yoast_head_json":{"title":"Renting de motos para empresas y aut\u00f3nomos - Cooltra","description":"Con m\u00e1s de 10 a\u00f1os de experiencia en renting de motos ofrecemos diferentes soluciones de movilidad para tu empresa y tus trabajadores. Ponemos a tu disposici\u00f3n una amplia gama de opciones de alquiler de motos a largo plazo y flotas para profesionales.","robots":{"index":"noindex","follow":"follow"},"og_locale":"es_ES","og_type":"article","og_title":"Renting de motos para empresas y aut\u00f3nomos - Cooltra","og_description":"Con m\u00e1s de 10 a\u00f1os de experiencia en renting de motos ofrecemos diferentes soluciones de movilidad para tu empresa y tus trabajadores. Ponemos a tu disposici\u00f3n una amplia gama de opciones de alquiler de motos a largo plazo y flotas para profesionales.","og_url":"https:\/\/test2023.cooltra.com\/es\/motos-empresas\/","og_site_name":"Cooltra","article_publisher":"https:\/\/www.facebook.com\/CooltraMotos\/","article_modified_time":"2023-05-03T09:09:52+00:00","og_image":[{"width":2000,"height":510,"url":"https:\/\/cdn.cooltra.com\/uploads\/2018\/04\/cooltra-alquiler-de-motos-y-scooter-de-gasolina-y-electricas.png","type":"image\/png"}],"twitter_card":"summary_large_image","twitter_site":"@cooltra","schema":{"@context":"https:\/\/schema.org","@graph":[{"@type":"WebPage","@id":"https:\/\/test2023.cooltra.com\/es\/motos-empresas\/","url":"https:\/\/test2023.cooltra.com\/es\/motos-empresas\/","name":"Renting de motos para empresas y aut\u00f3nomos - Cooltra","isPartOf":{"@id":"https:\/\/test2023.cooltra.com\/es\/#website"},"datePublished":"2020-11-09T14:06:30+00:00","dateModified":"2023-05-03T09:09:52+00:00","description":"Con m\u00e1s de 10 a\u00f1os de experiencia en renting de motos ofrecemos diferentes soluciones de movilidad para tu empresa y tus trabajadores. Ponemos a tu disposici\u00f3n una amplia gama de opciones de alquiler de motos a largo plazo y flotas para profesionales.","inLanguage":"es","potentialAction":[{"@type":"ReadAction","target":["https:\/\/test2023.cooltra.com\/es\/motos-empresas\/"]}]},{"@type":"WebSite","@id":"https:\/\/test2023.cooltra.com\/es\/#website","url":"https:\/\/test2023.cooltra.com\/es\/","name":"Cooltra","description":"Alquiler de motos y scooters de gasolina y el\u00e9ctricas","potentialAction":[{"@type":"SearchAction","target":{"@type":"EntryPoint","urlTemplate":"https:\/\/test2023.cooltra.com\/es\/?s={search_term_string}"},"query-input":"required name=search_term_string"}],"inLanguage":"es"}]}},"_links":{"self":[{"href":"https:\/\/test2023.cooltra.com\/es\/wp-json\/wp\/v2\/pages\/23296"}],"collection":[{"href":"https:\/\/test2023.cooltra.com\/es\/wp-json\/wp\/v2\/pages"}],"about":[{"href":"https:\/\/test2023.cooltra.com\/es\/wp-json\/wp\/v2\/types\/page"}],"author":[{"embeddable":true,"href":"https:\/\/test2023.cooltra.com\/es\/wp-json\/wp\/v2\/users\/20"}],"replies":[{"embeddable":true,"href":"https:\/\/test2023.cooltra.com\/es\/wp-json\/wp\/v2\/comments?post=23296"}],"version-history":[{"count":0,"href":"https:\/\/test2023.cooltra.com\/es\/wp-json\/wp\/v2\/pages\/23296\/revisions"}],"wp:attachment":[{"href":"https:\/\/test2023.cooltra.com\/es\/wp-json\/wp\/v2\/media?parent=23296"}],"curies":[{"name":"wp","href":"https:\/\/api.w.org\/{rel}","templated":true}]}}