{"id":52528,"date":"2022-02-07T11:26:08","date_gmt":"2022-02-07T10:26:08","guid":{"rendered":"https:\/\/cooltra.com\/accessible\/"},"modified":"2022-02-17T09:53:00","modified_gmt":"2022-02-17T08:53:00","slug":"accessible","status":"publish","type":"page","link":"https:\/\/test2023.cooltra.com\/de\/miete-pro-minute-stunde\/accessible\/","title":{"rendered":"Accessible"},"content":{"rendered":"","protected":false},"excerpt":{"rendered":"","protected":false},"author":20,"featured_media":0,"parent":0,"menu_order":0,"comment_status":"closed","ping_status":"closed","template":"page-sections.blade.php","meta":{"inline_featured_image":false},"yoast_head":"<!-- This site is optimized with the Yoast SEO plugin v20.9 - https:\/\/yoast.com\/wordpress\/plugins\/seo\/ -->\n<title>Geteilte und zug\u00e4ngliche Mobilit\u00e4t | Cooltra<\/title>\n<meta name=\"description\" content=\"Bei Cooltra wollen wir L\u00f6sungen f\u00fcr alle bieten. Deshalb haben wir &quot;Cooltra Accessible&quot; geschaffen - eine erschwingliche M\u00f6glichkeit, unsere Scooter in Selbstbedienung in Paris zu nutzen.\" \/>\n<meta name=\"robots\" content=\"noindex, follow\" \/>\n<meta property=\"og:locale\" content=\"de_DE\" \/>\n<meta property=\"og:type\" content=\"article\" \/>\n<meta property=\"og:title\" content=\"Geteilte und zug\u00e4ngliche Mobilit\u00e4t | Cooltra\" \/>\n<meta property=\"og:description\" content=\"Bei Cooltra wollen wir L\u00f6sungen f\u00fcr alle bieten. Deshalb haben wir &quot;Cooltra Accessible&quot; geschaffen - eine erschwingliche M\u00f6glichkeit, unsere Scooter in Selbstbedienung in Paris zu nutzen.\" \/>\n<meta property=\"og:url\" content=\"https:\/\/test2023.cooltra.com\/de\/miete-pro-minute-stunde\/accessible\/\" \/>\n<meta property=\"og:site_name\" content=\"Cooltra\" \/>\n<meta property=\"article:publisher\" content=\"https:\/\/www.facebook.com\/CooltraMotos\/\" \/>\n<meta property=\"article:modified_time\" content=\"2022-02-17T08:53:00+00:00\" \/>\n<meta property=\"og:image\" content=\"https:\/\/cdn.cooltra.com\/uploads\/2018\/04\/cooltra-alquiler-de-motos-y-scooter-de-gasolina-y-electricas.png\" \/>\n\t<meta property=\"og:image:width\" content=\"2000\" \/>\n\t<meta property=\"og:image:height\" content=\"510\" \/>\n\t<meta property=\"og:image:type\" content=\"image\/png\" \/>\n<meta name=\"twitter:card\" content=\"summary_large_image\" \/>\n<meta name=\"twitter:site\" content=\"@cooltra\" \/>\n<script type=\"application\/ld+json\" class=\"yoast-schema-graph\">{\"@context\":\"https:\/\/schema.org\",\"@graph\":[{\"@type\":\"WebPage\",\"@id\":\"https:\/\/test2023.cooltra.com\/de\/miete-pro-minute-stunde\/accessible\/\",\"url\":\"https:\/\/test2023.cooltra.com\/de\/miete-pro-minute-stunde\/accessible\/\",\"name\":\"Geteilte und zug\u00e4ngliche Mobilit\u00e4t | Cooltra\",\"isPartOf\":{\"@id\":\"https:\/\/test2023.cooltra.com\/es\/#website\"},\"datePublished\":\"2022-02-07T10:26:08+00:00\",\"dateModified\":\"2022-02-17T08:53:00+00:00\",\"description\":\"Bei Cooltra wollen wir L\u00f6sungen f\u00fcr alle bieten. Deshalb haben wir \\\"Cooltra Accessible\\\" geschaffen - eine erschwingliche M\u00f6glichkeit, unsere Scooter in Selbstbedienung in Paris zu nutzen.\",\"inLanguage\":\"de-DE\",\"potentialAction\":[{\"@type\":\"ReadAction\",\"target\":[\"https:\/\/test2023.cooltra.com\/de\/miete-pro-minute-stunde\/accessible\/\"]}]},{\"@type\":\"WebSite\",\"@id\":\"https:\/\/test2023.cooltra.com\/es\/#website\",\"url\":\"https:\/\/test2023.cooltra.com\/es\/\",\"name\":\"Cooltra\",\"description\":\"Alquiler de motos y scooters de gasolina y el\u00e9ctricas\",\"potentialAction\":[{\"@type\":\"SearchAction\",\"target\":{\"@type\":\"EntryPoint\",\"urlTemplate\":\"https:\/\/test2023.cooltra.com\/es\/?s={search_term_string}\"},\"query-input\":\"required name=search_term_string\"}],\"inLanguage\":\"de-DE\"}]}<\/script>\n<!-- \/ Yoast SEO plugin. -->","yoast_head_json":{"title":"Geteilte und zug\u00e4ngliche Mobilit\u00e4t | Cooltra","description":"Bei Cooltra wollen wir L\u00f6sungen f\u00fcr alle bieten. Deshalb haben wir \"Cooltra Accessible\" geschaffen - eine erschwingliche M\u00f6glichkeit, unsere Scooter in Selbstbedienung in Paris zu nutzen.","robots":{"index":"noindex","follow":"follow"},"og_locale":"de_DE","og_type":"article","og_title":"Geteilte und zug\u00e4ngliche Mobilit\u00e4t | Cooltra","og_description":"Bei Cooltra wollen wir L\u00f6sungen f\u00fcr alle bieten. Deshalb haben wir \"Cooltra Accessible\" geschaffen - eine erschwingliche M\u00f6glichkeit, unsere Scooter in Selbstbedienung in Paris zu nutzen.","og_url":"https:\/\/test2023.cooltra.com\/de\/miete-pro-minute-stunde\/accessible\/","og_site_name":"Cooltra","article_publisher":"https:\/\/www.facebook.com\/CooltraMotos\/","article_modified_time":"2022-02-17T08:53:00+00:00","og_image":[{"width":2000,"height":510,"url":"https:\/\/cdn.cooltra.com\/uploads\/2018\/04\/cooltra-alquiler-de-motos-y-scooter-de-gasolina-y-electricas.png","type":"image\/png"}],"twitter_card":"summary_large_image","twitter_site":"@cooltra","schema":{"@context":"https:\/\/schema.org","@graph":[{"@type":"WebPage","@id":"https:\/\/test2023.cooltra.com\/de\/miete-pro-minute-stunde\/accessible\/","url":"https:\/\/test2023.cooltra.com\/de\/miete-pro-minute-stunde\/accessible\/","name":"Geteilte und zug\u00e4ngliche Mobilit\u00e4t | Cooltra","isPartOf":{"@id":"https:\/\/test2023.cooltra.com\/es\/#website"},"datePublished":"2022-02-07T10:26:08+00:00","dateModified":"2022-02-17T08:53:00+00:00","description":"Bei Cooltra wollen wir L\u00f6sungen f\u00fcr alle bieten. Deshalb haben wir \"Cooltra Accessible\" geschaffen - eine erschwingliche M\u00f6glichkeit, unsere Scooter in Selbstbedienung in Paris zu nutzen.","inLanguage":"de-DE","potentialAction":[{"@type":"ReadAction","target":["https:\/\/test2023.cooltra.com\/de\/miete-pro-minute-stunde\/accessible\/"]}]},{"@type":"WebSite","@id":"https:\/\/test2023.cooltra.com\/es\/#website","url":"https:\/\/test2023.cooltra.com\/es\/","name":"Cooltra","description":"Alquiler de motos y scooters de gasolina y el\u00e9ctricas","potentialAction":[{"@type":"SearchAction","target":{"@type":"EntryPoint","urlTemplate":"https:\/\/test2023.cooltra.com\/es\/?s={search_term_string}"},"query-input":"required name=search_term_string"}],"inLanguage":"de-DE"}]}},"_links":{"self":[{"href":"https:\/\/test2023.cooltra.com\/de\/wp-json\/wp\/v2\/pages\/52528"}],"collection":[{"href":"https:\/\/test2023.cooltra.com\/de\/wp-json\/wp\/v2\/pages"}],"about":[{"href":"https:\/\/test2023.cooltra.com\/de\/wp-json\/wp\/v2\/types\/page"}],"author":[{"embeddable":true,"href":"https:\/\/test2023.cooltra.com\/de\/wp-json\/wp\/v2\/users\/20"}],"replies":[{"embeddable":true,"href":"https:\/\/test2023.cooltra.com\/de\/wp-json\/wp\/v2\/comments?post=52528"}],"version-history":[{"count":0,"href":"https:\/\/test2023.cooltra.com\/de\/wp-json\/wp\/v2\/pages\/52528\/revisions"}],"wp:attachment":[{"href":"https:\/\/test2023.cooltra.com\/de\/wp-json\/wp\/v2\/media?parent=52528"}],"curies":[{"name":"wp","href":"https:\/\/api.w.org\/{rel}","templated":true}]}}