{"id":50314,"date":"2021-11-09T12:12:29","date_gmt":"2021-11-09T11:12:29","guid":{"rendered":"https:\/\/cooltra.com\/gracias-por-tu-interes\/"},"modified":"2023-06-27T12:17:23","modified_gmt":"2023-06-27T11:17:23","slug":"vielen-dank-fur-ihr-interesse","status":"publish","type":"page","link":"https:\/\/test2023.cooltra.com\/de\/vielen-dank-fur-ihr-interesse\/","title":{"rendered":"Gracias por tu inter\u00e9s (DE)"},"content":{"rendered":"","protected":false},"excerpt":{"rendered":"","protected":false},"author":20,"featured_media":0,"parent":0,"menu_order":0,"comment_status":"closed","ping_status":"closed","template":"page-sections.blade.php","meta":{"inline_featured_image":false},"yoast_head":"<!-- This site is optimized with the Yoast SEO plugin v20.9 - https:\/\/yoast.com\/wordpress\/plugins\/seo\/ -->\n<title>Vielen Dank f\u00fcr Ihr Interesse!<\/title>\n<meta name=\"description\" content=\"Mobilit\u00e4tsl\u00f6sungen f\u00fcr Unternehmen. Mit mehr als 8 Jahren Erfahrung, Fahrzeugvermietung f\u00fcr Unternehmen oder Beh\u00f6rden.\" \/>\n<meta name=\"robots\" content=\"noindex, follow\" \/>\n<meta property=\"og:locale\" content=\"de_DE\" \/>\n<meta property=\"og:type\" content=\"article\" \/>\n<meta property=\"og:title\" content=\"Vielen Dank f\u00fcr Ihr Interesse!\" \/>\n<meta property=\"og:description\" content=\"Mobilit\u00e4tsl\u00f6sungen f\u00fcr Unternehmen. Mit mehr als 8 Jahren Erfahrung, Fahrzeugvermietung f\u00fcr Unternehmen oder Beh\u00f6rden.\" \/>\n<meta property=\"og:url\" content=\"https:\/\/test2023.cooltra.com\/de\/vielen-dank-fur-ihr-interesse\/\" \/>\n<meta property=\"og:site_name\" content=\"Cooltra\" \/>\n<meta property=\"article:publisher\" content=\"https:\/\/www.facebook.com\/CooltraMotos\/\" \/>\n<meta property=\"article:modified_time\" content=\"2023-06-27T11:17:23+00:00\" \/>\n<meta property=\"og:image\" content=\"https:\/\/cdn.cooltra.com\/uploads\/2018\/04\/cooltra-alquiler-de-motos-y-scooter-de-gasolina-y-electricas.png\" \/>\n\t<meta property=\"og:image:width\" content=\"2000\" \/>\n\t<meta property=\"og:image:height\" content=\"510\" \/>\n\t<meta property=\"og:image:type\" content=\"image\/png\" \/>\n<meta name=\"twitter:card\" content=\"summary_large_image\" \/>\n<meta name=\"twitter:site\" content=\"@cooltra\" \/>\n<script type=\"application\/ld+json\" class=\"yoast-schema-graph\">{\"@context\":\"https:\/\/schema.org\",\"@graph\":[{\"@type\":\"WebPage\",\"@id\":\"https:\/\/test2023.cooltra.com\/de\/vielen-dank-fur-ihr-interesse\/\",\"url\":\"https:\/\/test2023.cooltra.com\/de\/vielen-dank-fur-ihr-interesse\/\",\"name\":\"Vielen Dank f\u00fcr Ihr Interesse!\",\"isPartOf\":{\"@id\":\"https:\/\/test2023.cooltra.com\/es\/#website\"},\"datePublished\":\"2021-11-09T11:12:29+00:00\",\"dateModified\":\"2023-06-27T11:17:23+00:00\",\"description\":\"Mobilit\u00e4tsl\u00f6sungen f\u00fcr Unternehmen. Mit mehr als 8 Jahren Erfahrung, Fahrzeugvermietung f\u00fcr Unternehmen oder Beh\u00f6rden.\",\"inLanguage\":\"de-DE\",\"potentialAction\":[{\"@type\":\"ReadAction\",\"target\":[\"https:\/\/test2023.cooltra.com\/de\/vielen-dank-fur-ihr-interesse\/\"]}]},{\"@type\":\"WebSite\",\"@id\":\"https:\/\/test2023.cooltra.com\/es\/#website\",\"url\":\"https:\/\/test2023.cooltra.com\/es\/\",\"name\":\"Cooltra\",\"description\":\"Alquiler de motos y scooters de gasolina y el\u00e9ctricas\",\"potentialAction\":[{\"@type\":\"SearchAction\",\"target\":{\"@type\":\"EntryPoint\",\"urlTemplate\":\"https:\/\/test2023.cooltra.com\/es\/?s={search_term_string}\"},\"query-input\":\"required name=search_term_string\"}],\"inLanguage\":\"de-DE\"}]}<\/script>\n<!-- \/ Yoast SEO plugin. -->","yoast_head_json":{"title":"Vielen Dank f\u00fcr Ihr Interesse!","description":"Mobilit\u00e4tsl\u00f6sungen f\u00fcr Unternehmen. Mit mehr als 8 Jahren Erfahrung, Fahrzeugvermietung f\u00fcr Unternehmen oder Beh\u00f6rden.","robots":{"index":"noindex","follow":"follow"},"og_locale":"de_DE","og_type":"article","og_title":"Vielen Dank f\u00fcr Ihr Interesse!","og_description":"Mobilit\u00e4tsl\u00f6sungen f\u00fcr Unternehmen. Mit mehr als 8 Jahren Erfahrung, Fahrzeugvermietung f\u00fcr Unternehmen oder Beh\u00f6rden.","og_url":"https:\/\/test2023.cooltra.com\/de\/vielen-dank-fur-ihr-interesse\/","og_site_name":"Cooltra","article_publisher":"https:\/\/www.facebook.com\/CooltraMotos\/","article_modified_time":"2023-06-27T11:17:23+00:00","og_image":[{"width":2000,"height":510,"url":"https:\/\/cdn.cooltra.com\/uploads\/2018\/04\/cooltra-alquiler-de-motos-y-scooter-de-gasolina-y-electricas.png","type":"image\/png"}],"twitter_card":"summary_large_image","twitter_site":"@cooltra","schema":{"@context":"https:\/\/schema.org","@graph":[{"@type":"WebPage","@id":"https:\/\/test2023.cooltra.com\/de\/vielen-dank-fur-ihr-interesse\/","url":"https:\/\/test2023.cooltra.com\/de\/vielen-dank-fur-ihr-interesse\/","name":"Vielen Dank f\u00fcr Ihr Interesse!","isPartOf":{"@id":"https:\/\/test2023.cooltra.com\/es\/#website"},"datePublished":"2021-11-09T11:12:29+00:00","dateModified":"2023-06-27T11:17:23+00:00","description":"Mobilit\u00e4tsl\u00f6sungen f\u00fcr Unternehmen. Mit mehr als 8 Jahren Erfahrung, Fahrzeugvermietung f\u00fcr Unternehmen oder Beh\u00f6rden.","inLanguage":"de-DE","potentialAction":[{"@type":"ReadAction","target":["https:\/\/test2023.cooltra.com\/de\/vielen-dank-fur-ihr-interesse\/"]}]},{"@type":"WebSite","@id":"https:\/\/test2023.cooltra.com\/es\/#website","url":"https:\/\/test2023.cooltra.com\/es\/","name":"Cooltra","description":"Alquiler de motos y scooters de gasolina y el\u00e9ctricas","potentialAction":[{"@type":"SearchAction","target":{"@type":"EntryPoint","urlTemplate":"https:\/\/test2023.cooltra.com\/es\/?s={search_term_string}"},"query-input":"required name=search_term_string"}],"inLanguage":"de-DE"}]}},"_links":{"self":[{"href":"https:\/\/test2023.cooltra.com\/de\/wp-json\/wp\/v2\/pages\/50314"}],"collection":[{"href":"https:\/\/test2023.cooltra.com\/de\/wp-json\/wp\/v2\/pages"}],"about":[{"href":"https:\/\/test2023.cooltra.com\/de\/wp-json\/wp\/v2\/types\/page"}],"author":[{"embeddable":true,"href":"https:\/\/test2023.cooltra.com\/de\/wp-json\/wp\/v2\/users\/20"}],"replies":[{"embeddable":true,"href":"https:\/\/test2023.cooltra.com\/de\/wp-json\/wp\/v2\/comments?post=50314"}],"version-history":[{"count":0,"href":"https:\/\/test2023.cooltra.com\/de\/wp-json\/wp\/v2\/pages\/50314\/revisions"}],"wp:attachment":[{"href":"https:\/\/test2023.cooltra.com\/de\/wp-json\/wp\/v2\/media?parent=50314"}],"curies":[{"name":"wp","href":"https:\/\/api.w.org\/{rel}","templated":true}]}}