{"id":31030,"date":"2021-03-18T09:55:42","date_gmt":"2021-03-18T08:55:42","guid":{"rendered":"https:\/\/bruce.cooltra.com\/?page_id=31030"},"modified":"2023-05-03T11:32:26","modified_gmt":"2023-05-03T10:32:26","slug":"nuestra-historia","status":"publish","type":"page","link":"https:\/\/test2023.cooltra.com\/de\/unsere-geschichte\/","title":{"rendered":"Unsere Geschichte"},"content":{"rendered":"<p><span style=\"font-weight: 400;\">Cooltra wurde 2006 in Barcelona als Reaktion auf ein Bed\u00fcrfnis geboren. Als er eines Tages sein Roller in der Werkstatt stehen lie\u00df, stellte Timo B\u00fctefisch, Gesch\u00e4ftsf\u00fchrer des Unternehmens, fest, dass es tagelang keinen Verleih gab. So begann Cooltra als Gesch\u00e4ft mit 50 Mietmrollern und wurde im Laufe der Zeit und Beharrlichkeit zu einem Unternehmen, dem sowohl Privatpersonen als auch Unternehmen und \u00f6ffentliche Verwaltungen vertrauen.<\/span><\/p>\n<p>&nbsp;<\/p>\n<p><span style=\"font-weight: 400;\">In all diesen Jahren hat Cooltra verschiedene Gesch\u00e4ftszweige gef\u00f6rdert. Cooltra-Sharing, das gr\u00f6\u00dfte Bikesharing in Europa, mit Pr\u00e4senz in 9 St\u00e4dten (Barcelona, \u200b\u200b\u200b\u200bMadrid, Valencia, Sevilla, Rom, Mailand, Turin, Lissabon und Paris), das 2020 den Shared-Bike-Service in Barcelona umfasst.<\/span><\/p>\n<p>&nbsp;<\/p>\n<p><span style=\"font-weight: 400;\">Grupo Cooltra verf\u00fcgt in seinen zwei Gesch\u00e4ftsbereichen \u00fcber eine Flotte von 20.000 Roller \u2013 von denen 75 % bereits elektrisch sind \u2013 mehr als 600 Elektrofahrr\u00e4der und 400 Fachleute in 7 L\u00e4ndern, die t\u00e4glich daran arbeiten, den besten Service zu bieten, unabh\u00e4ngig von den Anforderungen der Kunden.<\/span><\/p>\n","protected":false},"excerpt":{"rendered":"<p>Cooltra wurde 2006 in Barcelona als Reaktion auf ein Bed\u00fcrfnis geboren. Als er eines Tages sein Roller in der Werkstatt stehen lie\u00df, stellte Timo B\u00fctefisch, Gesch\u00e4ftsf\u00fchrer des Unternehmens, fest, dass es tagelang keinen Verleih gab. So begann Cooltra als Gesch\u00e4ft mit 50 Mietmrollern und wurde im Laufe der Zeit und Beharrlichkeit zu einem Unternehmen, dem [&hellip;]<\/p>\n","protected":false},"author":20,"featured_media":0,"parent":0,"menu_order":0,"comment_status":"closed","ping_status":"closed","template":"page-img.php","meta":{"inline_featured_image":false},"yoast_head":"<!-- This site is optimized with the Yoast SEO plugin v20.9 - https:\/\/yoast.com\/wordpress\/plugins\/seo\/ -->\n<title>Unsere Geschichte - Cooltra<\/title>\n<meta name=\"robots\" content=\"noindex, follow\" \/>\n<meta property=\"og:locale\" content=\"de_DE\" \/>\n<meta property=\"og:type\" content=\"article\" \/>\n<meta property=\"og:title\" content=\"Unsere Geschichte - Cooltra\" \/>\n<meta property=\"og:description\" content=\"Cooltra wurde 2006 in Barcelona als Reaktion auf ein Bed\u00fcrfnis geboren. Als er eines Tages sein Roller in der Werkstatt stehen lie\u00df, stellte Timo B\u00fctefisch, Gesch\u00e4ftsf\u00fchrer des Unternehmens, fest, dass es tagelang keinen Verleih gab. So begann Cooltra als Gesch\u00e4ft mit 50 Mietmrollern und wurde im Laufe der Zeit und Beharrlichkeit zu einem Unternehmen, dem [&hellip;]\" \/>\n<meta property=\"og:url\" content=\"https:\/\/test2023.cooltra.com\/de\/unsere-geschichte\/\" \/>\n<meta property=\"og:site_name\" content=\"Cooltra\" \/>\n<meta property=\"article:publisher\" content=\"https:\/\/www.facebook.com\/CooltraMotos\/\" \/>\n<meta property=\"article:modified_time\" content=\"2023-05-03T10:32:26+00:00\" \/>\n<meta property=\"og:image\" content=\"https:\/\/cdn.cooltra.com\/uploads\/2018\/04\/cooltra-alquiler-de-motos-y-scooter-de-gasolina-y-electricas.png\" \/>\n\t<meta property=\"og:image:width\" content=\"2000\" \/>\n\t<meta property=\"og:image:height\" content=\"510\" \/>\n\t<meta property=\"og:image:type\" content=\"image\/png\" \/>\n<meta name=\"twitter:card\" content=\"summary_large_image\" \/>\n<meta name=\"twitter:site\" content=\"@cooltra\" \/>\n<meta name=\"twitter:label1\" content=\"Gesch\u00e4tzte Lesezeit\" \/>\n\t<meta name=\"twitter:data1\" content=\"1 Minute\" \/>\n<script type=\"application\/ld+json\" class=\"yoast-schema-graph\">{\"@context\":\"https:\/\/schema.org\",\"@graph\":[{\"@type\":\"WebPage\",\"@id\":\"https:\/\/test2023.cooltra.com\/de\/unsere-geschichte\/\",\"url\":\"https:\/\/test2023.cooltra.com\/de\/unsere-geschichte\/\",\"name\":\"Unsere Geschichte - Cooltra\",\"isPartOf\":{\"@id\":\"https:\/\/test2023.cooltra.com\/es\/#website\"},\"datePublished\":\"2021-03-18T08:55:42+00:00\",\"dateModified\":\"2023-05-03T10:32:26+00:00\",\"inLanguage\":\"de-DE\",\"potentialAction\":[{\"@type\":\"ReadAction\",\"target\":[\"https:\/\/test2023.cooltra.com\/de\/unsere-geschichte\/\"]}]},{\"@type\":\"WebSite\",\"@id\":\"https:\/\/test2023.cooltra.com\/es\/#website\",\"url\":\"https:\/\/test2023.cooltra.com\/es\/\",\"name\":\"Cooltra\",\"description\":\"Alquiler de motos y scooters de gasolina y el\u00e9ctricas\",\"potentialAction\":[{\"@type\":\"SearchAction\",\"target\":{\"@type\":\"EntryPoint\",\"urlTemplate\":\"https:\/\/test2023.cooltra.com\/es\/?s={search_term_string}\"},\"query-input\":\"required name=search_term_string\"}],\"inLanguage\":\"de-DE\"}]}<\/script>\n<!-- \/ Yoast SEO plugin. -->","yoast_head_json":{"title":"Unsere Geschichte - Cooltra","robots":{"index":"noindex","follow":"follow"},"og_locale":"de_DE","og_type":"article","og_title":"Unsere Geschichte - Cooltra","og_description":"Cooltra wurde 2006 in Barcelona als Reaktion auf ein Bed\u00fcrfnis geboren. Als er eines Tages sein Roller in der Werkstatt stehen lie\u00df, stellte Timo B\u00fctefisch, Gesch\u00e4ftsf\u00fchrer des Unternehmens, fest, dass es tagelang keinen Verleih gab. So begann Cooltra als Gesch\u00e4ft mit 50 Mietmrollern und wurde im Laufe der Zeit und Beharrlichkeit zu einem Unternehmen, dem [&hellip;]","og_url":"https:\/\/test2023.cooltra.com\/de\/unsere-geschichte\/","og_site_name":"Cooltra","article_publisher":"https:\/\/www.facebook.com\/CooltraMotos\/","article_modified_time":"2023-05-03T10:32:26+00:00","og_image":[{"width":2000,"height":510,"url":"https:\/\/cdn.cooltra.com\/uploads\/2018\/04\/cooltra-alquiler-de-motos-y-scooter-de-gasolina-y-electricas.png","type":"image\/png"}],"twitter_card":"summary_large_image","twitter_site":"@cooltra","twitter_misc":{"Gesch\u00e4tzte Lesezeit":"1 Minute"},"schema":{"@context":"https:\/\/schema.org","@graph":[{"@type":"WebPage","@id":"https:\/\/test2023.cooltra.com\/de\/unsere-geschichte\/","url":"https:\/\/test2023.cooltra.com\/de\/unsere-geschichte\/","name":"Unsere Geschichte - Cooltra","isPartOf":{"@id":"https:\/\/test2023.cooltra.com\/es\/#website"},"datePublished":"2021-03-18T08:55:42+00:00","dateModified":"2023-05-03T10:32:26+00:00","inLanguage":"de-DE","potentialAction":[{"@type":"ReadAction","target":["https:\/\/test2023.cooltra.com\/de\/unsere-geschichte\/"]}]},{"@type":"WebSite","@id":"https:\/\/test2023.cooltra.com\/es\/#website","url":"https:\/\/test2023.cooltra.com\/es\/","name":"Cooltra","description":"Alquiler de motos y scooters de gasolina y el\u00e9ctricas","potentialAction":[{"@type":"SearchAction","target":{"@type":"EntryPoint","urlTemplate":"https:\/\/test2023.cooltra.com\/es\/?s={search_term_string}"},"query-input":"required name=search_term_string"}],"inLanguage":"de-DE"}]}},"_links":{"self":[{"href":"https:\/\/test2023.cooltra.com\/de\/wp-json\/wp\/v2\/pages\/31030"}],"collection":[{"href":"https:\/\/test2023.cooltra.com\/de\/wp-json\/wp\/v2\/pages"}],"about":[{"href":"https:\/\/test2023.cooltra.com\/de\/wp-json\/wp\/v2\/types\/page"}],"author":[{"embeddable":true,"href":"https:\/\/test2023.cooltra.com\/de\/wp-json\/wp\/v2\/users\/20"}],"replies":[{"embeddable":true,"href":"https:\/\/test2023.cooltra.com\/de\/wp-json\/wp\/v2\/comments?post=31030"}],"version-history":[{"count":0,"href":"https:\/\/test2023.cooltra.com\/de\/wp-json\/wp\/v2\/pages\/31030\/revisions"}],"wp:attachment":[{"href":"https:\/\/test2023.cooltra.com\/de\/wp-json\/wp\/v2\/media?parent=31030"}],"curies":[{"name":"wp","href":"https:\/\/api.w.org\/{rel}","templated":true}]}}