{"id":23452,"date":"2020-11-09T15:06:30","date_gmt":"2020-11-09T14:06:30","guid":{"rendered":"https:\/\/frankie.cooltra.com\/motos-empresas\/"},"modified":"2023-05-03T10:10:43","modified_gmt":"2023-05-03T09:10:43","slug":"rollervermietung-unternehmen","status":"publish","type":"page","link":"https:\/\/test2023.cooltra.com\/de\/rollervermietung-unternehmen\/","title":{"rendered":"F\u00fcr Unternehmen"},"content":{"rendered":"","protected":false},"excerpt":{"rendered":"","protected":false},"author":20,"featured_media":0,"parent":0,"menu_order":0,"comment_status":"closed","ping_status":"closed","template":"page-home-2020.php","meta":{"inline_featured_image":false},"yoast_head":"<!-- This site is optimized with the Yoast SEO plugin v20.9 - https:\/\/yoast.com\/wordpress\/plugins\/seo\/ -->\n<title>Rollervermietung f\u00fcr Unternehmen und Selbstst\u00e4ndige - Cooltra<\/title>\n<meta name=\"description\" content=\"Mit mehr als 10 Jahren Erfahrung in der Rollervermietung bieten wir verschiedene Mobilit\u00e4tsl\u00f6sungen f\u00fcr Ihr Unternehmen und Ihre Mitarbeiter. Wir bieten Ihnen eine gro\u00dfe Auswahl an langfristigen Roller-Mietoptionen und Fuhrparks f\u00fcr Freiberufler.\" \/>\n<meta name=\"robots\" content=\"noindex, follow\" \/>\n<meta property=\"og:locale\" content=\"de_DE\" \/>\n<meta property=\"og:type\" content=\"article\" \/>\n<meta property=\"og:title\" content=\"Rollervermietung f\u00fcr Unternehmen und Selbstst\u00e4ndige - Cooltra\" \/>\n<meta property=\"og:description\" content=\"Mit mehr als 10 Jahren Erfahrung in der Rollervermietung bieten wir verschiedene Mobilit\u00e4tsl\u00f6sungen f\u00fcr Ihr Unternehmen und Ihre Mitarbeiter. Wir bieten Ihnen eine gro\u00dfe Auswahl an langfristigen Roller-Mietoptionen und Fuhrparks f\u00fcr Freiberufler.\" \/>\n<meta property=\"og:url\" content=\"https:\/\/test2023.cooltra.com\/de\/rollervermietung-unternehmen\/\" \/>\n<meta property=\"og:site_name\" content=\"Cooltra\" \/>\n<meta property=\"article:publisher\" content=\"https:\/\/www.facebook.com\/CooltraMotos\/\" \/>\n<meta property=\"article:modified_time\" content=\"2023-05-03T09:10:43+00:00\" \/>\n<meta property=\"og:image\" content=\"https:\/\/cdn.cooltra.com\/uploads\/2018\/04\/cooltra-alquiler-de-motos-y-scooter-de-gasolina-y-electricas.png\" \/>\n\t<meta property=\"og:image:width\" content=\"2000\" \/>\n\t<meta property=\"og:image:height\" content=\"510\" \/>\n\t<meta property=\"og:image:type\" content=\"image\/png\" \/>\n<meta name=\"twitter:card\" content=\"summary_large_image\" \/>\n<meta name=\"twitter:site\" content=\"@cooltra\" \/>\n<script type=\"application\/ld+json\" class=\"yoast-schema-graph\">{\"@context\":\"https:\/\/schema.org\",\"@graph\":[{\"@type\":\"WebPage\",\"@id\":\"https:\/\/test2023.cooltra.com\/de\/rollervermietung-unternehmen\/\",\"url\":\"https:\/\/test2023.cooltra.com\/de\/rollervermietung-unternehmen\/\",\"name\":\"Rollervermietung f\u00fcr Unternehmen und Selbstst\u00e4ndige - Cooltra\",\"isPartOf\":{\"@id\":\"https:\/\/test2023.cooltra.com\/es\/#website\"},\"datePublished\":\"2020-11-09T14:06:30+00:00\",\"dateModified\":\"2023-05-03T09:10:43+00:00\",\"description\":\"Mit mehr als 10 Jahren Erfahrung in der Rollervermietung bieten wir verschiedene Mobilit\u00e4tsl\u00f6sungen f\u00fcr Ihr Unternehmen und Ihre Mitarbeiter. Wir bieten Ihnen eine gro\u00dfe Auswahl an langfristigen Roller-Mietoptionen und Fuhrparks f\u00fcr Freiberufler.\",\"inLanguage\":\"de-DE\",\"potentialAction\":[{\"@type\":\"ReadAction\",\"target\":[\"https:\/\/test2023.cooltra.com\/de\/rollervermietung-unternehmen\/\"]}]},{\"@type\":\"WebSite\",\"@id\":\"https:\/\/test2023.cooltra.com\/es\/#website\",\"url\":\"https:\/\/test2023.cooltra.com\/es\/\",\"name\":\"Cooltra\",\"description\":\"Alquiler de motos y scooters de gasolina y el\u00e9ctricas\",\"potentialAction\":[{\"@type\":\"SearchAction\",\"target\":{\"@type\":\"EntryPoint\",\"urlTemplate\":\"https:\/\/test2023.cooltra.com\/es\/?s={search_term_string}\"},\"query-input\":\"required name=search_term_string\"}],\"inLanguage\":\"de-DE\"}]}<\/script>\n<!-- \/ Yoast SEO plugin. -->","yoast_head_json":{"title":"Rollervermietung f\u00fcr Unternehmen und Selbstst\u00e4ndige - Cooltra","description":"Mit mehr als 10 Jahren Erfahrung in der Rollervermietung bieten wir verschiedene Mobilit\u00e4tsl\u00f6sungen f\u00fcr Ihr Unternehmen und Ihre Mitarbeiter. Wir bieten Ihnen eine gro\u00dfe Auswahl an langfristigen Roller-Mietoptionen und Fuhrparks f\u00fcr Freiberufler.","robots":{"index":"noindex","follow":"follow"},"og_locale":"de_DE","og_type":"article","og_title":"Rollervermietung f\u00fcr Unternehmen und Selbstst\u00e4ndige - Cooltra","og_description":"Mit mehr als 10 Jahren Erfahrung in der Rollervermietung bieten wir verschiedene Mobilit\u00e4tsl\u00f6sungen f\u00fcr Ihr Unternehmen und Ihre Mitarbeiter. Wir bieten Ihnen eine gro\u00dfe Auswahl an langfristigen Roller-Mietoptionen und Fuhrparks f\u00fcr Freiberufler.","og_url":"https:\/\/test2023.cooltra.com\/de\/rollervermietung-unternehmen\/","og_site_name":"Cooltra","article_publisher":"https:\/\/www.facebook.com\/CooltraMotos\/","article_modified_time":"2023-05-03T09:10:43+00:00","og_image":[{"width":2000,"height":510,"url":"https:\/\/cdn.cooltra.com\/uploads\/2018\/04\/cooltra-alquiler-de-motos-y-scooter-de-gasolina-y-electricas.png","type":"image\/png"}],"twitter_card":"summary_large_image","twitter_site":"@cooltra","schema":{"@context":"https:\/\/schema.org","@graph":[{"@type":"WebPage","@id":"https:\/\/test2023.cooltra.com\/de\/rollervermietung-unternehmen\/","url":"https:\/\/test2023.cooltra.com\/de\/rollervermietung-unternehmen\/","name":"Rollervermietung f\u00fcr Unternehmen und Selbstst\u00e4ndige - Cooltra","isPartOf":{"@id":"https:\/\/test2023.cooltra.com\/es\/#website"},"datePublished":"2020-11-09T14:06:30+00:00","dateModified":"2023-05-03T09:10:43+00:00","description":"Mit mehr als 10 Jahren Erfahrung in der Rollervermietung bieten wir verschiedene Mobilit\u00e4tsl\u00f6sungen f\u00fcr Ihr Unternehmen und Ihre Mitarbeiter. Wir bieten Ihnen eine gro\u00dfe Auswahl an langfristigen Roller-Mietoptionen und Fuhrparks f\u00fcr Freiberufler.","inLanguage":"de-DE","potentialAction":[{"@type":"ReadAction","target":["https:\/\/test2023.cooltra.com\/de\/rollervermietung-unternehmen\/"]}]},{"@type":"WebSite","@id":"https:\/\/test2023.cooltra.com\/es\/#website","url":"https:\/\/test2023.cooltra.com\/es\/","name":"Cooltra","description":"Alquiler de motos y scooters de gasolina y el\u00e9ctricas","potentialAction":[{"@type":"SearchAction","target":{"@type":"EntryPoint","urlTemplate":"https:\/\/test2023.cooltra.com\/es\/?s={search_term_string}"},"query-input":"required name=search_term_string"}],"inLanguage":"de-DE"}]}},"_links":{"self":[{"href":"https:\/\/test2023.cooltra.com\/de\/wp-json\/wp\/v2\/pages\/23452"}],"collection":[{"href":"https:\/\/test2023.cooltra.com\/de\/wp-json\/wp\/v2\/pages"}],"about":[{"href":"https:\/\/test2023.cooltra.com\/de\/wp-json\/wp\/v2\/types\/page"}],"author":[{"embeddable":true,"href":"https:\/\/test2023.cooltra.com\/de\/wp-json\/wp\/v2\/users\/20"}],"replies":[{"embeddable":true,"href":"https:\/\/test2023.cooltra.com\/de\/wp-json\/wp\/v2\/comments?post=23452"}],"version-history":[{"count":0,"href":"https:\/\/test2023.cooltra.com\/de\/wp-json\/wp\/v2\/pages\/23452\/revisions"}],"wp:attachment":[{"href":"https:\/\/test2023.cooltra.com\/de\/wp-json\/wp\/v2\/media?parent=23452"}],"curies":[{"name":"wp","href":"https:\/\/api.w.org\/{rel}","templated":true}]}}