{"id":11894,"date":"2018-03-13T08:51:32","date_gmt":"2018-03-13T08:51:32","guid":{"rendered":"https:\/\/frankie.cooltra.com\/condiciones-generales\/"},"modified":"2023-05-31T12:44:50","modified_gmt":"2023-05-31T11:44:50","slug":"mietbedingungen-2","status":"publish","type":"page","link":"https:\/\/test2023.cooltra.com\/de\/mietbedingungen\/","title":{"rendered":"Mietbedingungen"},"content":{"rendered":"<div>Die Mindestanforderungen f\u00fcr unsere Standorte in Spanien, Italien, Frankreich und Portugal sind in der folgenden Tabelle aufgef\u00fchrt. Die genannten Kategorien stimmen mit den offiziellen europ\u00e4ischen F\u00fchrerscheinklassen \u00fcberein.<\/div>\n<table border=\"1\" cellspacing=\"0\" cellpadding=\"0\">\n<tbody>\n<tr>\n<td><\/td>\n<td><strong>50 ccm Roller<\/strong><\/td>\n<td><strong>125 ccm Roller<\/strong><\/td>\n<td><strong>3-Radroller<\/strong><\/td>\n<td><strong>400 ccm Roller<\/strong><\/td>\n<td><strong>+ 400 ccm Roller<\/strong><\/td>\n<td><strong>QUAD<\/strong><\/td>\n<\/tr>\n<tr>\n<td>Spanien*<\/td>\n<td>Min. 18 Jahre, B-AM F\u00fchrerschein, B (mehr als 1 Jahr Erfahrung)<\/td>\n<td>Min. 18 Jahre, A1-A oder Min 21 Jahre und 3 Jahre Fahrerfahrung mit B<\/td>\n<td>Min. 18 Jahre, A1-A oder 3+ Jahre Fahrerfahrung mit B<\/td>\n<td>Min. 18 Jahre und A oder A2 F\u00fchrerschein<\/td>\n<td>Min. 21 Jahre und A F\u00fchrerschein<\/td>\n<td>Min. 21 Jahre alt, 3+ Jahre Fahrerfahrung mit B<\/td>\n<\/tr>\n<tr>\n<td>Italien<\/td>\n<td>Min. 18 Jahre, B-AM F\u00fchrerschein<\/td>\n<td>Min. 18 Jahre, A1 (max 11KW), A2 (max 35KW), A oder B (max 11KW) F\u00fchrerschein<\/td>\n<td>Min. 18 Jahre, A1-A oder 3+ Jahre Fahrerfahrung mit B<\/td>\n<td>Min. 21 Jahre und A oder A2 F\u00fchrerschein<\/td>\n<td>Min. 21 Jahre und A F\u00fchrerschein<\/td>\n<td>&#8211;<\/td>\n<\/tr>\n<tr>\n<td>Frankreich<\/td>\n<td>Min. 18 Jahre, B-AM F\u00fchrerschein<\/td>\n<td>Min. 20 Jahre und A F\u00fchrerschein<\/td>\n<td>Min. 20 Jahre und A F\u00fchrerschein<\/td>\n<td>Min. 20 Jahre und A F\u00fchrerschein<\/td>\n<td>Min. 21 Jahre und A\u00a0F\u00fchrerschein<\/td>\n<td>&#8211;<\/td>\n<\/tr>\n<tr>\n<td>Portugal<\/td>\n<td>Min. 18 Jahre, B-AM F\u00fchrerschein<\/td>\n<td>A1-A F\u00fchrerschein oder 25+ Jahre alt + B<\/td>\n<td>A1-A F\u00fchrerschein oder 25+ Jahre alt + B<\/td>\n<td>A oder A2 F\u00fchrerschein<\/td>\n<td>Min. 21 Jahre und A\u00a0F\u00fchrerschein<\/td>\n<td>&#8211;<\/td>\n<\/tr>\n<\/tbody>\n<\/table>\n<div><\/div>\n<div><em><span style=\"font-weight: 400;\">* Hinweis: Wenn dein F\u00fchrerschein nicht aus einem Land der Europ\u00e4ischen Wirtschaftsunion stammt oder aus einem Land stammt, das keine Vereinbarung mit Spanien (oder einem anderen Land, in dem Cooltra vertreten ist) hat, ben\u00f6tigst du eine internationale Fahrerlaubnis (IDP). Ebenso gelten f\u00fcr die g\u00fcltigen Dokumente das Recht des Landes, in dem du f\u00e4hrst, und nicht das Land, in dem das Dokument ausgestellt wurde.<\/span><\/em><\/div>\n<div><\/div>\n<div>Wenn Sie sich entschlossen haben, einen Roller bei uns zu mieten, denken Sie bitte an die <strong>Kaution in H\u00f6he<\/strong> von 150\u20ac (Roller Standard), 300\u20ac (Roller Plus), 750\u20ac (Roller Premium) oder 1500\u20ac (Roller Super Premium). Diese muss per Kreditkarte bezahlt werden. Selbstverst\u00e4ndlich wird Ihnen der Betrag am Ende der Mietzeit zur\u00fcckgegeben.<\/div>\n<div><\/div>\n<div>Alle unsere\u00a0<strong>Scooter werden Ihnen inklusive Helm, Haftpflichtversicherung mit Selbstbeteiligung zwischen 600\u20ac und 4000\u20ac (abh\u00e4ngig vom Rollertyp) und Pannenservice <\/strong><strong>zur Verf\u00fcgung gestellt<\/strong>. Sie k\u00f6nnen zus\u00e4tzlich einen zweiten Helm, eine Zusatzversicherung oder eine Hotelanlieferung buchen.<\/div>\n<div><\/div>\n<div>Unsere <strong>Stornierungsbedingungen<\/strong> lauten wie folgt:<\/div>\n<div>\n<ul style=\"list-style-type: disc;\">\n<li>Wenn die Stornierung in mehr als 48 Stunden im voraus get\u00e4tigt wird, werden 100% des bezahlten Betrags zur\u00fcckerstattet.<\/li>\n<li>Stornierungen mit einer K\u00fcndigungsfrist von weniger als 48 Stunden werden nicht akzeptiert.<\/li>\n<li>Wenn die Stornierung ohne Ank\u00fcndigung gemacht wird, wird der Vermieter den bezahlten Betrag nicht zur\u00fcckerstatten.<\/li>\n<li>Cooltra ist nicht f\u00fcr die Wetterbedingungen verantwortlich.<\/li>\n<li>Cooltra garantiert nicht die Lieferung von Quads oder Premium-Scootern f\u00fcr Reservierungen, die 1 Stunde im Voraus vorgenommen werden.<\/li>\n<\/ul>\n<\/div>\n<p>&nbsp;<\/p>\n<h2>ALLGEMEINE MIETKONDITIONEN<\/h2>\n<p>Sie k\u00f6nnen die allgemeinen Mietbedingungen als PDF herunterladen:<\/p>\n<div>\n<p>&nbsp;<\/p>\n<p><strong>SPAIN<\/strong><\/p>\n<\/div>\n<div>\n<ul style=\"list-style-type: disc;\">\n<li>GENERAL RENTAL CONDITIONS &#8211; SPAIN (<a href=\"https:\/\/cdn.cooltra.com\/uploads\/2019\/04\/cooltra_general_rental_conditions_en-es.pdf\" target=\"_blank\" rel=\"noopener\">pdf<\/a>)<\/li>\n<\/ul>\n<p><strong>ITALY<\/strong><\/p>\n<ul style=\"list-style-type: disc;\">\n<li>GENERAL RENTAL CONDITIONS &#8211; ITALY (<a href=\"https:\/\/cdn.cooltra.com\/uploads\/2019\/04\/cooltra_general_rental_conditions_en-it.pdf\" target=\"_blank\" rel=\"noopener\">pdf)<\/a><\/li>\n<li>CONDIZIONI GENERALI DI NOLEGGIO &#8211; Cooltra Partner Napoli (<a href=\"https:\/\/cdn.cooltra.com\/uploads\/2023\/05\/TC-GIORNALIERO_MENSILE-1.pdf\">pdf<\/a>)<\/li>\n<li>CONDIZIONI GENERALI DI NOLEGGIO &#8211; Cooltra Partner Vieste (<a href=\"https:\/\/cdn.cooltra.com\/uploads\/2023\/05\/TC-GIORNALIERO-Vieste-1.pdf\">pdf<\/a>)<\/li>\n<li>CONDIZIONI GENERALI DI NOLEGGIO &#8211; Cooltra Partner Salerno (<a href=\"https:\/\/cdn.cooltra.com\/uploads\/2023\/05\/termini-e-condizioni-COOLTRA.pdf\">pdf<\/a>)<\/li>\n<\/ul>\n<p><strong>FRANCE<\/strong><\/p>\n<ul style=\"list-style-type: disc;\">\n<li>GENERAL RENTAL CONDITIONS &#8211; FRANCE (<a href=\"https:\/\/cdn.cooltra.com\/uploads\/2019\/04\/cooltra_general_rental_conditions_en-fr.pdf\" target=\"_blank\" rel=\"noopener\">pdf<\/a>)<\/li>\n<\/ul>\n<p><strong>PORTUGAL<\/strong><\/p>\n<ul style=\"list-style-type: disc;\">\n<li>GENERAL RENTAL CONDITIONS &#8211; PORTUGAL (<a href=\"https:\/\/cdn.cooltra.com\/uploads\/2019\/04\/cooltra_general_rental_conditions_en-pt.pdf\" target=\"_blank\" rel=\"noopener\">pdf<\/a>)<\/li>\n<\/ul>\n<\/div>\n<div><\/div>\n","protected":false},"excerpt":{"rendered":"<p>Die Mindestanforderungen f\u00fcr unsere Standorte in Spanien, Italien, Frankreich und Portugal sind in der folgenden Tabelle aufgef\u00fchrt. Die genannten Kategorien stimmen mit den offiziellen europ\u00e4ischen F\u00fchrerscheinklassen \u00fcberein. 50 ccm Roller 125 ccm Roller 3-Radroller 400 ccm Roller + 400 ccm Roller QUAD Spanien* Min. 18 Jahre, B-AM F\u00fchrerschein, B (mehr als 1 Jahr Erfahrung) Min. [&hellip;]<\/p>\n","protected":false},"author":1,"featured_media":0,"parent":0,"menu_order":0,"comment_status":"closed","ping_status":"closed","template":"","meta":{"inline_featured_image":false},"yoast_head":"<!-- This site is optimized with the Yoast SEO plugin v20.9 - https:\/\/yoast.com\/wordpress\/plugins\/seo\/ -->\n<title>Mietbedingungen | Cooltra.com<\/title>\n<meta name=\"description\" content=\"Mietbedingungen | Cooltra.com\" \/>\n<meta name=\"robots\" content=\"noindex, follow\" \/>\n<meta property=\"og:locale\" content=\"de_DE\" \/>\n<meta property=\"og:type\" content=\"article\" \/>\n<meta property=\"og:title\" content=\"Mietbedingungen | Cooltra.com\" \/>\n<meta property=\"og:description\" content=\"Mietbedingungen | Cooltra.com\" \/>\n<meta property=\"og:url\" content=\"https:\/\/test2023.cooltra.com\/de\/mietbedingungen\/\" \/>\n<meta property=\"og:site_name\" content=\"Cooltra\" \/>\n<meta property=\"article:publisher\" content=\"https:\/\/www.facebook.com\/CooltraMotos\/\" \/>\n<meta property=\"article:modified_time\" content=\"2023-05-31T11:44:50+00:00\" \/>\n<meta property=\"og:image\" content=\"https:\/\/cdn.cooltra.com\/uploads\/2018\/04\/cooltra-alquiler-de-motos-y-scooter-de-gasolina-y-electricas.png\" \/>\n\t<meta property=\"og:image:width\" content=\"2000\" \/>\n\t<meta property=\"og:image:height\" content=\"510\" \/>\n\t<meta property=\"og:image:type\" content=\"image\/png\" \/>\n<meta name=\"twitter:card\" content=\"summary_large_image\" \/>\n<meta name=\"twitter:site\" content=\"@cooltra\" \/>\n<meta name=\"twitter:label1\" content=\"Gesch\u00e4tzte Lesezeit\" \/>\n\t<meta name=\"twitter:data1\" content=\"3 Minuten\" \/>\n<script type=\"application\/ld+json\" class=\"yoast-schema-graph\">{\"@context\":\"https:\/\/schema.org\",\"@graph\":[{\"@type\":\"WebPage\",\"@id\":\"https:\/\/test2023.cooltra.com\/de\/mietbedingungen\/\",\"url\":\"https:\/\/test2023.cooltra.com\/de\/mietbedingungen\/\",\"name\":\"Mietbedingungen | Cooltra.com\",\"isPartOf\":{\"@id\":\"https:\/\/test2023.cooltra.com\/es\/#website\"},\"datePublished\":\"2018-03-13T08:51:32+00:00\",\"dateModified\":\"2023-05-31T11:44:50+00:00\",\"description\":\"Mietbedingungen | Cooltra.com\",\"inLanguage\":\"de-DE\",\"potentialAction\":[{\"@type\":\"ReadAction\",\"target\":[\"https:\/\/test2023.cooltra.com\/de\/mietbedingungen\/\"]}]},{\"@type\":\"WebSite\",\"@id\":\"https:\/\/test2023.cooltra.com\/es\/#website\",\"url\":\"https:\/\/test2023.cooltra.com\/es\/\",\"name\":\"Cooltra\",\"description\":\"Alquiler de motos y scooters de gasolina y el\u00e9ctricas\",\"potentialAction\":[{\"@type\":\"SearchAction\",\"target\":{\"@type\":\"EntryPoint\",\"urlTemplate\":\"https:\/\/test2023.cooltra.com\/es\/?s={search_term_string}\"},\"query-input\":\"required name=search_term_string\"}],\"inLanguage\":\"de-DE\"}]}<\/script>\n<!-- \/ Yoast SEO plugin. -->","yoast_head_json":{"title":"Mietbedingungen | Cooltra.com","description":"Mietbedingungen | Cooltra.com","robots":{"index":"noindex","follow":"follow"},"og_locale":"de_DE","og_type":"article","og_title":"Mietbedingungen | Cooltra.com","og_description":"Mietbedingungen | Cooltra.com","og_url":"https:\/\/test2023.cooltra.com\/de\/mietbedingungen\/","og_site_name":"Cooltra","article_publisher":"https:\/\/www.facebook.com\/CooltraMotos\/","article_modified_time":"2023-05-31T11:44:50+00:00","og_image":[{"width":2000,"height":510,"url":"https:\/\/cdn.cooltra.com\/uploads\/2018\/04\/cooltra-alquiler-de-motos-y-scooter-de-gasolina-y-electricas.png","type":"image\/png"}],"twitter_card":"summary_large_image","twitter_site":"@cooltra","twitter_misc":{"Gesch\u00e4tzte Lesezeit":"3 Minuten"},"schema":{"@context":"https:\/\/schema.org","@graph":[{"@type":"WebPage","@id":"https:\/\/test2023.cooltra.com\/de\/mietbedingungen\/","url":"https:\/\/test2023.cooltra.com\/de\/mietbedingungen\/","name":"Mietbedingungen | Cooltra.com","isPartOf":{"@id":"https:\/\/test2023.cooltra.com\/es\/#website"},"datePublished":"2018-03-13T08:51:32+00:00","dateModified":"2023-05-31T11:44:50+00:00","description":"Mietbedingungen | Cooltra.com","inLanguage":"de-DE","potentialAction":[{"@type":"ReadAction","target":["https:\/\/test2023.cooltra.com\/de\/mietbedingungen\/"]}]},{"@type":"WebSite","@id":"https:\/\/test2023.cooltra.com\/es\/#website","url":"https:\/\/test2023.cooltra.com\/es\/","name":"Cooltra","description":"Alquiler de motos y scooters de gasolina y el\u00e9ctricas","potentialAction":[{"@type":"SearchAction","target":{"@type":"EntryPoint","urlTemplate":"https:\/\/test2023.cooltra.com\/es\/?s={search_term_string}"},"query-input":"required name=search_term_string"}],"inLanguage":"de-DE"}]}},"_links":{"self":[{"href":"https:\/\/test2023.cooltra.com\/de\/wp-json\/wp\/v2\/pages\/11894"}],"collection":[{"href":"https:\/\/test2023.cooltra.com\/de\/wp-json\/wp\/v2\/pages"}],"about":[{"href":"https:\/\/test2023.cooltra.com\/de\/wp-json\/wp\/v2\/types\/page"}],"author":[{"embeddable":true,"href":"https:\/\/test2023.cooltra.com\/de\/wp-json\/wp\/v2\/users\/1"}],"replies":[{"embeddable":true,"href":"https:\/\/test2023.cooltra.com\/de\/wp-json\/wp\/v2\/comments?post=11894"}],"version-history":[{"count":0,"href":"https:\/\/test2023.cooltra.com\/de\/wp-json\/wp\/v2\/pages\/11894\/revisions"}],"wp:attachment":[{"href":"https:\/\/test2023.cooltra.com\/de\/wp-json\/wp\/v2\/media?parent=11894"}],"curies":[{"name":"wp","href":"https:\/\/api.w.org\/{rel}","templated":true}]}}